{"id":1049,"date":"2017-07-04T18:51:02","date_gmt":"2017-07-04T18:51:02","guid":{"rendered":"http:\/\/www2.unsa.edu.pe\/escuelas\/ingalimentarias\/?page_id=1049"},"modified":"2019-07-05T10:09:27","modified_gmt":"2019-07-05T15:09:27","slug":"presentacion","status":"publish","type":"page","link":"https:\/\/fip.unsa.edu.pe\/ingalimentarias\/presentacion\/","title":{"rendered":"Presentaci\u00f3n"},"content":{"rendered":"<p>La Industria Alimentaria organiza y eval\u00faa empresas alimentarias, mediante los conocimientos de ciencia y tecnolog\u00eda de alimentos, asegurando en ello pr\u00e1cticas de calidad, inocuidad y productividad. Dirige de manera integral el trabajo cooperativo y la orientaci\u00f3n al logro. Crea, desarrolla e implementa iniciativas de emprendimiento empresarial, buscando optimizar los procesos, productos y servicios, y potenciar los recursos del entorno, teniendo en cuenta el compromiso con la conservaci\u00f3n del medio ambiente y la responsabilidad social. La acreditaci\u00f3n ser\u00e1 un instrumento que nos permita evaluar si se cumplen el modelo educativo de calidad, los objetivos acad\u00e9micos, las investigaci\u00f3n, los sistemas de gesti\u00f3n para mejorar la calidad formativa, seg\u00fan los est\u00e1ndares naciones e internacionales; procesos que se desarrollan con la participaci\u00f3n de Autoridades, Docentes, Alumnos Egresados y Administrativos, donde las estrategias, acciones, tienen como objetivo, el cumplimiento de los indicadores establecidos, as\u00ed como la mejora de estos.<\/p>\n<p>El programa de Ingenier\u00eda Industrias Alimentarias, busca la mejora de calidad educativa y formativa, va a iniciar el proceso de Autoevaluaci\u00f3n e ingresar a la etapa de Acreditaci\u00f3n, que permitir\u00e1 que la sociedad reconozca la calidad del programa de formaci\u00f3n profesional del Ingeniero en Industrias Alimentarias.<\/p>\n","protected":false},"excerpt":{"rendered":"<p>La Industria Alimentaria organiza y eval\u00faa empresas alimentarias, mediante los conocimientos de ciencia y tecnolog\u00eda de alimentos, asegurando en ello pr\u00e1cticas de calidad, inocuidad y productividad. Dirige de manera integral el trabajo cooperativo y la orientaci\u00f3n al logro. Crea, desarrolla e implementa iniciativas de emprendimiento empresarial, buscando optimizar los procesos, productos y servicios, y potenciar [&hellip;]<\/p>\n","protected":false},"author":1,"featured_media":1341,"parent":0,"menu_order":0,"comment_status":"closed","ping_status":"closed","template":"page-imagen.php","meta":{"_acf_changed":false,"footnotes":""},"class_list":["post-1049","page","type-page","status-publish","has-post-thumbnail","hentry"],"acf":[],"_links":{"self":[{"href":"https:\/\/fip.unsa.edu.pe\/ingalimentarias\/wp-json\/wp\/v2\/pages\/1049","targetHints":{"allow":["GET"]}}],"collection":[{"href":"https:\/\/fip.unsa.edu.pe\/ingalimentarias\/wp-json\/wp\/v2\/pages"}],"about":[{"href":"https:\/\/fip.unsa.edu.pe\/ingalimentarias\/wp-json\/wp\/v2\/types\/page"}],"author":[{"embeddable":true,"href":"https:\/\/fip.unsa.edu.pe\/ingalimentarias\/wp-json\/wp\/v2\/users\/1"}],"replies":[{"embeddable":true,"href":"https:\/\/fip.unsa.edu.pe\/ingalimentarias\/wp-json\/wp\/v2\/comments?post=1049"}],"version-history":[{"count":3,"href":"https:\/\/fip.unsa.edu.pe\/ingalimentarias\/wp-json\/wp\/v2\/pages\/1049\/revisions"}],"predecessor-version":[{"id":1622,"href":"https:\/\/fip.unsa.edu.pe\/ingalimentarias\/wp-json\/wp\/v2\/pages\/1049\/revisions\/1622"}],"wp:featuredmedia":[{"embeddable":true,"href":"https:\/\/fip.unsa.edu.pe\/ingalimentarias\/wp-json\/wp\/v2\/media\/1341"}],"wp:attachment":[{"href":"https:\/\/fip.unsa.edu.pe\/ingalimentarias\/wp-json\/wp\/v2\/media?parent=1049"}],"curies":[{"name":"wp","href":"https:\/\/api.w.org\/{rel}","templated":true}]}}