{"id":1053,"date":"2017-07-04T18:52:10","date_gmt":"2017-07-04T18:52:10","guid":{"rendered":"http:\/\/www2.unsa.edu.pe\/escuelas\/ingalimentarias\/?page_id=1053"},"modified":"2017-09-28T14:03:21","modified_gmt":"2017-09-28T14:03:21","slug":"resena-historica","status":"publish","type":"page","link":"https:\/\/fip.unsa.edu.pe\/ingalimentarias\/resena-historica\/","title":{"rendered":"Rese\u00f1a Hist\u00f3rica"},"content":{"rendered":"<p>La Escuela profesional de Ingenier\u00eda de Industrias Alimentarias nace el 24 de febrero de 1995.<\/p>\n<p>En la sesi\u00f3n del Consejo Universitario del 24 de enero del 1995 se trat\u00f3 y aprob\u00f3 en primera instancia la propuesta de creaci\u00f3n de las Escuela profesional de Industrias Alimentarias, de la Facultad de Ingenier\u00eda de Procesos.<\/p>\n<p>El 17 de febrero de 1995 en la Asamblea Universitaria a propuesta del Consejo Universitario se volvi\u00f3 a tratar la creaci\u00f3n de la nueva Escuela profesional; recibe la aprobaci\u00f3n correspondiente.<\/p>\n<p>A partir de entonces la Universidad Nacional de San Agust\u00edn comienza a formar j\u00f3venes expertos en campo de la industria de alimentos, y estableci\u00f3 un convenio de implementaci\u00f3n de sus laboratorios en el a\u00f1o 2011 con una Universidad de Corea en beneficio de sus alumnos, quienes junto a su plana docente especializada con amplia experiencia profesional y experiencia en investigaci\u00f3n aplicada trabajan arduamente para lograr el prestigio agustino en el \u00e1mbito nacional como internacional.<\/p>\n","protected":false},"excerpt":{"rendered":"<p>La Escuela profesional de Ingenier\u00eda de Industrias Alimentarias nace el 24 de febrero de 1995. En la sesi\u00f3n del Consejo Universitario del 24 de enero del 1995 se trat\u00f3 y aprob\u00f3 en primera instancia la propuesta de creaci\u00f3n de las Escuela profesional de Industrias Alimentarias, de la Facultad de Ingenier\u00eda de Procesos. El 17 de [&hellip;]<\/p>\n","protected":false},"author":1,"featured_media":1375,"parent":0,"menu_order":0,"comment_status":"closed","ping_status":"closed","template":"page-imagen.php","meta":{"_acf_changed":false,"footnotes":""},"class_list":["post-1053","page","type-page","status-publish","has-post-thumbnail","hentry"],"acf":[],"_links":{"self":[{"href":"https:\/\/fip.unsa.edu.pe\/ingalimentarias\/wp-json\/wp\/v2\/pages\/1053","targetHints":{"allow":["GET"]}}],"collection":[{"href":"https:\/\/fip.unsa.edu.pe\/ingalimentarias\/wp-json\/wp\/v2\/pages"}],"about":[{"href":"https:\/\/fip.unsa.edu.pe\/ingalimentarias\/wp-json\/wp\/v2\/types\/page"}],"author":[{"embeddable":true,"href":"https:\/\/fip.unsa.edu.pe\/ingalimentarias\/wp-json\/wp\/v2\/users\/1"}],"replies":[{"embeddable":true,"href":"https:\/\/fip.unsa.edu.pe\/ingalimentarias\/wp-json\/wp\/v2\/comments?post=1053"}],"version-history":[{"count":1,"href":"https:\/\/fip.unsa.edu.pe\/ingalimentarias\/wp-json\/wp\/v2\/pages\/1053\/revisions"}],"predecessor-version":[{"id":1367,"href":"https:\/\/fip.unsa.edu.pe\/ingalimentarias\/wp-json\/wp\/v2\/pages\/1053\/revisions\/1367"}],"wp:featuredmedia":[{"embeddable":true,"href":"https:\/\/fip.unsa.edu.pe\/ingalimentarias\/wp-json\/wp\/v2\/media\/1375"}],"wp:attachment":[{"href":"https:\/\/fip.unsa.edu.pe\/ingalimentarias\/wp-json\/wp\/v2\/media?parent=1053"}],"curies":[{"name":"wp","href":"https:\/\/api.w.org\/{rel}","templated":true}]}}