{"id":1090,"date":"2017-07-05T14:34:35","date_gmt":"2017-07-05T14:34:35","guid":{"rendered":"http:\/\/www2.unsa.edu.pe\/escuelas\/ingalimentarias\/?page_id=1090"},"modified":"2025-02-13T10:56:39","modified_gmt":"2025-02-13T15:56:39","slug":"personal-administrativo","status":"publish","type":"page","link":"https:\/\/fip.unsa.edu.pe\/ingalimentarias\/personal-administrativo\/","title":{"rendered":"Personal Administrativo"},"content":{"rendered":"<p>Personal Administrativo que presta servicio a la Escuela Profesional:<\/p>\n<table class=\"table table-striped\" cellspacing=\"0\" cellpadding=\"0\">\n<tbody>\n<tr style=\"background-color: #64001d;color: white\">\n<th>Nombres y Apellidos<\/th>\n<th>Correo Institucional<\/th>\n<\/tr>\n<tr>\n<td>Lic. Adela Modesta Caballero Ram\u00edrez<\/td>\n<td>acaballeror@unsa.edu.pe<\/td>\n<\/tr>\n<tr>\n<td>Sra. Claudia Aleida C\u00e1rdenas Chamana<\/td>\n<td>ccardenasc@unsa.edu.pe<\/td>\n<\/tr>\n<tr>\n<td>Ing. Jhon Henry Revilla Toro<\/td>\n<td>jrevillato@unsa.edu.pe<\/td>\n<\/tr>\n<tr>\n<td>Sr. Percy Wilber Jim\u00e9nez Moscoso<\/td>\n<td>pjimenez1@unsa.edu.pe<\/td>\n<\/tr>\n<tr>\n<td>Sr. Carlos Morales Paulet<\/td>\n<td>cmoralesp@unsa.edu.pe<\/td>\n<\/tr>\n<tr>\n<td>Sr. Pablo Chambilla Chambilla<\/td>\n<td>pchambillach@unsa.edu.pe<\/td>\n<\/tr>\n<\/tbody>\n<\/table>\n","protected":false},"excerpt":{"rendered":"<p>Personal Administrativo que presta servicio a la Escuela Profesional: Nombres y Apellidos Correo Institucional Lic. Adela Modesta Caballero Ram\u00edrez acaballeror@unsa.edu.pe Sra. Claudia Aleida C\u00e1rdenas Chamana ccardenasc@unsa.edu.pe Ing. Jhon Henry Revilla Toro jrevillato@unsa.edu.pe Sr. Percy Wilber Jim\u00e9nez Moscoso pjimenez1@unsa.edu.pe Sr. Carlos Morales Paulet cmoralesp@unsa.edu.pe Sr. Pablo Chambilla Chambilla pchambillach@unsa.edu.pe<\/p>\n","protected":false},"author":1,"featured_media":2017,"parent":0,"menu_order":0,"comment_status":"closed","ping_status":"closed","template":"","meta":{"_acf_changed":false,"footnotes":""},"class_list":["post-1090","page","type-page","status-publish","has-post-thumbnail","hentry"],"acf":[],"_links":{"self":[{"href":"https:\/\/fip.unsa.edu.pe\/ingalimentarias\/wp-json\/wp\/v2\/pages\/1090","targetHints":{"allow":["GET"]}}],"collection":[{"href":"https:\/\/fip.unsa.edu.pe\/ingalimentarias\/wp-json\/wp\/v2\/pages"}],"about":[{"href":"https:\/\/fip.unsa.edu.pe\/ingalimentarias\/wp-json\/wp\/v2\/types\/page"}],"author":[{"embeddable":true,"href":"https:\/\/fip.unsa.edu.pe\/ingalimentarias\/wp-json\/wp\/v2\/users\/1"}],"replies":[{"embeddable":true,"href":"https:\/\/fip.unsa.edu.pe\/ingalimentarias\/wp-json\/wp\/v2\/comments?post=1090"}],"version-history":[{"count":14,"href":"https:\/\/fip.unsa.edu.pe\/ingalimentarias\/wp-json\/wp\/v2\/pages\/1090\/revisions"}],"predecessor-version":[{"id":2022,"href":"https:\/\/fip.unsa.edu.pe\/ingalimentarias\/wp-json\/wp\/v2\/pages\/1090\/revisions\/2022"}],"wp:featuredmedia":[{"embeddable":true,"href":"https:\/\/fip.unsa.edu.pe\/ingalimentarias\/wp-json\/wp\/v2\/media\/2017"}],"wp:attachment":[{"href":"https:\/\/fip.unsa.edu.pe\/ingalimentarias\/wp-json\/wp\/v2\/media?parent=1090"}],"curies":[{"name":"wp","href":"https:\/\/api.w.org\/{rel}","templated":true}]}}