{"id":1111,"date":"2017-07-12T13:16:14","date_gmt":"2017-07-12T13:16:14","guid":{"rendered":"http:\/\/www2.unsa.edu.pe\/escuelas\/ingalimentarias\/?page_id=1111"},"modified":"2018-07-03T16:47:42","modified_gmt":"2018-07-03T21:47:42","slug":"bachiller-en-ingenieria-de-industrias-alimentarias","status":"publish","type":"page","link":"https:\/\/fip.unsa.edu.pe\/ingalimentarias\/bachiller-en-ingenieria-de-industrias-alimentarias\/","title":{"rendered":"Bachiller en Ingenier\u00eda de Industrias Alimentarias"},"content":{"rendered":"<p><strong>OBTENCI\u00d3N DE GRADO ACAD\u00c9MICO DE BACHILLER\u00a0EN INGENIER\u00cdA DE INDUSTRIAS ALIMENTARIAS<\/strong><\/p>\n<p>Para obtener el grado acad\u00e9mico de Bachiller se requiere haber probado los estudios de pregrado, as\u00ed como la aprobaci\u00f3n de un Trabajo de Investigaci\u00f3n (Tesis), el conocimiento de un idioma extranjero, de preferencia ingl\u00e9s o una lengua nativa, y los dem\u00e1s requisitos especificados en el Reglamento.<\/p>\n","protected":false},"excerpt":{"rendered":"<p>OBTENCI\u00d3N DE GRADO ACAD\u00c9MICO DE BACHILLER\u00a0EN INGENIER\u00cdA DE INDUSTRIAS ALIMENTARIAS Para obtener el grado acad\u00e9mico de Bachiller se requiere haber probado los estudios de pregrado, as\u00ed como la aprobaci\u00f3n de un Trabajo de Investigaci\u00f3n (Tesis), el conocimiento de un idioma extranjero, de preferencia ingl\u00e9s o una lengua nativa, y los dem\u00e1s requisitos especificados en el [&hellip;]<\/p>\n","protected":false},"author":1,"featured_media":1340,"parent":0,"menu_order":0,"comment_status":"closed","ping_status":"closed","template":"","meta":{"_acf_changed":false,"footnotes":""},"class_list":["post-1111","page","type-page","status-publish","has-post-thumbnail","hentry"],"acf":[],"_links":{"self":[{"href":"https:\/\/fip.unsa.edu.pe\/ingalimentarias\/wp-json\/wp\/v2\/pages\/1111","targetHints":{"allow":["GET"]}}],"collection":[{"href":"https:\/\/fip.unsa.edu.pe\/ingalimentarias\/wp-json\/wp\/v2\/pages"}],"about":[{"href":"https:\/\/fip.unsa.edu.pe\/ingalimentarias\/wp-json\/wp\/v2\/types\/page"}],"author":[{"embeddable":true,"href":"https:\/\/fip.unsa.edu.pe\/ingalimentarias\/wp-json\/wp\/v2\/users\/1"}],"replies":[{"embeddable":true,"href":"https:\/\/fip.unsa.edu.pe\/ingalimentarias\/wp-json\/wp\/v2\/comments?post=1111"}],"version-history":[{"count":3,"href":"https:\/\/fip.unsa.edu.pe\/ingalimentarias\/wp-json\/wp\/v2\/pages\/1111\/revisions"}],"predecessor-version":[{"id":1606,"href":"https:\/\/fip.unsa.edu.pe\/ingalimentarias\/wp-json\/wp\/v2\/pages\/1111\/revisions\/1606"}],"wp:featuredmedia":[{"embeddable":true,"href":"https:\/\/fip.unsa.edu.pe\/ingalimentarias\/wp-json\/wp\/v2\/media\/1340"}],"wp:attachment":[{"href":"https:\/\/fip.unsa.edu.pe\/ingalimentarias\/wp-json\/wp\/v2\/media?parent=1111"}],"curies":[{"name":"wp","href":"https:\/\/api.w.org\/{rel}","templated":true}]}}