{"id":1113,"date":"2017-07-12T13:17:13","date_gmt":"2017-07-12T13:17:13","guid":{"rendered":"http:\/\/www2.unsa.edu.pe\/escuelas\/ingalimentarias\/?page_id=1113"},"modified":"2019-02-26T10:12:47","modified_gmt":"2019-02-26T15:12:47","slug":"titulo-profesional-de-ingenieria-de-industrias-alimentarias","status":"publish","type":"page","link":"https:\/\/fip.unsa.edu.pe\/ingalimentarias\/titulo-profesional-de-ingenieria-de-industrias-alimentarias\/","title":{"rendered":"T\u00edtulo Profesional de Ingeniero en Industrias Alimentarias"},"content":{"rendered":"<p><strong>OBTENCI\u00d3N DE T\u00cdTULO PROFESIONAL DE\u00a0INGENIERO EN INDUSTRIAS ALIMENTARIAS<\/strong><\/p>\n<p>Para obtener el T\u00edtulo Profesional se requiere tener el grado de Bachiller, la sustentaci\u00f3n y aprobaci\u00f3n de una Tesis o de un trabajo que acredite suficiencia profesional y los dem\u00e1s requisitos especificados en el Reglamento.<\/p>\n<p>Solo podr\u00e1n obtener el T\u00edtulo Profesional los que hayan obtenido el grado de Bachiller en la Universidad.<\/p>\n<p>&nbsp;<\/p>\n","protected":false},"excerpt":{"rendered":"<p>OBTENCI\u00d3N DE T\u00cdTULO PROFESIONAL DE\u00a0INGENIERO EN INDUSTRIAS ALIMENTARIAS Para obtener el T\u00edtulo Profesional se requiere tener el grado de Bachiller, la sustentaci\u00f3n y aprobaci\u00f3n de una Tesis o de un trabajo que acredite suficiencia profesional y los dem\u00e1s requisitos especificados en el Reglamento. Solo podr\u00e1n obtener el T\u00edtulo Profesional los que hayan obtenido el grado [&hellip;]<\/p>\n","protected":false},"author":1,"featured_media":1347,"parent":0,"menu_order":0,"comment_status":"closed","ping_status":"closed","template":"","meta":{"_acf_changed":false,"footnotes":""},"class_list":["post-1113","page","type-page","status-publish","has-post-thumbnail","hentry"],"acf":[],"_links":{"self":[{"href":"https:\/\/fip.unsa.edu.pe\/ingalimentarias\/wp-json\/wp\/v2\/pages\/1113","targetHints":{"allow":["GET"]}}],"collection":[{"href":"https:\/\/fip.unsa.edu.pe\/ingalimentarias\/wp-json\/wp\/v2\/pages"}],"about":[{"href":"https:\/\/fip.unsa.edu.pe\/ingalimentarias\/wp-json\/wp\/v2\/types\/page"}],"author":[{"embeddable":true,"href":"https:\/\/fip.unsa.edu.pe\/ingalimentarias\/wp-json\/wp\/v2\/users\/1"}],"replies":[{"embeddable":true,"href":"https:\/\/fip.unsa.edu.pe\/ingalimentarias\/wp-json\/wp\/v2\/comments?post=1113"}],"version-history":[{"count":4,"href":"https:\/\/fip.unsa.edu.pe\/ingalimentarias\/wp-json\/wp\/v2\/pages\/1113\/revisions"}],"predecessor-version":[{"id":1619,"href":"https:\/\/fip.unsa.edu.pe\/ingalimentarias\/wp-json\/wp\/v2\/pages\/1113\/revisions\/1619"}],"wp:featuredmedia":[{"embeddable":true,"href":"https:\/\/fip.unsa.edu.pe\/ingalimentarias\/wp-json\/wp\/v2\/media\/1347"}],"wp:attachment":[{"href":"https:\/\/fip.unsa.edu.pe\/ingalimentarias\/wp-json\/wp\/v2\/media?parent=1113"}],"curies":[{"name":"wp","href":"https:\/\/api.w.org\/{rel}","templated":true}]}}