{"id":1238,"date":"2017-09-11T17:59:34","date_gmt":"2017-09-11T17:59:34","guid":{"rendered":"http:\/\/www2.unsa.edu.pe\/escuelas\/ingalimentarias\/?page_id=1238"},"modified":"2018-04-06T09:56:23","modified_gmt":"2018-04-06T14:56:23","slug":"infraestructura","status":"publish","type":"page","link":"https:\/\/fip.unsa.edu.pe\/ingalimentarias\/infraestructura\/","title":{"rendered":"Infraestructura"},"content":{"rendered":"<h4>SALONES<\/h4>\n<p>Contamos con salones Audiovisuales para cada a\u00f1o de estudio<\/p>\n<h4>LABORATORIOS<\/h4>\n<ul>\n<li>Laboratorio de Microbiolog\u00eda<\/li>\n<li>Laboratorio de Fisicoqu\u00edmico<\/li>\n<\/ul>\n<h4>TALLERES<\/h4>\n<ul>\n<li>Instrumentaci\u00f3n<\/li>\n<li>Evaluaci\u00f3n sensorial<\/li>\n<li>Aceites y c\u00e1rnicos<\/li>\n<li>Ingenier\u00eda de Alimentos<\/li>\n<li>Fermentaci\u00f3n y Azucares<\/li>\n<li>Agua<\/li>\n<li>Panificaci\u00f3n<\/li>\n<\/ul>\n<h4>BIBLIOTECA<\/h4>\n<p>La Biblioteca cuenta con material bibliogr\u00e1fico de la especialidad como: Libros, Tesis, Gu\u00edas y Revistas donde los usuarios hacen uso de todo el material bibliogr\u00e1fico.<\/p>\n<p>Siendo el pr\u00e9stamo del material bibliogr\u00e1fico para los usuarios:<\/p>\n<ul>\n<li>Pr\u00e9stamo a sala<\/li>\n<li>Pr\u00e9stamo a domicilio<\/li>\n<\/ul>\n","protected":false},"excerpt":{"rendered":"<p>SALONES Contamos con salones Audiovisuales para cada a\u00f1o de estudio LABORATORIOS Laboratorio de Microbiolog\u00eda Laboratorio de Fisicoqu\u00edmico TALLERES Instrumentaci\u00f3n Evaluaci\u00f3n sensorial Aceites y c\u00e1rnicos Ingenier\u00eda de Alimentos Fermentaci\u00f3n y Azucares Agua Panificaci\u00f3n BIBLIOTECA La Biblioteca cuenta con material bibliogr\u00e1fico de la especialidad como: Libros, Tesis, Gu\u00edas y Revistas donde los usuarios hacen uso de todo [&hellip;]<\/p>\n","protected":false},"author":1,"featured_media":1252,"parent":0,"menu_order":0,"comment_status":"closed","ping_status":"closed","template":"","meta":{"_acf_changed":false,"footnotes":""},"class_list":["post-1238","page","type-page","status-publish","has-post-thumbnail","hentry"],"acf":[],"_links":{"self":[{"href":"https:\/\/fip.unsa.edu.pe\/ingalimentarias\/wp-json\/wp\/v2\/pages\/1238","targetHints":{"allow":["GET"]}}],"collection":[{"href":"https:\/\/fip.unsa.edu.pe\/ingalimentarias\/wp-json\/wp\/v2\/pages"}],"about":[{"href":"https:\/\/fip.unsa.edu.pe\/ingalimentarias\/wp-json\/wp\/v2\/types\/page"}],"author":[{"embeddable":true,"href":"https:\/\/fip.unsa.edu.pe\/ingalimentarias\/wp-json\/wp\/v2\/users\/1"}],"replies":[{"embeddable":true,"href":"https:\/\/fip.unsa.edu.pe\/ingalimentarias\/wp-json\/wp\/v2\/comments?post=1238"}],"version-history":[{"count":2,"href":"https:\/\/fip.unsa.edu.pe\/ingalimentarias\/wp-json\/wp\/v2\/pages\/1238\/revisions"}],"predecessor-version":[{"id":1522,"href":"https:\/\/fip.unsa.edu.pe\/ingalimentarias\/wp-json\/wp\/v2\/pages\/1238\/revisions\/1522"}],"wp:featuredmedia":[{"embeddable":true,"href":"https:\/\/fip.unsa.edu.pe\/ingalimentarias\/wp-json\/wp\/v2\/media\/1252"}],"wp:attachment":[{"href":"https:\/\/fip.unsa.edu.pe\/ingalimentarias\/wp-json\/wp\/v2\/media?parent=1238"}],"curies":[{"name":"wp","href":"https:\/\/api.w.org\/{rel}","templated":true}]}}