{"id":1335,"date":"2017-09-27T19:11:13","date_gmt":"2017-09-27T19:11:13","guid":{"rendered":"http:\/\/www2.unsa.edu.pe\/fip\/ingalimentarias\/?page_id=1335"},"modified":"2017-09-27T19:11:13","modified_gmt":"2017-09-27T19:11:13","slug":"perfil-del-postulante","status":"publish","type":"page","link":"https:\/\/fip.unsa.edu.pe\/ingalimentarias\/perfil-del-postulante\/","title":{"rendered":"Perfil del Postulante"},"content":{"rendered":"<p>El aspirante a cursar la carrera de Ingenier\u00eda en Industrias Alimentarias deber\u00e1 tener los siguientes conocimientos, habilidades y actitudes:<\/p>\n<ul>\n<li>Conocimientos\n<ul>\n<li>B\u00e1sicos en f\u00edsica, matem\u00e1tica, qu\u00edmica y biolog\u00eda.<\/li>\n<li>B\u00e1sicos de redacci\u00f3n para la elaboraci\u00f3n de textos<\/li>\n<\/ul>\n<\/li>\n<li>Habilidades\n<ul>\n<li>Comunicaci\u00f3n oral y escrita<\/li>\n<li>Disposici\u00f3n de trabajar en equipo<\/li>\n<li>Creativo<\/li>\n<\/ul>\n<\/li>\n<li>Actitudes y Valores\n<ul>\n<li>Inter\u00e9s por el conocimiento, la aplicaci\u00f3n tecnol\u00f3gica y la investigaci\u00f3n<\/li>\n<li>Capacidad de adaptaci\u00f3n al cambio y a la asimilaci\u00f3n de nuevos conocimientos<\/li>\n<li>B\u00fasqueda de la superaci\u00f3n y mejora personal<\/li>\n<li>Empat\u00eda y respecto con sus semejantes<\/li>\n<li>Apertura al dialogo<\/li>\n<li>Comprensi\u00f3n y tolerancia hacia la diversidad \u00e9tnica, de clase, g\u00e9nero, preferencias pol\u00edticas o sexuales<\/li>\n<li>Respeto y aprecio por la diversidad ecol\u00f3gica<\/li>\n<li>Apreci\u00f3 por la diversidad cultural de la regi\u00f3n, el estado y el pa\u00eds<\/li>\n<li>Responsabilidad y puntualidad<\/li>\n<\/ul>\n<\/li>\n<li>Esp\u00edritu capacidad\u00a0-cr\u00edtico y creativo.<\/li>\n<li>Sentido de responsabilidad, solidaridad y compromiso de servicio con los dem\u00e1s.<\/li>\n<li>Amante de la naturaleza y promotor del cambio.<\/li>\n<li>Capacidad de decidir por convicci\u00f3n.<\/li>\n<li>Capacidad de buscar soluciones a los problemas alimentarios.<\/li>\n<li>Ser intuitivo, reflexivo y organizado.<\/li>\n<li>Facilidad para el aprendizaje de las Ciencias Naturales y Matem\u00e1tica.<\/li>\n<li>S\u00f3lida formaci\u00f3n moral y \u00e9tica<\/li>\n<li>Vocaci\u00f3n a la contribuci\u00f3n del desarrollo socioecon\u00f3mico del pa\u00eds.<\/li>\n<\/ul>\n","protected":false},"excerpt":{"rendered":"<p>El aspirante a cursar la carrera de Ingenier\u00eda en Industrias Alimentarias deber\u00e1 tener los siguientes conocimientos, habilidades y actitudes: Conocimientos B\u00e1sicos en f\u00edsica, matem\u00e1tica, qu\u00edmica y biolog\u00eda. B\u00e1sicos de redacci\u00f3n para la elaboraci\u00f3n de textos Habilidades Comunicaci\u00f3n oral y escrita Disposici\u00f3n de trabajar en equipo Creativo Actitudes y Valores Inter\u00e9s por el conocimiento, la aplicaci\u00f3n [&hellip;]<\/p>\n","protected":false},"author":1,"featured_media":1243,"parent":0,"menu_order":0,"comment_status":"closed","ping_status":"closed","template":"","meta":{"_acf_changed":false,"footnotes":""},"class_list":["post-1335","page","type-page","status-publish","has-post-thumbnail","hentry"],"acf":[],"_links":{"self":[{"href":"https:\/\/fip.unsa.edu.pe\/ingalimentarias\/wp-json\/wp\/v2\/pages\/1335","targetHints":{"allow":["GET"]}}],"collection":[{"href":"https:\/\/fip.unsa.edu.pe\/ingalimentarias\/wp-json\/wp\/v2\/pages"}],"about":[{"href":"https:\/\/fip.unsa.edu.pe\/ingalimentarias\/wp-json\/wp\/v2\/types\/page"}],"author":[{"embeddable":true,"href":"https:\/\/fip.unsa.edu.pe\/ingalimentarias\/wp-json\/wp\/v2\/users\/1"}],"replies":[{"embeddable":true,"href":"https:\/\/fip.unsa.edu.pe\/ingalimentarias\/wp-json\/wp\/v2\/comments?post=1335"}],"version-history":[{"count":1,"href":"https:\/\/fip.unsa.edu.pe\/ingalimentarias\/wp-json\/wp\/v2\/pages\/1335\/revisions"}],"predecessor-version":[{"id":1336,"href":"https:\/\/fip.unsa.edu.pe\/ingalimentarias\/wp-json\/wp\/v2\/pages\/1335\/revisions\/1336"}],"wp:featuredmedia":[{"embeddable":true,"href":"https:\/\/fip.unsa.edu.pe\/ingalimentarias\/wp-json\/wp\/v2\/media\/1243"}],"wp:attachment":[{"href":"https:\/\/fip.unsa.edu.pe\/ingalimentarias\/wp-json\/wp\/v2\/media?parent=1335"}],"curies":[{"name":"wp","href":"https:\/\/api.w.org\/{rel}","templated":true}]}}