{"id":1596,"date":"2018-05-24T16:22:43","date_gmt":"2018-05-24T21:22:43","guid":{"rendered":"https:\/\/fip.unsa.edu.pe\/ingalimentarias\/?page_id=1596"},"modified":"2025-06-30T15:11:19","modified_gmt":"2025-06-30T20:11:19","slug":"objetivos-educacionales","status":"publish","type":"page","link":"https:\/\/fip.unsa.edu.pe\/ingalimentarias\/objetivos-educacionales\/","title":{"rendered":"Objetivos Educacionales"},"content":{"rendered":"<table class=\"table\">\n<tbody>\n<tr>\n<td><strong>OE1: <\/strong>Desarrollar las actividades profesionales con liderazgo y \u00e9tica, fomentando la resiliencia y trabajo en equipo con una orientaci\u00f3n al compromiso del desarrollo social, econ\u00f3mico y ambiental.<\/td>\n<\/tr>\n<tr>\n<td><strong>OE2: <\/strong>Gestionar y promover la implementaci\u00f3n de sistemas de gesti\u00f3n en la producci\u00f3n, transformaci\u00f3n, conservaci\u00f3n y distribuci\u00f3n de los productos alimentarios a fin de contribuir con la seguridad alimentaria.<\/td>\n<\/tr>\n<tr>\n<td><strong>OE3: <\/strong>Dise\u00f1ar productos, procesos de producci\u00f3n de alimentos e instalaciones dedicadas a la manufactura de materias primas integrando los principios de la econom\u00eda circular a fin de contribuir al desarrollo local, regional, nacional e internacional.<\/td>\n<\/tr>\n<tr>\n<td><strong>OE4: <\/strong>El ingeniero de industrias alimentarias optimiza procesos de conservaci\u00f3n y transformaci\u00f3n de materias primas destinadas al sector alimentario, desarrollando actividades de innovaci\u00f3n a trav\u00e9s de la investigaci\u00f3n multidisciplinaria.<\/td>\n<\/tr>\n<tr>\n<td><strong>OE5: <\/strong>Emprender negocios vinculados con la Industria Alimentaria, a fin de generar el desarrollo social y econ\u00f3mico en el entorno.<\/td>\n<\/tr>\n<\/tbody>\n<\/table>\n","protected":false},"excerpt":{"rendered":"<p>OE1: Desarrollar las actividades profesionales con liderazgo y \u00e9tica, fomentando la resiliencia y trabajo en equipo con una orientaci\u00f3n al compromiso del desarrollo social, econ\u00f3mico y ambiental. OE2: Gestionar y promover la implementaci\u00f3n de sistemas de gesti\u00f3n en la producci\u00f3n, transformaci\u00f3n, conservaci\u00f3n y distribuci\u00f3n de los productos alimentarios a fin de contribuir con la seguridad [&hellip;]<\/p>\n","protected":false},"author":1,"featured_media":1249,"parent":0,"menu_order":0,"comment_status":"closed","ping_status":"closed","template":"","meta":{"_acf_changed":false,"footnotes":""},"class_list":["post-1596","page","type-page","status-publish","has-post-thumbnail","hentry"],"acf":[],"_links":{"self":[{"href":"https:\/\/fip.unsa.edu.pe\/ingalimentarias\/wp-json\/wp\/v2\/pages\/1596","targetHints":{"allow":["GET"]}}],"collection":[{"href":"https:\/\/fip.unsa.edu.pe\/ingalimentarias\/wp-json\/wp\/v2\/pages"}],"about":[{"href":"https:\/\/fip.unsa.edu.pe\/ingalimentarias\/wp-json\/wp\/v2\/types\/page"}],"author":[{"embeddable":true,"href":"https:\/\/fip.unsa.edu.pe\/ingalimentarias\/wp-json\/wp\/v2\/users\/1"}],"replies":[{"embeddable":true,"href":"https:\/\/fip.unsa.edu.pe\/ingalimentarias\/wp-json\/wp\/v2\/comments?post=1596"}],"version-history":[{"count":13,"href":"https:\/\/fip.unsa.edu.pe\/ingalimentarias\/wp-json\/wp\/v2\/pages\/1596\/revisions"}],"predecessor-version":[{"id":2088,"href":"https:\/\/fip.unsa.edu.pe\/ingalimentarias\/wp-json\/wp\/v2\/pages\/1596\/revisions\/2088"}],"wp:featuredmedia":[{"embeddable":true,"href":"https:\/\/fip.unsa.edu.pe\/ingalimentarias\/wp-json\/wp\/v2\/media\/1249"}],"wp:attachment":[{"href":"https:\/\/fip.unsa.edu.pe\/ingalimentarias\/wp-json\/wp\/v2\/media?parent=1596"}],"curies":[{"name":"wp","href":"https:\/\/api.w.org\/{rel}","templated":true}]}}