{"id":1612,"date":"2018-11-09T08:23:19","date_gmt":"2018-11-09T13:23:19","guid":{"rendered":"https:\/\/fip.unsa.edu.pe\/ingalimentarias\/?page_id=1612"},"modified":"2026-03-30T14:06:28","modified_gmt":"2026-03-30T19:06:28","slug":"indicadores-de-atributos-del-graduado-ag","status":"publish","type":"page","link":"https:\/\/fip.unsa.edu.pe\/ingalimentarias\/indicadores-de-atributos-del-graduado-ag\/","title":{"rendered":"Indicadores de Atributos del Graduado (AG)"},"content":{"rendered":"<table>\n<thead>\n<tr>\n<th>C\u00f3digo<\/th>\n<th>Atributo \/ Indicador<\/th>\n<th>Descripci\u00f3n<\/th>\n<\/tr>\n<\/thead>\n<tbody><!-- AG-I01 --><\/p>\n<tr class=\"ag-parent\">\n<td class=\"ag-code\">AG-I01<\/td>\n<td>El Profesional y el Mundo<\/td>\n<td>Analiza y eval\u00faa el impacto de las soluciones a problemas complejos de ingenier\u00eda en el desarrollo sostenible de la sociedad, la econom\u00eda, la sostenibilidad, la salud y la seguridad, los marcos legales y el medio ambiente.<\/td>\n<\/tr>\n<tr>\n<td class=\"ag-code\">AG-I01.1<\/td>\n<td><\/td>\n<td><strong>Analiza<\/strong> el impacto de las soluciones a problemas complejos de ingenier\u00eda en el desarrollo sostenible de la sociedad, la econom\u00eda, la sostenibilidad, la salud y la seguridad, los marcos legales y medio ambiente.<\/td>\n<\/tr>\n<tr>\n<td class=\"ag-code\">AG-I01.2<\/td>\n<td><\/td>\n<td><strong>Eval\u00faa<\/strong> el impacto de las soluciones a problemas complejos de ingenier\u00eda en el desarrollo sostenible de la sociedad, la econom\u00eda, la sostenibilidad, la salud y la seguridad, los marcos legales y el medio ambiente.<\/td>\n<\/tr>\n<p><!-- AG-I02 --><\/p>\n<tr class=\"ag-parent\">\n<td class=\"ag-code\">AG-I02<\/td>\n<td>\u00c9tica<\/td>\n<td>Aplica los principios \u00e9ticos, la \u00e9tica profesional y las normas de la pr\u00e1ctica de la ingenier\u00eda, se adhiere al marco legal pertinente y respeta la diversidad de los grupos humanos.<\/td>\n<\/tr>\n<tr>\n<td class=\"ag-code\">AG-I02.1<\/td>\n<td><\/td>\n<td>Aplica los principios \u00e9ticos, la \u00e9tica profesional y las normas de la pr\u00e1ctica de la ingenier\u00eda.<\/td>\n<\/tr>\n<tr>\n<td class=\"ag-code\">AG-I02.2<\/td>\n<td><\/td>\n<td>Cumplir con el marco legal pertinente y respetar la diversidad de los grupos humanos.<\/td>\n<\/tr>\n<p><!-- AG-I03 --><\/p>\n<tr class=\"ag-parent\">\n<td class=\"ag-code\">AG-I03<\/td>\n<td>Trabajo Individual y en Equipo<\/td>\n<td>Se desempe\u00f1a efectivamente como individuo y como parte de un equipo, en un entorno multidisciplinar, colaborativo e inclusivo, empleando mecanismos de interacci\u00f3n presenciales, remotos y sus combinaciones, estableciendo metas y estrategias para cumplir sus objetivos.<\/td>\n<\/tr>\n<tr>\n<td class=\"ag-code\">AG-I03.1<\/td>\n<td><\/td>\n<td>Se desempe\u00f1a efectivamente como individuo y como parte de un equipo.<\/td>\n<\/tr>\n<tr>\n<td class=\"ag-code\">AG-I03.2<\/td>\n<td><\/td>\n<td>Se desempe\u00f1a efectivamente en un entorno multidisciplinar, colaborativo e inclusivo.<\/td>\n<\/tr>\n<tr>\n<td class=\"ag-code\">AG-I03.3<\/td>\n<td><\/td>\n<td>Emplea mecanismos de interacci\u00f3n presenciales, remotos y sus combinaciones, estableciendo metas y estrategias para cumplir sus objetivos.<\/td>\n<\/tr>\n<p><!-- AG-I04 --><\/p>\n<tr class=\"ag-parent\">\n<td class=\"ag-code\">AG-I04<\/td>\n<td>Comunicaci\u00f3n<\/td>\n<td>Se comunica de forma efectiva en actividades complejas de ingenier\u00eda con la comunidad de ingenier\u00eda y la sociedad en general, a trav\u00e9s de la elaboraci\u00f3n y comprensi\u00f3n de informes y documentaci\u00f3n de dise\u00f1o, y a trav\u00e9s de la elaboraci\u00f3n y realizaci\u00f3n de presentaciones efectivas, seg\u00fan el p\u00fablico objetivo.<\/td>\n<\/tr>\n<tr>\n<td class=\"ag-code\">AG-I04.1<\/td>\n<td><\/td>\n<td>Se comunica de forma efectiva en actividades complejas de ingenier\u00eda con la comunidad de ingenier\u00eda y la sociedad en general.<\/td>\n<\/tr>\n<tr>\n<td class=\"ag-code\">AG-I04.2<\/td>\n<td><\/td>\n<td>Desarrolla y comprende informes y documentaci\u00f3n de dise\u00f1o, a trav\u00e9s de la elaboraci\u00f3n y realizaci\u00f3n de presentaciones efectivas, seg\u00fan el p\u00fablico objetivo.<\/td>\n<\/tr>\n<p><!-- AG-I05 --><\/p>\n<tr class=\"ag-parent\">\n<td class=\"ag-code\">AG-I05<\/td>\n<td>Gesti\u00f3n de Proyectos<\/td>\n<td>Aplica los principios de gesti\u00f3n en ingenier\u00eda y la toma de decisiones econ\u00f3micas considerando eventuales riesgos, como miembro y l\u00edder de un equipo, para gestionar proyectos en entornos multidisciplinarios.<\/td>\n<\/tr>\n<tr>\n<td class=\"ag-code\">AG-I05.1<\/td>\n<td><\/td>\n<td>Aplica los principios de gesti\u00f3n en ingenier\u00eda considerando eventuales riesgos, como miembro y l\u00edder de un equipo, para gestionar proyectos en entornos multidisciplinarios.<\/td>\n<\/tr>\n<tr>\n<td class=\"ag-code\">AG-I05.2<\/td>\n<td><\/td>\n<td>Toma decisiones econ\u00f3micas considerando soluciones para eventuales riesgos, como miembro y l\u00edder de un equipo, para gestionar proyectos en entornos multidisciplinarios.<\/td>\n<\/tr>\n<p><!-- AG-I06 --><\/p>\n<tr class=\"ag-parent\">\n<td class=\"ag-code\">AG-I06<\/td>\n<td>Aprendizaje a lo largo de la vida<\/td>\n<td>Reconoce la necesidad y est\u00e1 preparado para: i) aprender de forma independiente y continua, ii) adaptarse a tecnolog\u00edas nuevas y emergentes, y iii) aplicar el pensamiento cr\u00edtico en el contexto m\u00e1s amplio de los cambios tecnol\u00f3gicos.<\/td>\n<\/tr>\n<tr>\n<td class=\"ag-code\">AG-I06.1<\/td>\n<td><\/td>\n<td>Reconoce la necesidad y est\u00e1 preparado para aprender de forma independiente y continua.<\/td>\n<\/tr>\n<tr>\n<td class=\"ag-code\">AG-I06.2<\/td>\n<td><\/td>\n<td>Reconoce la necesidad y est\u00e1 preparado para adaptarse a tecnolog\u00edas nuevas y emergentes.<\/td>\n<\/tr>\n<tr>\n<td class=\"ag-code\">AG-I06.3<\/td>\n<td><\/td>\n<td>Reconoce la necesidad y est\u00e1 preparado para aplicar el pensamiento cr\u00edtico en el contexto m\u00e1s amplio de los cambios tecnol\u00f3gicos.<\/td>\n<\/tr>\n<p><!-- AG-I07 --><\/p>\n<tr class=\"ag-parent\">\n<td class=\"ag-code\">AG-I07<\/td>\n<td>Conocimientos de Ingenier\u00eda<\/td>\n<td>Aplica conocimientos de matem\u00e1ticas, ciencias naturales, computaci\u00f3n, y conocimientos fundamentales y especializados de ingenier\u00eda para desarrollar soluciones a problemas complejos de ingenier\u00eda.<\/td>\n<\/tr>\n<tr>\n<td class=\"ag-code\">AG-I07.1<\/td>\n<td><\/td>\n<td>Desarrollar conocimientos de matem\u00e1tica para solucionar problemas complejos de ingenier\u00eda seg\u00fan la especialidad.<\/td>\n<\/tr>\n<tr>\n<td class=\"ag-code\">AG-I07.2<\/td>\n<td><\/td>\n<td>Desarrollar conocimientos de ciencias naturales, para solucionar problemas complejos de ingenier\u00eda seg\u00fan su especialidad.<\/td>\n<\/tr>\n<tr>\n<td class=\"ag-code\">AG-I07.3<\/td>\n<td><\/td>\n<td>Desarrollar conocimientos de computaci\u00f3n para solucionar problemas complejos de ingenier\u00eda seg\u00fan su especialidad.<\/td>\n<\/tr>\n<tr>\n<td class=\"ag-code\">AG-I07.4<\/td>\n<td><\/td>\n<td>Desarrollar conocimientos fundamentales y especializados de ingenier\u00eda para desarrollar soluciones a problemas complejos de ingenier\u00eda.<\/td>\n<\/tr>\n<p><!-- AG-I08 --><\/p>\n<tr class=\"ag-parent\">\n<td class=\"ag-code\">AG-I08<\/td>\n<td>An\u00e1lisis de Problemas<\/td>\n<td>Identifica, busca informaci\u00f3n, caracteriza y analiza problemas complejos de ingenier\u00eda y su contexto, llegando a conclusiones fundamentadas usando conocimientos de matem\u00e1ticas, ciencias naturales y ciencias de la ingenier\u00eda desde una perspectiva hol\u00edstica para el desarrollo sostenible.<\/td>\n<\/tr>\n<tr>\n<td class=\"ag-code\">AG-I08.1<\/td>\n<td><\/td>\n<td>Identifica, busca informaci\u00f3n, caracteriza y analiza problemas complejos de ingenier\u00eda y su contexto, llegando a conclusiones fundamentadas usando conocimientos de matem\u00e1ticas, desde una perspectiva hol\u00edstica para el desarrollo sostenible.<\/td>\n<\/tr>\n<tr>\n<td class=\"ag-code\">AG-I08.2<\/td>\n<td><\/td>\n<td>Identifica, busca informaci\u00f3n, caracteriza y analiza problemas complejos de ingenier\u00eda y su contexto, llegando a conclusiones fundamentadas usando conocimientos de ciencias naturales y ciencias de la ingenier\u00eda desde una perspectiva hol\u00edstica para el desarrollo sostenible.<\/td>\n<\/tr>\n<p><!-- AG-I09 --><\/p>\n<tr class=\"ag-parent\">\n<td class=\"ag-code\">AG-I09<\/td>\n<td>Dise\u00f1o y Desarrollo de Soluciones<\/td>\n<td>Dise\u00f1a soluciones creativas para problemas complejos de ingenier\u00eda y dise\u00f1a sistemas, componentes o procesos para satisfacer necesidades identificadas dentro de restricciones realistas, seg\u00fan se requiera, de salud y seguridad p\u00fablica, el costo del ciclo de vida, el cero carbono neto, de recursos, culturales, sociales, econ\u00f3micos y ambientales.<\/td>\n<\/tr>\n<tr>\n<td class=\"ag-code\">AG-I09.1<\/td>\n<td><\/td>\n<td>Dise\u00f1a soluciones creativas para problemas complejos de ingenier\u00eda y dise\u00f1ar sistemas, componentes o procesos para satisfacer necesidades.<\/td>\n<\/tr>\n<tr>\n<td class=\"ag-code\">AG-I09.2<\/td>\n<td><\/td>\n<td>Dise\u00f1a soluciones a procesos con problemas complejos de ingenier\u00eda identificando las restricciones realistas, seg\u00fan se requiera, en salud y seguridad p\u00fablica, costo del ciclo de vida, cero carbono neto, de recursos, culturales, sociales, econ\u00f3micos y ambientales.<\/td>\n<\/tr>\n<p><!-- AG-I10 --><\/p>\n<tr class=\"ag-parent\">\n<td class=\"ag-code\">AG-I10<\/td>\n<td>Indagaci\u00f3n<\/td>\n<td>Conduce indagaciones de problemas complejos de ingenier\u00eda usando m\u00e9todos de investigaci\u00f3n incluyendo conocimiento basado en investigaci\u00f3n, dise\u00f1o y conducci\u00f3n de experimentos, an\u00e1lisis e interpretaci\u00f3n de datos y s\u00edntesis de informaci\u00f3n para producir conclusiones v\u00e1lidas.<\/td>\n<\/tr>\n<tr>\n<td class=\"ag-code\">AG-I10.1<\/td>\n<td><\/td>\n<td>Conduce indagaciones de problemas complejos de ingenier\u00eda usando m\u00e9todos de investigaci\u00f3n incluyendo conocimiento basado en investigaci\u00f3n.<\/td>\n<\/tr>\n<tr>\n<td class=\"ag-code\">AG-I10.2<\/td>\n<td><\/td>\n<td>Dise\u00f1a y conduce experimentos, an\u00e1lisis e interpretaci\u00f3n de datos y s\u00edntesis de informaci\u00f3n para producir conclusiones v\u00e1lidas.<\/td>\n<\/tr>\n<p><!-- AG-I11 --><\/p>\n<tr class=\"ag-parent\">\n<td class=\"ag-code\">AG-I11<\/td>\n<td>Uso de Herramientas<\/td>\n<td>Crea, selecciona, aplica, y reconoce las limitaciones de las t\u00e9cnicas, recursos y herramientas modernas apropiadas de ingenier\u00eda y tecnolog\u00edas de la informaci\u00f3n, incluyendo la predicci\u00f3n y el modelado, en problemas complejos de ingenier\u00eda.<\/td>\n<\/tr>\n<tr>\n<td class=\"ag-code\">AG-I11.1<\/td>\n<td><\/td>\n<td>Crea, selecciona, aplica, y reconoce las limitaciones de las t\u00e9cnicas, recursos y herramientas modernas apropiadas de ingenier\u00eda, incluyendo la predicci\u00f3n y el modelado, en problemas complejos de ingenier\u00eda.<\/td>\n<\/tr>\n<tr>\n<td class=\"ag-code\">AG-I11.2<\/td>\n<td><\/td>\n<td>Crea, selecciona, aplica, y reconoce las limitaciones de las t\u00e9cnicas, recursos y herramientas modernas de las tecnolog\u00edas de la informaci\u00f3n, incluyendo la predicci\u00f3n y el modelado, en problemas complejos de ingenier\u00eda.<\/td>\n<\/tr>\n<\/tbody>\n<\/table>\n<p><a href=\"https:\/\/fip.unsa.edu.pe\/wp-content\/uploads\/2024\/03\/F1-Indicadores-de-AG-atributos-del-graduado.pdf\" target=\"_blank\" rel=\"noopener\" border=\"0\" class=\"btn-block btn gran10\" role=\"button\">Descargar documento pdf<\/a><\/p>\n","protected":false},"excerpt":{"rendered":"<p>C\u00f3digo Atributo \/ Indicador Descripci\u00f3n AG-I01 El Profesional y el Mundo Analiza y eval\u00faa el impacto de las soluciones a problemas complejos de ingenier\u00eda en el desarrollo sostenible de la sociedad, la econom\u00eda, la sostenibilidad, la salud y la seguridad, los marcos legales y el medio ambiente. AG-I01.1 Analiza el impacto de las soluciones a [&hellip;]<\/p>\n","protected":false},"author":1,"featured_media":0,"parent":0,"menu_order":0,"comment_status":"closed","ping_status":"closed","template":"page-blanco.php","meta":{"_acf_changed":false,"footnotes":""},"class_list":["post-1612","page","type-page","status-publish","hentry"],"acf":[],"_links":{"self":[{"href":"https:\/\/fip.unsa.edu.pe\/ingalimentarias\/wp-json\/wp\/v2\/pages\/1612","targetHints":{"allow":["GET"]}}],"collection":[{"href":"https:\/\/fip.unsa.edu.pe\/ingalimentarias\/wp-json\/wp\/v2\/pages"}],"about":[{"href":"https:\/\/fip.unsa.edu.pe\/ingalimentarias\/wp-json\/wp\/v2\/types\/page"}],"author":[{"embeddable":true,"href":"https:\/\/fip.unsa.edu.pe\/ingalimentarias\/wp-json\/wp\/v2\/users\/1"}],"replies":[{"embeddable":true,"href":"https:\/\/fip.unsa.edu.pe\/ingalimentarias\/wp-json\/wp\/v2\/comments?post=1612"}],"version-history":[{"count":13,"href":"https:\/\/fip.unsa.edu.pe\/ingalimentarias\/wp-json\/wp\/v2\/pages\/1612\/revisions"}],"predecessor-version":[{"id":2130,"href":"https:\/\/fip.unsa.edu.pe\/ingalimentarias\/wp-json\/wp\/v2\/pages\/1612\/revisions\/2130"}],"wp:attachment":[{"href":"https:\/\/fip.unsa.edu.pe\/ingalimentarias\/wp-json\/wp\/v2\/media?parent=1612"}],"curies":[{"name":"wp","href":"https:\/\/api.w.org\/{rel}","templated":true}]}}