{"id":1888,"date":"2024-11-05T14:01:58","date_gmt":"2024-11-05T19:01:58","guid":{"rendered":"https:\/\/fip.unsa.edu.pe\/ingalimentarias\/?page_id=1888"},"modified":"2025-02-06T09:29:47","modified_gmt":"2025-02-06T14:29:47","slug":"modalidades_titulacion","status":"publish","type":"page","link":"https:\/\/fip.unsa.edu.pe\/ingalimentarias\/modalidades_titulacion\/","title":{"rendered":"MODALIDADES DE TITULACI\u00d3N"},"content":{"rendered":"<h2 style=\"text-align: center\"><span style=\"color: #000000\"><strong>MODALIDADES DE TITULACI\u00d3N<\/strong><\/span><\/h2>\n<p>&nbsp;<\/p>\n<table class=\"table table-striped\" style=\"height: 720px\" width=\"1280\">\n<tbody>\n<tr>\n<td>\n<ul>\n<li><span style=\"color: #800000\"><strong>NORMAS PARA LA PRESENTACI\u00d3N DEL PROYECTO DE TESIS<\/strong><\/span><\/li>\n<\/ul>\n<\/td>\n<td>\n<h5><a href=\"https:\/\/fip.unsa.edu.pe\/ingalimentarias\/wp-content\/uploads\/sites\/11\/2024\/11\/0Normas-para-la-presentacion-del-proyecto-de-Tesis.pdf\">Descargar PDF<\/a><\/h5>\n<\/td>\n<\/tr>\n<tr>\n<td>\n<ul>\n<li><span style=\"color: #800000\"><strong>ESQUEMA PARA LA PRESENTACI\u00d3N DEL PROYECTO DE TESIS<\/strong><\/span><\/li>\n<\/ul>\n<\/td>\n<td>\n<h5><a href=\"https:\/\/fip.unsa.edu.pe\/ingalimentarias\/wp-content\/uploads\/sites\/11\/2024\/11\/1ESQUEMA-PARA-LA-PRESENTACION-DE-PROYECTO-DE-TESIS.pdf\">Descargar PDF<\/a><\/h5>\n<\/td>\n<\/tr>\n<tr>\n<td>\n<ul>\n<li><span style=\"color: #800000\"><strong>NORMAS PARA LA PRESENTACI\u00d3N DE TESIS Y TRABAJO INFORME<\/strong><\/span><\/li>\n<\/ul>\n<\/td>\n<td>\n<h5><a href=\"https:\/\/fip.unsa.edu.pe\/ingalimentarias\/wp-content\/uploads\/sites\/11\/2024\/11\/2Normas-para-la-presentacion-de-Tesis-y-Trabajo-Informe-en-la-FIP-PARA-OPTAR-TITULO-PROFESIONAL.pdf\">Descargar PDF<\/a><\/h5>\n<\/td>\n<\/tr>\n<tr>\n<td>\n<ul>\n<li><span style=\"color: #800000\"><strong>ESQUEMA PARA LA PRESENTACI\u00d3N DE <\/strong><\/span><span style=\"color: #800000\"><strong>TESIS Y TRABAJO INFORME<\/strong><\/span><\/li>\n<\/ul>\n<\/td>\n<td>\n<h5><a href=\"https:\/\/fip.unsa.edu.pe\/ingalimentarias\/wp-content\/uploads\/sites\/11\/2024\/11\/3Esquema-para-la-presentacion-de-Tesis-y-Trabajo-Informe-en-la-FIP-PARA-OPTAR-TITULO-PROFESIONAL.pdf\">Descargar PDF<\/a><\/h5>\n<\/td>\n<\/tr>\n<tr>\n<td>\n<ul>\n<li><span style=\"color: #800000\"><strong>DESCRIPCI\u00d3N DEL ESQUEMA PARA PRESENTACI\u00d3N DE TESIS Y TRABAJO INFORME<\/strong><\/span><\/li>\n<\/ul>\n<\/td>\n<td>\n<h5><a href=\"https:\/\/fip.unsa.edu.pe\/ingalimentarias\/wp-content\/uploads\/sites\/11\/2024\/11\/6Descripcion-del-Esquema-de-Desarrollo-del-Trabajo-por-la-modalidad-de-suficiencia-profesional.pdf\">Descargar PDF<\/a><\/h5>\n<\/td>\n<\/tr>\n<tr>\n<td>\n<ul>\n<li><span style=\"color: #800000\"><strong>ESQUEMA DE DESARROLLO DEL TRABAJO POR MODALIDAD DE SUFICIENCIA PROFESIONAL<\/strong><\/span><\/li>\n<\/ul>\n<\/td>\n<td>\n<h5><a href=\"https:\/\/fip.unsa.edu.pe\/ingalimentarias\/wp-content\/uploads\/sites\/11\/2024\/11\/5Esquema-de-Desarrollo-del-Trabajo-por-la-modalidad-de-suficiencia-profesional.pdf\">Descargar PDF<\/a><\/h5>\n<\/td>\n<\/tr>\n<tr>\n<td>\n<ul>\n<li><span style=\"color: #800000\"><strong>DESCRIPCI\u00d3N DEL <\/strong><\/span><span style=\"color: #800000\"><strong>ESQUEMA DE DESARROLLO DEL TRABAJO POR MODALIDAD DE SUFICIENCIA PROFESIONAL<\/strong><\/span><\/li>\n<\/ul>\n<\/td>\n<td>\n<h5><a href=\"https:\/\/fip.unsa.edu.pe\/ingalimentarias\/wp-content\/uploads\/sites\/11\/2024\/11\/4Descripcion-del-Esquema-para-presentacion-de-Tesis-y-Trabajo-Informe-en-LA-FIP.pdf\">Descargar PDF<\/a><\/h5>\n<\/td>\n<\/tr>\n<tr>\n<td>\n<ul>\n<li><span style=\"color: #800000\"><strong>ESQUEMA DE PROYECTO DE TESIS COMO PROYECTO DE INVERSI\u00d3N<\/strong><\/span><\/li>\n<\/ul>\n<\/td>\n<td>\n<h5><a href=\"https:\/\/fip.unsa.edu.pe\/ingalimentarias\/wp-content\/uploads\/sites\/11\/2024\/11\/8Esquema-de-Proyecto-de-Inversion-a-Nivel-de-Prefactibilidad-Tesis.pdf\">Descargar PDF<\/a><\/h5>\n<\/td>\n<\/tr>\n<tr>\n<td>\n<ul>\n<li><span style=\"color: #800000\"><strong>ESQUEMA DE PROYECTO DE INVERSI\u00d3N A NIVEL DE PREFACTIBILIDAD<\/strong><\/span><\/li>\n<\/ul>\n<\/td>\n<td>\n<h5><a href=\"https:\/\/fip.unsa.edu.pe\/ingalimentarias\/wp-content\/uploads\/sites\/11\/2024\/11\/7Esquema-de-Proyecto-de-Tesis-como-Proyecto-de-Inversion-Perfil.pdf\">Descargar PDF<\/a><\/h5>\n<\/td>\n<\/tr>\n<tr>\n<td>\n<ul>\n<li><span style=\"color: #800000\"><strong>MANUAL DE LA CARATULA DE TESIS<\/strong><\/span><\/li>\n<\/ul>\n<\/td>\n<td>\n<h5><a href=\"https:\/\/fip.unsa.edu.pe\/ingalimentarias\/wp-content\/uploads\/sites\/11\/2024\/11\/9MANUAL-DE-LA-CARATULA-DE-TESIS.pdf\">Descargar PDF<\/a><\/h5>\n<\/td>\n<\/tr>\n<\/tbody>\n<\/table>\n","protected":false},"excerpt":{"rendered":"<p>MODALIDADES DE TITULACI\u00d3N &nbsp; NORMAS PARA LA PRESENTACI\u00d3N DEL PROYECTO DE TESIS Descargar PDF ESQUEMA PARA LA PRESENTACI\u00d3N DEL PROYECTO DE TESIS Descargar PDF NORMAS PARA LA PRESENTACI\u00d3N DE TESIS Y TRABAJO INFORME Descargar PDF ESQUEMA PARA LA PRESENTACI\u00d3N DE TESIS Y TRABAJO INFORME Descargar PDF DESCRIPCI\u00d3N DEL ESQUEMA PARA PRESENTACI\u00d3N DE TESIS Y TRABAJO [&hellip;]<\/p>\n","protected":false},"author":13,"featured_media":1889,"parent":0,"menu_order":0,"comment_status":"closed","ping_status":"closed","template":"","meta":{"_acf_changed":false,"footnotes":""},"class_list":["post-1888","page","type-page","status-publish","has-post-thumbnail","hentry"],"acf":[],"_links":{"self":[{"href":"https:\/\/fip.unsa.edu.pe\/ingalimentarias\/wp-json\/wp\/v2\/pages\/1888","targetHints":{"allow":["GET"]}}],"collection":[{"href":"https:\/\/fip.unsa.edu.pe\/ingalimentarias\/wp-json\/wp\/v2\/pages"}],"about":[{"href":"https:\/\/fip.unsa.edu.pe\/ingalimentarias\/wp-json\/wp\/v2\/types\/page"}],"author":[{"embeddable":true,"href":"https:\/\/fip.unsa.edu.pe\/ingalimentarias\/wp-json\/wp\/v2\/users\/13"}],"replies":[{"embeddable":true,"href":"https:\/\/fip.unsa.edu.pe\/ingalimentarias\/wp-json\/wp\/v2\/comments?post=1888"}],"version-history":[{"count":30,"href":"https:\/\/fip.unsa.edu.pe\/ingalimentarias\/wp-json\/wp\/v2\/pages\/1888\/revisions"}],"predecessor-version":[{"id":2006,"href":"https:\/\/fip.unsa.edu.pe\/ingalimentarias\/wp-json\/wp\/v2\/pages\/1888\/revisions\/2006"}],"wp:featuredmedia":[{"embeddable":true,"href":"https:\/\/fip.unsa.edu.pe\/ingalimentarias\/wp-json\/wp\/v2\/media\/1889"}],"wp:attachment":[{"href":"https:\/\/fip.unsa.edu.pe\/ingalimentarias\/wp-json\/wp\/v2\/media?parent=1888"}],"curies":[{"name":"wp","href":"https:\/\/api.w.org\/{rel}","templated":true}]}}