{"id":1122,"date":"2017-07-17T13:16:09","date_gmt":"2017-07-17T13:16:09","guid":{"rendered":"http:\/\/www2.unsa.edu.pe\/escuelas\/ingambiental\/?page_id=1122"},"modified":"2025-07-22T15:28:40","modified_gmt":"2025-07-22T20:28:40","slug":"presentacion","status":"publish","type":"page","link":"https:\/\/fip.unsa.edu.pe\/ingambiental\/presentacion\/","title":{"rendered":"Presentaci\u00f3n de la Escuela"},"content":{"rendered":"<p>La Escuela Profesional de Ingenier\u00eda Ambiental es una Unidad Acad\u00e9mica que integra la Facultad de Ingenier\u00eda de Procesos de la Universidad Nacional de San Agust\u00edn.<\/p>\n<p>Fue creada oficialmente el 02 de octubre del 2008. No obstante su reciente nacimiento, ha surgido vigorosamente y ocupa actualmente espacios claramente definidos en el \u00e1mbito profesional.<\/p>\n<p>La Escuela Profesional de Ingenier\u00eda Ambiental ha establecido, bajo el paradigma de la protecci\u00f3n al Medio Ambiente, su Misi\u00f3n y Visi\u00f3n, teniendo como prop\u00f3sito la formaci\u00f3n de profesionales ambientalistas que contribuyan al desarrollo cient\u00edfico, tecnol\u00f3gico, econ\u00f3mico y social de la regi\u00f3n y del pa\u00eds; adem\u00e1s de estar calificados en la conservaci\u00f3n, uso racional y sostenible de los recursos naturales as\u00ed como la promoci\u00f3n de la calidad ambiental en armon\u00eda con una actividad productiva responsable.<\/p>\n<p>La carrera Profesional de Ingenier\u00eda Ambiental en la Universidad Nacional de San Agust\u00edn es por principio formadora en los compromisos asumidos por el pa\u00eds en materia Ambiental y de la normativa reguladora vigente, dentro de la perspectiva de alcanzar un desarrollo sostenible y prometedor para la humanidad.<\/p>\n","protected":false},"excerpt":{"rendered":"<p>La Escuela Profesional de Ingenier\u00eda Ambiental es una Unidad Acad\u00e9mica que integra la Facultad de Ingenier\u00eda de Procesos de la Universidad Nacional de San Agust\u00edn. Fue creada oficialmente el 02 de octubre del 2008. No obstante su reciente nacimiento, ha surgido vigorosamente y ocupa actualmente espacios claramente definidos en el \u00e1mbito profesional. La Escuela Profesional [&hellip;]<\/p>\n","protected":false},"author":1,"featured_media":1267,"parent":0,"menu_order":0,"comment_status":"closed","ping_status":"closed","template":"","meta":{"_acf_changed":false,"footnotes":""},"class_list":["post-1122","page","type-page","status-publish","has-post-thumbnail","hentry"],"acf":[],"_links":{"self":[{"href":"https:\/\/fip.unsa.edu.pe\/ingambiental\/wp-json\/wp\/v2\/pages\/1122","targetHints":{"allow":["GET"]}}],"collection":[{"href":"https:\/\/fip.unsa.edu.pe\/ingambiental\/wp-json\/wp\/v2\/pages"}],"about":[{"href":"https:\/\/fip.unsa.edu.pe\/ingambiental\/wp-json\/wp\/v2\/types\/page"}],"author":[{"embeddable":true,"href":"https:\/\/fip.unsa.edu.pe\/ingambiental\/wp-json\/wp\/v2\/users\/1"}],"replies":[{"embeddable":true,"href":"https:\/\/fip.unsa.edu.pe\/ingambiental\/wp-json\/wp\/v2\/comments?post=1122"}],"version-history":[{"count":12,"href":"https:\/\/fip.unsa.edu.pe\/ingambiental\/wp-json\/wp\/v2\/pages\/1122\/revisions"}],"predecessor-version":[{"id":1874,"href":"https:\/\/fip.unsa.edu.pe\/ingambiental\/wp-json\/wp\/v2\/pages\/1122\/revisions\/1874"}],"wp:featuredmedia":[{"embeddable":true,"href":"https:\/\/fip.unsa.edu.pe\/ingambiental\/wp-json\/wp\/v2\/media\/1267"}],"wp:attachment":[{"href":"https:\/\/fip.unsa.edu.pe\/ingambiental\/wp-json\/wp\/v2\/media?parent=1122"}],"curies":[{"name":"wp","href":"https:\/\/api.w.org\/{rel}","templated":true}]}}