{"id":1124,"date":"2017-07-17T13:17:33","date_gmt":"2017-07-17T13:17:33","guid":{"rendered":"http:\/\/www2.unsa.edu.pe\/escuelas\/ingambiental\/?page_id=1124"},"modified":"2017-10-22T15:46:04","modified_gmt":"2017-10-22T15:46:04","slug":"resena-historica","status":"publish","type":"page","link":"https:\/\/fip.unsa.edu.pe\/ingambiental\/resena-historica\/","title":{"rendered":"Rese\u00f1a Hist\u00f3rica"},"content":{"rendered":"<p>La creaci\u00f3n de la Escuela Profesional de Ingenier\u00eda Ambiental (EPIAM) en la UNSA se oficializa mediante Resoluci\u00f3n de Asamblea universitaria el 02 de octubre del 2008, \u00a0como parte de la estructura acad\u00e9mica de la Facultad de Ingenier\u00eda de Procesos de la UNSA.<\/p>\n<p>La Escuela Profesional inicia su misi\u00f3n formadora propiamente dicha a partir del a\u00f1o 2009, la primera promoci\u00f3n ha egresado\u00a0en 2014. Desde su creaci\u00f3n la Escuela mantiene el compromiso de formar estudiantes con las exigencias de la excelencia Acad\u00e9mica y rigor profesional, gracias a una competente plana Docente<\/p>\n<p>Para la creaci\u00f3n de la Escuela se tom\u00f3 en cuenta una visi\u00f3n acad\u00e9mica y social en la que la comunidad en general se ha sensibilizado para la difusi\u00f3n y fomento de una cultura de protecci\u00f3n y cuidado del medio ambiente.<\/p>\n<p>La Escuela de Ingenier\u00eda Ambiental de la Facultad de Procesos de la Universidad Nacional de San Agust\u00edn en cumplimiento con la Ley Universitaria N\u00b0 23733 y Estatuto de la Universidad y sus modificatorias, inici\u00f3 la mejora de los diferentes indicadores de calidad formativa. Actualmente la Ley que nos rige es la N\u00ba 30220 que oficializ\u00f3 la creaci\u00f3n de la SUNEDU, entidad educativa bajo cuyos lineamientos y regulaci\u00f3n se implementa nuestro proceso de Licenciamiento y Acreditaci\u00f3n de la calidad educativa.<\/p>\n","protected":false},"excerpt":{"rendered":"<p>La creaci\u00f3n de la Escuela Profesional de Ingenier\u00eda Ambiental (EPIAM) en la UNSA se oficializa mediante Resoluci\u00f3n de Asamblea universitaria el 02 de octubre del 2008, \u00a0como parte de la estructura acad\u00e9mica de la Facultad de Ingenier\u00eda de Procesos de la UNSA. La Escuela Profesional inicia su misi\u00f3n formadora propiamente dicha a partir del a\u00f1o [&hellip;]<\/p>\n","protected":false},"author":1,"featured_media":1255,"parent":0,"menu_order":0,"comment_status":"closed","ping_status":"closed","template":"page-imagen.php","meta":{"_acf_changed":false,"footnotes":""},"class_list":["post-1124","page","type-page","status-publish","has-post-thumbnail","hentry"],"acf":[],"_links":{"self":[{"href":"https:\/\/fip.unsa.edu.pe\/ingambiental\/wp-json\/wp\/v2\/pages\/1124","targetHints":{"allow":["GET"]}}],"collection":[{"href":"https:\/\/fip.unsa.edu.pe\/ingambiental\/wp-json\/wp\/v2\/pages"}],"about":[{"href":"https:\/\/fip.unsa.edu.pe\/ingambiental\/wp-json\/wp\/v2\/types\/page"}],"author":[{"embeddable":true,"href":"https:\/\/fip.unsa.edu.pe\/ingambiental\/wp-json\/wp\/v2\/users\/1"}],"replies":[{"embeddable":true,"href":"https:\/\/fip.unsa.edu.pe\/ingambiental\/wp-json\/wp\/v2\/comments?post=1124"}],"version-history":[{"count":1,"href":"https:\/\/fip.unsa.edu.pe\/ingambiental\/wp-json\/wp\/v2\/pages\/1124\/revisions"}],"predecessor-version":[{"id":1383,"href":"https:\/\/fip.unsa.edu.pe\/ingambiental\/wp-json\/wp\/v2\/pages\/1124\/revisions\/1383"}],"wp:featuredmedia":[{"embeddable":true,"href":"https:\/\/fip.unsa.edu.pe\/ingambiental\/wp-json\/wp\/v2\/media\/1255"}],"wp:attachment":[{"href":"https:\/\/fip.unsa.edu.pe\/ingambiental\/wp-json\/wp\/v2\/media?parent=1124"}],"curies":[{"name":"wp","href":"https:\/\/api.w.org\/{rel}","templated":true}]}}