{"id":1128,"date":"2017-07-17T13:19:36","date_gmt":"2017-07-17T13:19:36","guid":{"rendered":"http:\/\/www2.unsa.edu.pe\/escuelas\/ingambiental\/?page_id=1128"},"modified":"2025-07-22T15:23:21","modified_gmt":"2025-07-22T20:23:21","slug":"vision-y-mision","status":"publish","type":"page","link":"https:\/\/fip.unsa.edu.pe\/ingambiental\/vision-y-mision\/","title":{"rendered":"Visi\u00f3n y Misi\u00f3n"},"content":{"rendered":"<div class=\"cua-gra\"><img loading=\"lazy\" decoding=\"async\" class=\"hidden-xs alignnone size-medium wp-image-1823\" src=\"https:\/\/fip.unsa.edu.pe\/ingambiental\/wp-content\/uploads\/sites\/7\/2024\/09\/WhatsApp-Image-2024-09-09-at-10.16.16-AM-360x203.jpeg\" alt=\"\" width=\"360\" height=\"203\" \/><\/p>\n<h1>Misi\u00f3n<\/h1>\n<p>Formar profesionales del m\u00e1s alto nivel cient\u00edfico, tecnol\u00f3gico y human\u00edstico; creativos, innovadores y comprometidos con la b\u00fasqueda de los valores, la investigaci\u00f3n cient\u00edfica \u2013 tecnol\u00f3gica, para conservar, recuperar y remediar el medio ambiente mediante la b\u00fasqueda y aplicaci\u00f3n de tecnolog\u00edas que contribuyan al desarrollo sostenible, elevaci\u00f3n de calidad de vida y el bienestar social en el \u00e1mbito regional y nacional. <\/div>\n<p>&nbsp;<\/p>\n","protected":false},"excerpt":{"rendered":"<p>&nbsp;<\/p>\n","protected":false},"author":1,"featured_media":0,"parent":0,"menu_order":0,"comment_status":"closed","ping_status":"closed","template":"page-blanco.php","meta":{"_acf_changed":false,"footnotes":""},"class_list":["post-1128","page","type-page","status-publish","hentry"],"acf":[],"_links":{"self":[{"href":"https:\/\/fip.unsa.edu.pe\/ingambiental\/wp-json\/wp\/v2\/pages\/1128","targetHints":{"allow":["GET"]}}],"collection":[{"href":"https:\/\/fip.unsa.edu.pe\/ingambiental\/wp-json\/wp\/v2\/pages"}],"about":[{"href":"https:\/\/fip.unsa.edu.pe\/ingambiental\/wp-json\/wp\/v2\/types\/page"}],"author":[{"embeddable":true,"href":"https:\/\/fip.unsa.edu.pe\/ingambiental\/wp-json\/wp\/v2\/users\/1"}],"replies":[{"embeddable":true,"href":"https:\/\/fip.unsa.edu.pe\/ingambiental\/wp-json\/wp\/v2\/comments?post=1128"}],"version-history":[{"count":9,"href":"https:\/\/fip.unsa.edu.pe\/ingambiental\/wp-json\/wp\/v2\/pages\/1128\/revisions"}],"predecessor-version":[{"id":1824,"href":"https:\/\/fip.unsa.edu.pe\/ingambiental\/wp-json\/wp\/v2\/pages\/1128\/revisions\/1824"}],"wp:attachment":[{"href":"https:\/\/fip.unsa.edu.pe\/ingambiental\/wp-json\/wp\/v2\/media?parent=1128"}],"curies":[{"name":"wp","href":"https:\/\/api.w.org\/{rel}","templated":true}]}}