{"id":1145,"date":"2017-07-17T15:21:53","date_gmt":"2017-07-17T15:21:53","guid":{"rendered":"http:\/\/www2.unsa.edu.pe\/escuelas\/ingambiental\/?page_id=1145"},"modified":"2025-07-22T15:43:51","modified_gmt":"2025-07-22T20:43:51","slug":"personal-administrativo","status":"publish","type":"page","link":"https:\/\/fip.unsa.edu.pe\/ingambiental\/personal-administrativo\/","title":{"rendered":"Personal Administrativo"},"content":{"rendered":"<p>Personal Administrativo que presta servicio a la Escuela Profesional:<\/p>\n<p>&nbsp;<\/p>\n<table class=\"table table-striped\" cellspacing=\"0\" cellpadding=\"0\">\n<tbody>\n<tr>\n<th>Cargo<\/th>\n<th>Nombres y Apellidos<\/th>\n<\/tr>\n<tr>\n<td>Secretar\u00eda Administrativa<\/td>\n<td>Tec. Doris Marina Almonte Flores<\/td>\n<\/tr>\n<tr>\n<td>T\u00e9cnico de Laboratorio<\/td>\n<td>Ing. Heidy Katherine Sumire Ramos<\/td>\n<\/tr>\n<tr>\n<td>T\u00e9cnico de Laboratorio<\/td>\n<td>Ing. Roel Javier Huallpa Condori<\/td>\n<\/tr>\n<tr>\n<td>T\u00e9cnico de Laboratorio<\/td>\n<td>Ing. Christian Paul Apucusi Vargas<\/td>\n<\/tr>\n<tr>\n<td>T\u00e9cnico de Laboratorio<\/td>\n<td>Bach. Maria Adela Mamani Due\u00f1as<\/td>\n<\/tr>\n<tr>\n<td>Encargada de Acreditaci\u00f3n<\/td>\n<td>Ing. Araceli Marcela Arutaype Guzman<\/td>\n<\/tr>\n<tr>\n<td>Conserjer\u00eda y limpieza<\/td>\n<td>Salustiana C\u00e1ceres C\u00e1ceres<\/td>\n<\/tr>\n<tr>\n<td>Conserjer\u00eda y limpieza<\/td>\n<td>Julia Betancur Atajo<\/td>\n<\/tr>\n<tr>\n<td>Conserjer\u00eda y limpieza<\/td>\n<td>Isabel Siarela Ayala Pinto<\/td>\n<\/tr>\n<\/tbody>\n<\/table>\n","protected":false},"excerpt":{"rendered":"<p>Personal Administrativo que presta servicio a la Escuela Profesional: &nbsp; Cargo Nombres y Apellidos Secretar\u00eda Administrativa Tec. Doris Marina Almonte Flores T\u00e9cnico de Laboratorio Ing. Heidy Katherine Sumire Ramos T\u00e9cnico de Laboratorio Ing. Roel Javier Huallpa Condori T\u00e9cnico de Laboratorio Ing. Christian Paul Apucusi Vargas T\u00e9cnico de Laboratorio Bach. Maria Adela Mamani Due\u00f1as Encargada de [&hellip;]<\/p>\n","protected":false},"author":1,"featured_media":1855,"parent":0,"menu_order":0,"comment_status":"closed","ping_status":"closed","template":"","meta":{"_acf_changed":false,"footnotes":""},"class_list":["post-1145","page","type-page","status-publish","has-post-thumbnail","hentry"],"acf":[],"_links":{"self":[{"href":"https:\/\/fip.unsa.edu.pe\/ingambiental\/wp-json\/wp\/v2\/pages\/1145","targetHints":{"allow":["GET"]}}],"collection":[{"href":"https:\/\/fip.unsa.edu.pe\/ingambiental\/wp-json\/wp\/v2\/pages"}],"about":[{"href":"https:\/\/fip.unsa.edu.pe\/ingambiental\/wp-json\/wp\/v2\/types\/page"}],"author":[{"embeddable":true,"href":"https:\/\/fip.unsa.edu.pe\/ingambiental\/wp-json\/wp\/v2\/users\/1"}],"replies":[{"embeddable":true,"href":"https:\/\/fip.unsa.edu.pe\/ingambiental\/wp-json\/wp\/v2\/comments?post=1145"}],"version-history":[{"count":13,"href":"https:\/\/fip.unsa.edu.pe\/ingambiental\/wp-json\/wp\/v2\/pages\/1145\/revisions"}],"predecessor-version":[{"id":1882,"href":"https:\/\/fip.unsa.edu.pe\/ingambiental\/wp-json\/wp\/v2\/pages\/1145\/revisions\/1882"}],"wp:featuredmedia":[{"embeddable":true,"href":"https:\/\/fip.unsa.edu.pe\/ingambiental\/wp-json\/wp\/v2\/media\/1855"}],"wp:attachment":[{"href":"https:\/\/fip.unsa.edu.pe\/ingambiental\/wp-json\/wp\/v2\/media?parent=1145"}],"curies":[{"name":"wp","href":"https:\/\/api.w.org\/{rel}","templated":true}]}}