{"id":1152,"date":"2017-07-17T15:26:35","date_gmt":"2017-07-17T15:26:35","guid":{"rendered":"http:\/\/www2.unsa.edu.pe\/escuelas\/ingambiental\/?page_id=1152"},"modified":"2018-12-28T09:33:46","modified_gmt":"2018-12-28T14:33:46","slug":"perfil-del-egresado","status":"publish","type":"page","link":"https:\/\/fip.unsa.edu.pe\/ingambiental\/perfil-del-egresado\/","title":{"rendered":"Perfil del Egresado"},"content":{"rendered":"<p>El ingeniero ambiental es un profesional formado con visi\u00f3n integral, capaz de identificar, comprender y proponer alternativas de soluci\u00f3n a problemas medioambientales, haciendo uso de conocimientos cient\u00edficos, tecnol\u00f3gicos y human\u00edsticos; optimizando procesos y minimizando costos. Que permite el desarrollo sostenible y sustentable de la industria, previniendo problemas de contaminaci\u00f3n o minimizando el impacto a trav\u00e9s de estrategias de reutilizaci\u00f3n e incorporaci\u00f3n de nuevas tecnolog\u00edas de procesamiento y de control. El perfil del egresado se enmarca en:<\/p>\n<ul>\n<li>S\u00f3lida formaci\u00f3n integral que le permiten ser eficiente y eficaz en el desempe\u00f1o de su profesi\u00f3n<\/li>\n<li>Capacidad de dise\u00f1ar, dirigir y ejecutar proyectos de saneamiento y tratamiento de agua, aire, suelo aplicando procesos y tecnolog\u00edas para optimizar los resultados<\/li>\n<li>Optimiza y adopta y tecnolog\u00edas limpias para prevenir, diagnosticar y controlar el impacto ambiental generado por las actividades humanas<\/li>\n<li>Capacidad de manejo eficaz de instrumentos y t\u00e9cnicas necesarias para dise\u00f1ar, dirigir programas de Gesti\u00f3n Ambiental y de Recursos Naturales<\/li>\n<li>Planifica, organiza, dirige, ejecuta y controla las actividades que permitan prevenir, remediar, preservar y conservar el medio ambiente<\/li>\n<li>Capacidad de interpretar, interrelacionar la realidad social y los procesos ambientales, el deterioro de los recursos naturales, en el \u00e1mbito local, regional, nacional e internacional<\/li>\n<li>Capacidad de investigar y producir conocimientos human\u00edsticos, cient\u00edficos, tecnol\u00f3gicos en forma integral en la soluci\u00f3n de problemas ambientales<\/li>\n<li>Ingenio y creatividad para enfrentar con \u00e9xito los retos del desarrollo del siglo XXI<\/li>\n<\/ul>\n","protected":false},"excerpt":{"rendered":"<p>El ingeniero ambiental es un profesional formado con visi\u00f3n integral, capaz de identificar, comprender y proponer alternativas de soluci\u00f3n a problemas medioambientales, haciendo uso de conocimientos cient\u00edficos, tecnol\u00f3gicos y human\u00edsticos; optimizando procesos y minimizando costos. Que permite el desarrollo sostenible y sustentable de la industria, previniendo problemas de contaminaci\u00f3n o minimizando el impacto a trav\u00e9s [&hellip;]<\/p>\n","protected":false},"author":1,"featured_media":1268,"parent":0,"menu_order":0,"comment_status":"closed","ping_status":"closed","template":"","meta":{"_acf_changed":false,"footnotes":""},"class_list":["post-1152","page","type-page","status-publish","has-post-thumbnail","hentry"],"acf":[],"_links":{"self":[{"href":"https:\/\/fip.unsa.edu.pe\/ingambiental\/wp-json\/wp\/v2\/pages\/1152","targetHints":{"allow":["GET"]}}],"collection":[{"href":"https:\/\/fip.unsa.edu.pe\/ingambiental\/wp-json\/wp\/v2\/pages"}],"about":[{"href":"https:\/\/fip.unsa.edu.pe\/ingambiental\/wp-json\/wp\/v2\/types\/page"}],"author":[{"embeddable":true,"href":"https:\/\/fip.unsa.edu.pe\/ingambiental\/wp-json\/wp\/v2\/users\/1"}],"replies":[{"embeddable":true,"href":"https:\/\/fip.unsa.edu.pe\/ingambiental\/wp-json\/wp\/v2\/comments?post=1152"}],"version-history":[{"count":10,"href":"https:\/\/fip.unsa.edu.pe\/ingambiental\/wp-json\/wp\/v2\/pages\/1152\/revisions"}],"predecessor-version":[{"id":1631,"href":"https:\/\/fip.unsa.edu.pe\/ingambiental\/wp-json\/wp\/v2\/pages\/1152\/revisions\/1631"}],"wp:featuredmedia":[{"embeddable":true,"href":"https:\/\/fip.unsa.edu.pe\/ingambiental\/wp-json\/wp\/v2\/media\/1268"}],"wp:attachment":[{"href":"https:\/\/fip.unsa.edu.pe\/ingambiental\/wp-json\/wp\/v2\/media?parent=1152"}],"curies":[{"name":"wp","href":"https:\/\/api.w.org\/{rel}","templated":true}]}}