{"id":1162,"date":"2017-07-17T15:33:11","date_gmt":"2017-07-17T15:33:11","guid":{"rendered":"http:\/\/www2.unsa.edu.pe\/escuelas\/ingambiental\/?page_id=1162"},"modified":"2019-07-05T10:05:58","modified_gmt":"2019-07-05T15:05:58","slug":"campo-ocupacional","status":"publish","type":"page","link":"https:\/\/fip.unsa.edu.pe\/ingambiental\/campo-ocupacional\/","title":{"rendered":"Campo Ocupacional"},"content":{"rendered":"<p>Los egresados de la Ingenier\u00eda Ambiental de la\u00a0 UNSA, podr\u00e1n desarrollarse con un marcado esp\u00edritu de liderazgo y \u00e9tica, tanto en los mercados regionales, nacionales e internacionales a nivel de gerencia, direcci\u00f3n o especialista en:<\/p>\n<ul>\n<li>Organismos p\u00fablicos a nivel de gobierno central, regional y municipal; organismos desconcentrados y\/o descentralizados.<\/li>\n<li>Empresas del sector industrial en general, y de los ramos minero \u2013 metal\u00fargico, energ\u00e9tico, agricultura, agroindustria, turismo, proyectos civiles, etc.<\/li>\n<li>Empresas sanitarias, vertederos y estaciones de transferencia, el manejo y control de residuos industriales y hospitalarios.<\/li>\n<li>Instituciones educativas de nivel medio y superior.<\/li>\n<li>Institutos, y\/o centros de investigaci\u00f3n tanto p\u00fablicos como privados.<\/li>\n<li>Organizaciones no gubernamentales encaminadas a la promoci\u00f3n de Cultura ambiental.<\/li>\n<li>Profesional independiente que realiza asesor\u00eda, consultor\u00eda en proyectos de desarrollo ambiental, capacitaci\u00f3n, estudios de impacto ambiental, de riesgo, auditor\u00edas ambientales, propuesta de innovaciones tecnol\u00f3gicas.<\/li>\n<\/ul>\n","protected":false},"excerpt":{"rendered":"<p>Los egresados de la Ingenier\u00eda Ambiental de la\u00a0 UNSA, podr\u00e1n desarrollarse con un marcado esp\u00edritu de liderazgo y \u00e9tica, tanto en los mercados regionales, nacionales e internacionales a nivel de gerencia, direcci\u00f3n o especialista en: Organismos p\u00fablicos a nivel de gobierno central, regional y municipal; organismos desconcentrados y\/o descentralizados. Empresas del sector industrial en general, [&hellip;]<\/p>\n","protected":false},"author":1,"featured_media":1257,"parent":0,"menu_order":0,"comment_status":"closed","ping_status":"closed","template":"","meta":{"_acf_changed":false,"footnotes":""},"class_list":["post-1162","page","type-page","status-publish","has-post-thumbnail","hentry"],"acf":[],"_links":{"self":[{"href":"https:\/\/fip.unsa.edu.pe\/ingambiental\/wp-json\/wp\/v2\/pages\/1162","targetHints":{"allow":["GET"]}}],"collection":[{"href":"https:\/\/fip.unsa.edu.pe\/ingambiental\/wp-json\/wp\/v2\/pages"}],"about":[{"href":"https:\/\/fip.unsa.edu.pe\/ingambiental\/wp-json\/wp\/v2\/types\/page"}],"author":[{"embeddable":true,"href":"https:\/\/fip.unsa.edu.pe\/ingambiental\/wp-json\/wp\/v2\/users\/1"}],"replies":[{"embeddable":true,"href":"https:\/\/fip.unsa.edu.pe\/ingambiental\/wp-json\/wp\/v2\/comments?post=1162"}],"version-history":[{"count":1,"href":"https:\/\/fip.unsa.edu.pe\/ingambiental\/wp-json\/wp\/v2\/pages\/1162\/revisions"}],"predecessor-version":[{"id":1651,"href":"https:\/\/fip.unsa.edu.pe\/ingambiental\/wp-json\/wp\/v2\/pages\/1162\/revisions\/1651"}],"wp:featuredmedia":[{"embeddable":true,"href":"https:\/\/fip.unsa.edu.pe\/ingambiental\/wp-json\/wp\/v2\/media\/1257"}],"wp:attachment":[{"href":"https:\/\/fip.unsa.edu.pe\/ingambiental\/wp-json\/wp\/v2\/media?parent=1162"}],"curies":[{"name":"wp","href":"https:\/\/api.w.org\/{rel}","templated":true}]}}