{"id":1747,"date":"2024-08-26T14:34:12","date_gmt":"2024-08-26T19:34:12","guid":{"rendered":"https:\/\/fip.unsa.edu.pe\/ingambiental\/?page_id=1747"},"modified":"2025-07-22T16:01:49","modified_gmt":"2025-07-22T21:01:49","slug":"comisiones","status":"publish","type":"page","link":"https:\/\/fip.unsa.edu.pe\/ingambiental\/comisiones\/","title":{"rendered":"Comisiones"},"content":{"rendered":"<h3>Escuela Profesional de Ingenier\u00eda Ambiental<\/h3>\n<p><strong>Comisi\u00f3n de Calidad y Mejora Continua: <a href=\"https:\/\/fip.unsa.edu.pe\/ingambiental\/wp-content\/uploads\/sites\/7\/2025\/07\/RESOLUCION-DIRECTORAL-001-EPIAM-2025-1-1.pdf\">Ver Resoluci\u00f3n Directoral 001-2025 Comisi\u00f3n de Calidad y Mejora Continua<\/a><\/strong><\/p>\n<p><strong>Comisi\u00f3n Acad\u00e9mica: <a href=\"https:\/\/fip.unsa.edu.pe\/ingambiental\/wp-content\/uploads\/sites\/7\/2025\/07\/OFICIO-042-COMISION-ACADEMICA-1.pdf\">Ver Oficio 042-2025 Comisi\u00f3n Acad\u00e9mica<\/a><\/strong><\/p>\n<p><strong>Comisi\u00f3n Infraestructura: <a href=\"https:\/\/fip.unsa.edu.pe\/ingambiental\/wp-content\/uploads\/sites\/7\/2025\/07\/OFICIO-051-COMISION-INFRAESTRUCTURA-1.pdf\">Ver Oficio 051-2025 Comisi\u00f3n de Infraestructura<\/a><\/strong><\/p>\n<p><strong>Comisi\u00f3n de Responsabilidad Social: <a href=\"https:\/\/fip.unsa.edu.pe\/ingambiental\/wp-content\/uploads\/sites\/7\/2025\/07\/OFICIO-052-COMISION-RESPONSABILIDAD-SOCIAL-1.pdf\">Ver Oficio 052-2025 Comisi\u00f3n de Responsabilidad Social<\/a><\/strong><\/p>\n<p><strong>Comisi\u00f3n de Centro de Documentaci\u00f3n: <a href=\"https:\/\/fip.unsa.edu.pe\/ingambiental\/wp-content\/uploads\/sites\/7\/2025\/07\/oficio-179-REPONSABLE-CENDOC-1.pdf\">Ver Oficio 179-2025 Comisi\u00f3n de Centro de Documentaci\u00f3n<\/a><\/strong><\/p>\n<p><strong>Comisi\u00f3n de Centro de C\u00f3mputo: <a href=\"https:\/\/fip.unsa.edu.pe\/ingambiental\/wp-content\/uploads\/sites\/7\/2025\/07\/OFICIO-054-COMISION-COMPUTO-1.pdf\">Ver Oficio 054-2025 Comisi\u00f3n de Centro de C\u00f3mputo<\/a><\/strong><\/p>\n<p><strong>Resoluci\u00f3n Decanal de la Comisi\u00f3n de Tutor\u00eda: <a href=\"https:\/\/fip.unsa.edu.pe\/ingambiental\/wp-content\/uploads\/sites\/7\/2025\/07\/Res.-Dec.-207-2025-Comision-Tutoria-EPIAMR-1.pdf\">Ver Res. Dec. 207-2025 Comisi\u00f3n de Tutor\u00eda<\/a><\/strong><\/p>\n<p><strong>Comisi\u00f3n de Seguimiento al Egresado: <a href=\"https:\/\/fip.unsa.edu.pe\/ingambiental\/wp-content\/uploads\/sites\/7\/2025\/07\/OFICIO-108-2025-COMISION-DE-EGRESADOS-2-1.pdf\">Ver Oficio 108-2025 Comisi\u00f3n de Seguimiento al Egresado<\/a><\/strong><\/p>\n<p><strong>Comisi\u00f3n Temporal de la Actualizaci\u00f3n de la P\u00e1gina Web: <a href=\"https:\/\/fip.unsa.edu.pe\/ingambiental\/wp-content\/uploads\/sites\/7\/2025\/07\/OFICIO-ACTUALIZACION-DE-PAGINA-WEB-1.pdf\">Ver Oficio 181-2025 Comisi\u00f3n Temporal de la Actualizaci\u00f3n de la P\u00e1gina Web<\/a><\/strong><\/p>\n","protected":false},"excerpt":{"rendered":"<p>Escuela Profesional de Ingenier\u00eda Ambiental Comisi\u00f3n de Calidad y Mejora Continua: Ver Resoluci\u00f3n Directoral 001-2025 Comisi\u00f3n de Calidad y Mejora Continua Comisi\u00f3n Acad\u00e9mica: Ver Oficio 042-2025 Comisi\u00f3n Acad\u00e9mica Comisi\u00f3n Infraestructura: Ver Oficio 051-2025 Comisi\u00f3n de Infraestructura Comisi\u00f3n de Responsabilidad Social: Ver Oficio 052-2025 Comisi\u00f3n de Responsabilidad Social Comisi\u00f3n de Centro de Documentaci\u00f3n: Ver Oficio 179-2025 [&hellip;]<\/p>\n","protected":false},"author":12,"featured_media":0,"parent":0,"menu_order":0,"comment_status":"closed","ping_status":"closed","template":"","meta":{"_acf_changed":false,"footnotes":""},"class_list":["post-1747","page","type-page","status-publish","hentry"],"acf":[],"_links":{"self":[{"href":"https:\/\/fip.unsa.edu.pe\/ingambiental\/wp-json\/wp\/v2\/pages\/1747","targetHints":{"allow":["GET"]}}],"collection":[{"href":"https:\/\/fip.unsa.edu.pe\/ingambiental\/wp-json\/wp\/v2\/pages"}],"about":[{"href":"https:\/\/fip.unsa.edu.pe\/ingambiental\/wp-json\/wp\/v2\/types\/page"}],"author":[{"embeddable":true,"href":"https:\/\/fip.unsa.edu.pe\/ingambiental\/wp-json\/wp\/v2\/users\/12"}],"replies":[{"embeddable":true,"href":"https:\/\/fip.unsa.edu.pe\/ingambiental\/wp-json\/wp\/v2\/comments?post=1747"}],"version-history":[{"count":19,"href":"https:\/\/fip.unsa.edu.pe\/ingambiental\/wp-json\/wp\/v2\/pages\/1747\/revisions"}],"predecessor-version":[{"id":1892,"href":"https:\/\/fip.unsa.edu.pe\/ingambiental\/wp-json\/wp\/v2\/pages\/1747\/revisions\/1892"}],"wp:attachment":[{"href":"https:\/\/fip.unsa.edu.pe\/ingambiental\/wp-json\/wp\/v2\/media?parent=1747"}],"curies":[{"name":"wp","href":"https:\/\/api.w.org\/{rel}","templated":true}]}}