{"id":1861,"date":"2024-11-20T09:35:47","date_gmt":"2024-11-20T14:35:47","guid":{"rendered":"https:\/\/fip.unsa.edu.pe\/ingambiental\/?page_id=1861"},"modified":"2024-11-20T15:01:44","modified_gmt":"2024-11-20T20:01:44","slug":"perfil-del-postulante","status":"publish","type":"page","link":"https:\/\/fip.unsa.edu.pe\/ingambiental\/perfil-del-postulante\/","title":{"rendered":"Perfil del Postulante"},"content":{"rendered":"<p>Es deseable que el postulante interesado en el Programa de  Ingenier\u00eda Ambiental disponga de las siguientes competencias y\/o caracter\u00edsticas:<\/p>\n<ul>\n \t1.\tInter\u00e9s por la F\u00edsica, Qu\u00edmica, Matem\u00e1ticas y las ciencias en general.<br \/>\n \t2.\tDemostrar inter\u00e9s genuino por comprender la din\u00e1mica del medio ambiente y sus componentes.<br \/>\n \t3.\tTener inter\u00e9s en desarrollar investigaci\u00f3n frente a desaf\u00edos ambientales.<br \/>\n \t4.\tContar con vocaci\u00f3n de servicio, dispuesto a contribuir al bienestar de las comunidades y seres vivos.<br \/>\n \t5.\tCapacidad para trabajar en equipo en busca de un impacto positivo en el ambiente y la sociedad.<\/p>\n<\/ul>\n","protected":false},"excerpt":{"rendered":"<p>Es deseable que el postulante interesado en el Programa de Ingenier\u00eda Ambiental disponga de las siguientes competencias y\/o caracter\u00edsticas: 1. Inter\u00e9s por la F\u00edsica, Qu\u00edmica, Matem\u00e1ticas y las ciencias en general. 2. Demostrar inter\u00e9s genuino por comprender la din\u00e1mica del medio ambiente y sus componentes. 3. Tener inter\u00e9s en desarrollar investigaci\u00f3n frente a desaf\u00edos ambientales. [&hellip;]<\/p>\n","protected":false},"author":12,"featured_media":1838,"parent":0,"menu_order":0,"comment_status":"closed","ping_status":"closed","template":"","meta":{"_acf_changed":false,"footnotes":""},"class_list":["post-1861","page","type-page","status-publish","has-post-thumbnail","hentry"],"acf":[],"_links":{"self":[{"href":"https:\/\/fip.unsa.edu.pe\/ingambiental\/wp-json\/wp\/v2\/pages\/1861","targetHints":{"allow":["GET"]}}],"collection":[{"href":"https:\/\/fip.unsa.edu.pe\/ingambiental\/wp-json\/wp\/v2\/pages"}],"about":[{"href":"https:\/\/fip.unsa.edu.pe\/ingambiental\/wp-json\/wp\/v2\/types\/page"}],"author":[{"embeddable":true,"href":"https:\/\/fip.unsa.edu.pe\/ingambiental\/wp-json\/wp\/v2\/users\/12"}],"replies":[{"embeddable":true,"href":"https:\/\/fip.unsa.edu.pe\/ingambiental\/wp-json\/wp\/v2\/comments?post=1861"}],"version-history":[{"count":5,"href":"https:\/\/fip.unsa.edu.pe\/ingambiental\/wp-json\/wp\/v2\/pages\/1861\/revisions"}],"predecessor-version":[{"id":1975,"href":"https:\/\/fip.unsa.edu.pe\/ingambiental\/wp-json\/wp\/v2\/pages\/1861\/revisions\/1975"}],"wp:featuredmedia":[{"embeddable":true,"href":"https:\/\/fip.unsa.edu.pe\/ingambiental\/wp-json\/wp\/v2\/media\/1838"}],"wp:attachment":[{"href":"https:\/\/fip.unsa.edu.pe\/ingambiental\/wp-json\/wp\/v2\/media?parent=1861"}],"curies":[{"name":"wp","href":"https:\/\/api.w.org\/{rel}","templated":true}]}}