{"id":1919,"date":"2025-07-22T16:30:43","date_gmt":"2025-07-22T21:30:43","guid":{"rendered":"https:\/\/fip.unsa.edu.pe\/ingambiental\/?page_id=1919"},"modified":"2025-07-22T16:48:33","modified_gmt":"2025-07-22T21:48:33","slug":"egresados","status":"publish","type":"page","link":"https:\/\/fip.unsa.edu.pe\/ingambiental\/egresados\/","title":{"rendered":"Egresados"},"content":{"rendered":"<p><strong>La Escuela Profesional de Ingenier\u00eda Ambiental reconoce a sus egresados como actores clave en el fortalecimiento del programa. Esta secci\u00f3n est\u00e1 dedicada a ustedes, para mantener el v\u00ednculo activo, conocer su desarrollo profesional y fomentar oportunidades de colaboraci\u00f3n.<\/strong><\/p>\n<h4><strong>1. Encuesta de seguimiento al egresado<\/strong><\/h4>\n<p><strong>Tu opini\u00f3n nos ayuda a mejorar. Comparte tu experiencia laboral y acad\u00e9mica completando nuestra encuesta de seguimiento:<\/strong><\/p>\n<p><a href=\"https:\/\/forms.gle\/MSWMeskBWoxESzHVA\"><strong>https:\/\/forms.gle\/MSWMeskBWoxESzHVA<\/strong><\/a><\/p>\n<h4><strong>2. Bolsa de trabajo \/ oportunidades laborales<\/strong><\/h4>\n<p><a href=\"http:\/\/egresados.unsa.edu.pe\/rx_servlet_otr_con\"><strong>http:\/\/egresados.unsa.edu.pe\/rx_servlet_otr_con<\/strong><\/a><\/p>\n<h4><strong>3. Asociaci\u00f3n de egresados<\/strong><\/h4>\n<p><strong>\u00a0<a href=\"https:\/\/fip.unsa.edu.pe\/ingambiental\/wp-content\/uploads\/sites\/7\/2025\/07\/resolucion-decanal-aprobacion-Asociacion-de-Egresados-de-la-EPIAM-1-1.pdf\">Ver Resoluci\u00f3n Decanal 144-2020 Asociaci\u00f3n de Egresados de la Escuela Profesional de Ingenier\u00eda Ambiental<\/a><\/strong><\/p>\n<p><strong>Contacto de afiliaci\u00f3n:<\/strong><\/p>\n<p><strong>Christian Paul Apucusi Vargas<\/strong><\/p>\n<p><a href=\"mailto:capucusi@unsa.edu.pe\"><strong>capucusi@unsa.edu.pe<\/strong><\/a><\/p>\n","protected":false},"excerpt":{"rendered":"<p>La Escuela Profesional de Ingenier\u00eda Ambiental reconoce a sus egresados como actores clave en el fortalecimiento del programa. Esta secci\u00f3n est\u00e1 dedicada a ustedes, para mantener el v\u00ednculo activo, conocer su desarrollo profesional y fomentar oportunidades de colaboraci\u00f3n. 1. Encuesta de seguimiento al egresado Tu opini\u00f3n nos ayuda a mejorar. Comparte tu experiencia laboral y [&hellip;]<\/p>\n","protected":false},"author":12,"featured_media":0,"parent":0,"menu_order":0,"comment_status":"closed","ping_status":"closed","template":"","meta":{"_acf_changed":false,"footnotes":""},"class_list":["post-1919","page","type-page","status-publish","hentry"],"acf":[],"_links":{"self":[{"href":"https:\/\/fip.unsa.edu.pe\/ingambiental\/wp-json\/wp\/v2\/pages\/1919","targetHints":{"allow":["GET"]}}],"collection":[{"href":"https:\/\/fip.unsa.edu.pe\/ingambiental\/wp-json\/wp\/v2\/pages"}],"about":[{"href":"https:\/\/fip.unsa.edu.pe\/ingambiental\/wp-json\/wp\/v2\/types\/page"}],"author":[{"embeddable":true,"href":"https:\/\/fip.unsa.edu.pe\/ingambiental\/wp-json\/wp\/v2\/users\/12"}],"replies":[{"embeddable":true,"href":"https:\/\/fip.unsa.edu.pe\/ingambiental\/wp-json\/wp\/v2\/comments?post=1919"}],"version-history":[{"count":4,"href":"https:\/\/fip.unsa.edu.pe\/ingambiental\/wp-json\/wp\/v2\/pages\/1919\/revisions"}],"predecessor-version":[{"id":1926,"href":"https:\/\/fip.unsa.edu.pe\/ingambiental\/wp-json\/wp\/v2\/pages\/1919\/revisions\/1926"}],"wp:attachment":[{"href":"https:\/\/fip.unsa.edu.pe\/ingambiental\/wp-json\/wp\/v2\/media?parent=1919"}],"curies":[{"name":"wp","href":"https:\/\/api.w.org\/{rel}","templated":true}]}}