{"id":1104,"date":"2017-07-13T13:14:20","date_gmt":"2017-07-13T13:14:20","guid":{"rendered":"http:\/\/www2.unsa.edu.pe\/escuelas\/ingmateriales\/?page_id=1104"},"modified":"2025-07-17T22:41:19","modified_gmt":"2025-07-18T03:41:19","slug":"presentacion","status":"publish","type":"page","link":"https:\/\/fip.unsa.edu.pe\/ingmateriales\/presentacion\/","title":{"rendered":"Presentaci\u00f3n"},"content":{"rendered":"<p>La Escuela Profesional de Ingenier\u00eda de Materiales de la Universidad Nacional de San Agust\u00edn de Arequipa forma profesionales altamente capacitados en el estudio, desarrollo, caracterizaci\u00f3n y aplicaci\u00f3n de materiales como metales, cer\u00e1micos, pol\u00edmeros y compuestos, orientados a responder a las necesidades tecnol\u00f3gicas e industriales del pa\u00eds. Con una s\u00f3lida base en ciencias b\u00e1sicas e ingenier\u00eda, la carrera ofrece una formaci\u00f3n integral basada en la investigaci\u00f3n, la innovaci\u00f3n y la sostenibilidad, contando con modernos laboratorios, docentes especializados y una malla curricular actualizada. Acreditada por organismos de calidad educativa, esta escuela impulsa la formaci\u00f3n de ingenieros con alto sentido \u00e9tico y compromiso con el desarrollo regional y nacional, preparados para desempe\u00f1arse en sectores como miner\u00eda, metalurgia, construcci\u00f3n, energ\u00eda, manufactura avanzada y centros de investigaci\u00f3n.<\/p>\n","protected":false},"excerpt":{"rendered":"<p>La Escuela Profesional de Ingenier\u00eda de Materiales de la Universidad Nacional de San Agust\u00edn de Arequipa forma profesionales altamente capacitados en el estudio, desarrollo, caracterizaci\u00f3n y aplicaci\u00f3n de materiales como metales, cer\u00e1micos, pol\u00edmeros y compuestos, orientados a responder a las necesidades tecnol\u00f3gicas e industriales del pa\u00eds. Con una s\u00f3lida base en ciencias b\u00e1sicas e ingenier\u00eda, [&hellip;]<\/p>\n","protected":false},"author":1,"featured_media":1878,"parent":0,"menu_order":0,"comment_status":"closed","ping_status":"closed","template":"page-imagen.php","meta":{"_acf_changed":false,"footnotes":""},"class_list":["post-1104","page","type-page","status-publish","has-post-thumbnail","hentry"],"acf":[],"_links":{"self":[{"href":"https:\/\/fip.unsa.edu.pe\/ingmateriales\/wp-json\/wp\/v2\/pages\/1104","targetHints":{"allow":["GET"]}}],"collection":[{"href":"https:\/\/fip.unsa.edu.pe\/ingmateriales\/wp-json\/wp\/v2\/pages"}],"about":[{"href":"https:\/\/fip.unsa.edu.pe\/ingmateriales\/wp-json\/wp\/v2\/types\/page"}],"author":[{"embeddable":true,"href":"https:\/\/fip.unsa.edu.pe\/ingmateriales\/wp-json\/wp\/v2\/users\/1"}],"replies":[{"embeddable":true,"href":"https:\/\/fip.unsa.edu.pe\/ingmateriales\/wp-json\/wp\/v2\/comments?post=1104"}],"version-history":[{"count":5,"href":"https:\/\/fip.unsa.edu.pe\/ingmateriales\/wp-json\/wp\/v2\/pages\/1104\/revisions"}],"predecessor-version":[{"id":2201,"href":"https:\/\/fip.unsa.edu.pe\/ingmateriales\/wp-json\/wp\/v2\/pages\/1104\/revisions\/2201"}],"wp:featuredmedia":[{"embeddable":true,"href":"https:\/\/fip.unsa.edu.pe\/ingmateriales\/wp-json\/wp\/v2\/media\/1878"}],"wp:attachment":[{"href":"https:\/\/fip.unsa.edu.pe\/ingmateriales\/wp-json\/wp\/v2\/media?parent=1104"}],"curies":[{"name":"wp","href":"https:\/\/api.w.org\/{rel}","templated":true}]}}