{"id":1106,"date":"2017-07-13T13:18:18","date_gmt":"2017-07-13T13:18:18","guid":{"rendered":"http:\/\/www2.unsa.edu.pe\/escuelas\/ingmateriales\/?page_id=1106"},"modified":"2025-07-17T22:40:02","modified_gmt":"2025-07-18T03:40:02","slug":"resena-historica","status":"publish","type":"page","link":"https:\/\/fip.unsa.edu.pe\/ingmateriales\/resena-historica\/","title":{"rendered":"Rese\u00f1a Hist\u00f3rica"},"content":{"rendered":"<p>La Escuela Profesional de Ingenier\u00eda de Materiales perteneciente a la Facultad de Ingenier\u00eda de Procesos de la Universidad Nacional de San Agust\u00edn de Arequipa (UNSA) fue establecida formalmente el 17 de febrero de 1995, mediante la Resoluci\u00f3n Rectoral N\u00ba\u202f105\u201195, con el prop\u00f3sito de ampliar la oferta acad\u00e9mica y responder a la demanda industrial y tecnol\u00f3gica en la regi\u00f3n, bajo la autonom\u00eda universitaria. Desde su creaci\u00f3n, ha atravesado varios planes de estudios: inicialmente sigui\u00f3 el esquema del a\u00f1o 1995, 1997, 2001, 2006 y 2017 y actualmente sigue el plan curricular vigente de 2017 y el nuevo plan 2025 que esta ajustado a est\u00e1ndares modernos, ha logrado el reconocimiento institucional mediante su acreditaci\u00f3n por el ICACIT, lo que certifica la calidad y pertinencia de su formaci\u00f3n.<\/p>\n<p>Desde sus inicios, la escuela ha desarrollado una infraestructura s\u00f3lida, con laboratorios especializados en caracterizaci\u00f3n de materiales, tratamientos t\u00e9rmicos, pol\u00edmeros, cer\u00e1micos y metales, apoyando la formaci\u00f3n de ingenieros capaces de atender las necesidades del sector productivo regional y nacional. En resumen, en poco m\u00e1s de 25 a\u00f1os, la Escuela Profesional se ha consolidado como un pilar en la UNSA, vincul\u00e1ndose activamente con la investigaci\u00f3n, la industria, y la calidad educativa en el campo de los materiales.<\/p>\n","protected":false},"excerpt":{"rendered":"<p>La Escuela Profesional de Ingenier\u00eda de Materiales perteneciente a la Facultad de Ingenier\u00eda de Procesos de la Universidad Nacional de San Agust\u00edn de Arequipa (UNSA) fue establecida formalmente el 17 de febrero de 1995, mediante la Resoluci\u00f3n Rectoral N\u00ba\u202f105\u201195, con el prop\u00f3sito de ampliar la oferta acad\u00e9mica y responder a la demanda industrial y tecnol\u00f3gica [&hellip;]<\/p>\n","protected":false},"author":1,"featured_media":1287,"parent":0,"menu_order":0,"comment_status":"closed","ping_status":"closed","template":"page-imagen.php","meta":{"_acf_changed":false,"footnotes":""},"class_list":["post-1106","page","type-page","status-publish","has-post-thumbnail","hentry"],"acf":[],"_links":{"self":[{"href":"https:\/\/fip.unsa.edu.pe\/ingmateriales\/wp-json\/wp\/v2\/pages\/1106","targetHints":{"allow":["GET"]}}],"collection":[{"href":"https:\/\/fip.unsa.edu.pe\/ingmateriales\/wp-json\/wp\/v2\/pages"}],"about":[{"href":"https:\/\/fip.unsa.edu.pe\/ingmateriales\/wp-json\/wp\/v2\/types\/page"}],"author":[{"embeddable":true,"href":"https:\/\/fip.unsa.edu.pe\/ingmateriales\/wp-json\/wp\/v2\/users\/1"}],"replies":[{"embeddable":true,"href":"https:\/\/fip.unsa.edu.pe\/ingmateriales\/wp-json\/wp\/v2\/comments?post=1106"}],"version-history":[{"count":8,"href":"https:\/\/fip.unsa.edu.pe\/ingmateriales\/wp-json\/wp\/v2\/pages\/1106\/revisions"}],"predecessor-version":[{"id":2200,"href":"https:\/\/fip.unsa.edu.pe\/ingmateriales\/wp-json\/wp\/v2\/pages\/1106\/revisions\/2200"}],"wp:featuredmedia":[{"embeddable":true,"href":"https:\/\/fip.unsa.edu.pe\/ingmateriales\/wp-json\/wp\/v2\/media\/1287"}],"wp:attachment":[{"href":"https:\/\/fip.unsa.edu.pe\/ingmateriales\/wp-json\/wp\/v2\/media?parent=1106"}],"curies":[{"name":"wp","href":"https:\/\/api.w.org\/{rel}","templated":true}]}}