{"id":1109,"date":"2017-07-13T13:22:14","date_gmt":"2017-07-13T13:22:14","guid":{"rendered":"http:\/\/www2.unsa.edu.pe\/escuelas\/ingmateriales\/?page_id=1109"},"modified":"2019-07-05T10:18:11","modified_gmt":"2019-07-05T15:18:11","slug":"vision-y-mision","status":"publish","type":"page","link":"https:\/\/fip.unsa.edu.pe\/ingmateriales\/vision-y-mision\/","title":{"rendered":"Misi\u00f3n"},"content":{"rendered":"<div class=\"cua-gri\"><\/p>\n<h1>Misi\u00f3n<img loading=\"lazy\" decoding=\"async\" class=\"hidden-xs alignnone size-medium wp-image-1192\" src=\"https:\/\/fip.unsa.edu.pe\/ingmateriales\/wp-content\/uploads\/sites\/8\/2017\/07\/ing_materiales_004.-360x203.jpg\" alt=\"\" width=\"360\" height=\"203\" \/><\/h1>\n<p>Formar profesionales con altos valores human\u00edsticos e integral, con amplios conocimientos, habilidades y fortalezas en las \u00e1reas de metales, cer\u00e1micos, pol\u00edmeros y compuestos.<br \/>\nEl estudiante que acceda a la Escuela Profesional de Ingenier\u00eda de Materiales encontrar\u00e1 un espacio libre para su desarrollo humano y profesional, gracias a una curr\u00edcula integrada, en \u00e1reas fundamentales y especializadas que son inherentes a su campo profesional. Nuestro compromiso es fomentar y fortalecer el esp\u00edritu cr\u00edtico y reflexivo de nuestros estudiantes, creando una cultura de investigaci\u00f3n y difusi\u00f3n con la finalidad de aportar al desarrollo de nuestra sociedad. El Plan Curricular ser\u00e1 el instrumento que genere la acreditaci\u00f3n de la Escuela Profesional de Ingenier\u00eda de Materiales.<\/p>\n<p><\/div>\n<p>&nbsp;<\/p>\n<p>&nbsp;<\/p>\n","protected":false},"excerpt":{"rendered":"<p>&nbsp; &nbsp;<\/p>\n","protected":false},"author":1,"featured_media":0,"parent":0,"menu_order":0,"comment_status":"closed","ping_status":"closed","template":"page-blanco.php","meta":{"_acf_changed":false,"footnotes":""},"class_list":["post-1109","page","type-page","status-publish","hentry"],"acf":[],"_links":{"self":[{"href":"https:\/\/fip.unsa.edu.pe\/ingmateriales\/wp-json\/wp\/v2\/pages\/1109","targetHints":{"allow":["GET"]}}],"collection":[{"href":"https:\/\/fip.unsa.edu.pe\/ingmateriales\/wp-json\/wp\/v2\/pages"}],"about":[{"href":"https:\/\/fip.unsa.edu.pe\/ingmateriales\/wp-json\/wp\/v2\/types\/page"}],"author":[{"embeddable":true,"href":"https:\/\/fip.unsa.edu.pe\/ingmateriales\/wp-json\/wp\/v2\/users\/1"}],"replies":[{"embeddable":true,"href":"https:\/\/fip.unsa.edu.pe\/ingmateriales\/wp-json\/wp\/v2\/comments?post=1109"}],"version-history":[{"count":7,"href":"https:\/\/fip.unsa.edu.pe\/ingmateriales\/wp-json\/wp\/v2\/pages\/1109\/revisions"}],"predecessor-version":[{"id":1696,"href":"https:\/\/fip.unsa.edu.pe\/ingmateriales\/wp-json\/wp\/v2\/pages\/1109\/revisions\/1696"}],"wp:attachment":[{"href":"https:\/\/fip.unsa.edu.pe\/ingmateriales\/wp-json\/wp\/v2\/media?parent=1109"}],"curies":[{"name":"wp","href":"https:\/\/api.w.org\/{rel}","templated":true}]}}