{"id":1111,"date":"2017-07-13T13:23:30","date_gmt":"2017-07-13T13:23:30","guid":{"rendered":"http:\/\/www2.unsa.edu.pe\/escuelas\/ingmateriales\/?page_id=1111"},"modified":"2017-10-22T16:08:49","modified_gmt":"2017-10-22T16:08:49","slug":"objetivos-academicos","status":"publish","type":"page","link":"https:\/\/fip.unsa.edu.pe\/ingmateriales\/objetivos-academicos\/","title":{"rendered":"Objetivos Generales"},"content":{"rendered":"<ul>\n<li>Consolidar institucionalmente a la Escuela Profesional de Ingenier\u00eda de Materiales, proyectando una imagen de Liderazgo Regional y Nacional en el \u00e1mbito del desarrollo cient\u00edfico y tecnol\u00f3gico.<\/li>\n<li>Desarrollar una interacci\u00f3n din\u00e1mica con los sectores empresariales, gubernamentales y acad\u00e9micos.<\/li>\n<\/ul>\n<p><strong>Infraestructura<\/strong><\/p>\n<ul>\n<li>Desarrollar la infraestructura acad\u00e9mica necesaria para la formaci\u00f3n profesional, lo mismo que la investigaci\u00f3n y la prestaci\u00f3n de servicios en el campo de los materiales y sus aplicaciones tecnol\u00f3gicas.<\/li>\n<\/ul>\n<p><strong>Objetivos Acad\u00e9micos<\/strong><\/p>\n<ul>\n<li>Invitar a Profesores visitantes y profesionales de nivel que haya triunfado en el \u00e1mbito t\u00e9cnico-social.<\/li>\n<li>Lograr la consolidaci\u00f3n de la curr\u00edcula de Formaci\u00f3n Profesional del Ingeniero de Materiales con criterios de modernidad, flexibilidad y eficiencia; buscando la competitividad y aceptaci\u00f3n en el mercado laboral.<\/li>\n<\/ul>\n","protected":false},"excerpt":{"rendered":"<p>Consolidar institucionalmente a la Escuela Profesional de Ingenier\u00eda de Materiales, proyectando una imagen de Liderazgo Regional y Nacional en el \u00e1mbito del desarrollo cient\u00edfico y tecnol\u00f3gico. Desarrollar una interacci\u00f3n din\u00e1mica con los sectores empresariales, gubernamentales y acad\u00e9micos. Infraestructura Desarrollar la infraestructura acad\u00e9mica necesaria para la formaci\u00f3n profesional, lo mismo que la investigaci\u00f3n y la prestaci\u00f3n [&hellip;]<\/p>\n","protected":false},"author":1,"featured_media":1284,"parent":0,"menu_order":0,"comment_status":"closed","ping_status":"closed","template":"","meta":{"_acf_changed":false,"footnotes":""},"class_list":["post-1111","page","type-page","status-publish","has-post-thumbnail","hentry"],"acf":[],"_links":{"self":[{"href":"https:\/\/fip.unsa.edu.pe\/ingmateriales\/wp-json\/wp\/v2\/pages\/1111","targetHints":{"allow":["GET"]}}],"collection":[{"href":"https:\/\/fip.unsa.edu.pe\/ingmateriales\/wp-json\/wp\/v2\/pages"}],"about":[{"href":"https:\/\/fip.unsa.edu.pe\/ingmateriales\/wp-json\/wp\/v2\/types\/page"}],"author":[{"embeddable":true,"href":"https:\/\/fip.unsa.edu.pe\/ingmateriales\/wp-json\/wp\/v2\/users\/1"}],"replies":[{"embeddable":true,"href":"https:\/\/fip.unsa.edu.pe\/ingmateriales\/wp-json\/wp\/v2\/comments?post=1111"}],"version-history":[{"count":3,"href":"https:\/\/fip.unsa.edu.pe\/ingmateriales\/wp-json\/wp\/v2\/pages\/1111\/revisions"}],"predecessor-version":[{"id":1460,"href":"https:\/\/fip.unsa.edu.pe\/ingmateriales\/wp-json\/wp\/v2\/pages\/1111\/revisions\/1460"}],"wp:featuredmedia":[{"embeddable":true,"href":"https:\/\/fip.unsa.edu.pe\/ingmateriales\/wp-json\/wp\/v2\/media\/1284"}],"wp:attachment":[{"href":"https:\/\/fip.unsa.edu.pe\/ingmateriales\/wp-json\/wp\/v2\/media?parent=1111"}],"curies":[{"name":"wp","href":"https:\/\/api.w.org\/{rel}","templated":true}]}}