{"id":1125,"date":"2017-07-13T13:44:55","date_gmt":"2017-07-13T13:44:55","guid":{"rendered":"http:\/\/www2.unsa.edu.pe\/escuelas\/ingmateriales\/?page_id=1125"},"modified":"2018-04-06T10:15:11","modified_gmt":"2018-04-06T15:15:11","slug":"personal-administrativo","status":"publish","type":"page","link":"https:\/\/fip.unsa.edu.pe\/ingmateriales\/personal-administrativo\/","title":{"rendered":"Personal Administrativo"},"content":{"rendered":"<p>Personal Administrativo que presta servicio a la Escuela Profesional:<\/p>\n<table class=\"table table-striped\" cellspacing=\"0\" cellpadding=\"0\">\n<tbody>\n<tr>\n<th>Cargo<\/th>\n<th>Apellidos y Nombres<\/th>\n<\/tr>\n<tr>\n<td>Secretar\u00eda Acad\u00e9mica<\/td>\n<td>Paredes Mamani, Washington<\/td>\n<\/tr>\n<tr>\n<td>Secretar\u00eda Administrativa<\/td>\n<td>Astete Choquehuanca,\u00a0Soledad Regina<\/td>\n<\/tr>\n<tr>\n<td>Biblioteca<\/td>\n<td>Zegarra Ball\u00f3n Pa\u00e9z, Javier<\/td>\n<\/tr>\n<tr>\n<td>Biblioteca<\/td>\n<td>Bustamante Flores, Jorge<\/td>\n<\/tr>\n<tr>\n<td>Conserjer\u00eda y limpieza<\/td>\n<td>R\u00edos Ru\u00edz, Pastor<\/td>\n<\/tr>\n<tr>\n<td>Conserjer\u00eda y limpieza<\/td>\n<td>C\u00e1ceres C\u00e1ceres, C\u00e9sar<\/td>\n<\/tr>\n<\/tbody>\n<\/table>\n","protected":false},"excerpt":{"rendered":"<p>Personal Administrativo que presta servicio a la Escuela Profesional: Cargo Apellidos y Nombres Secretar\u00eda Acad\u00e9mica Paredes Mamani, Washington Secretar\u00eda Administrativa Astete Choquehuanca,\u00a0Soledad Regina Biblioteca Zegarra Ball\u00f3n Pa\u00e9z, Javier Biblioteca Bustamante Flores, Jorge Conserjer\u00eda y limpieza R\u00edos Ru\u00edz, Pastor Conserjer\u00eda y limpieza C\u00e1ceres C\u00e1ceres, C\u00e9sar<\/p>\n","protected":false},"author":1,"featured_media":1195,"parent":0,"menu_order":0,"comment_status":"closed","ping_status":"closed","template":"","meta":{"_acf_changed":false,"footnotes":""},"class_list":["post-1125","page","type-page","status-publish","has-post-thumbnail","hentry"],"acf":[],"_links":{"self":[{"href":"https:\/\/fip.unsa.edu.pe\/ingmateriales\/wp-json\/wp\/v2\/pages\/1125","targetHints":{"allow":["GET"]}}],"collection":[{"href":"https:\/\/fip.unsa.edu.pe\/ingmateriales\/wp-json\/wp\/v2\/pages"}],"about":[{"href":"https:\/\/fip.unsa.edu.pe\/ingmateriales\/wp-json\/wp\/v2\/types\/page"}],"author":[{"embeddable":true,"href":"https:\/\/fip.unsa.edu.pe\/ingmateriales\/wp-json\/wp\/v2\/users\/1"}],"replies":[{"embeddable":true,"href":"https:\/\/fip.unsa.edu.pe\/ingmateriales\/wp-json\/wp\/v2\/comments?post=1125"}],"version-history":[{"count":7,"href":"https:\/\/fip.unsa.edu.pe\/ingmateriales\/wp-json\/wp\/v2\/pages\/1125\/revisions"}],"predecessor-version":[{"id":1559,"href":"https:\/\/fip.unsa.edu.pe\/ingmateriales\/wp-json\/wp\/v2\/pages\/1125\/revisions\/1559"}],"wp:featuredmedia":[{"embeddable":true,"href":"https:\/\/fip.unsa.edu.pe\/ingmateriales\/wp-json\/wp\/v2\/media\/1195"}],"wp:attachment":[{"href":"https:\/\/fip.unsa.edu.pe\/ingmateriales\/wp-json\/wp\/v2\/media?parent=1125"}],"curies":[{"name":"wp","href":"https:\/\/api.w.org\/{rel}","templated":true}]}}