{"id":1143,"date":"2017-07-13T14:02:56","date_gmt":"2017-07-13T14:02:56","guid":{"rendered":"http:\/\/www2.unsa.edu.pe\/escuelas\/ingmateriales\/?page_id=1143"},"modified":"2017-10-22T17:20:15","modified_gmt":"2017-10-22T17:20:15","slug":"campo-ocupacional","status":"publish","type":"page","link":"https:\/\/fip.unsa.edu.pe\/ingmateriales\/campo-ocupacional\/","title":{"rendered":"Campo Ocupacional"},"content":{"rendered":"<p>Los Ingenieros de Materiales est\u00e1n capacitados para el dise\u00f1o, selecci\u00f3n, transformaci\u00f3n, uso y aplicaci\u00f3n de los diferentes materiales de ingenier\u00eda, desde la selecci\u00f3n de las materias primas, pasando por los diferentes tipos de transformaci\u00f3n y\/o procesamiento de materiales, para obtener un producto con determinadas propiedades;<\/p>\n<ul>\n<li>Empresas de procesos de manufactura y transformaci\u00f3n de todo tipo de materiales met\u00e1licos, no met\u00e1licos, cer\u00e1micos y pl\u00e1sticos<\/li>\n<li>Areas de mantenimiento, soldadura de metales, geomembranas y su control de calidad<\/li>\n<li>Selecci\u00f3n de materiales y log\u00edstica.<\/li>\n<\/ul>\n","protected":false},"excerpt":{"rendered":"<p>Los Ingenieros de Materiales est\u00e1n capacitados para el dise\u00f1o, selecci\u00f3n, transformaci\u00f3n, uso y aplicaci\u00f3n de los diferentes materiales de ingenier\u00eda, desde la selecci\u00f3n de las materias primas, pasando por los diferentes tipos de transformaci\u00f3n y\/o procesamiento de materiales, para obtener un producto con determinadas propiedades; Empresas de procesos de manufactura y transformaci\u00f3n de todo tipo [&hellip;]<\/p>\n","protected":false},"author":1,"featured_media":1292,"parent":0,"menu_order":0,"comment_status":"closed","ping_status":"closed","template":"","meta":{"_acf_changed":false,"footnotes":""},"class_list":["post-1143","page","type-page","status-publish","has-post-thumbnail","hentry"],"acf":[],"_links":{"self":[{"href":"https:\/\/fip.unsa.edu.pe\/ingmateriales\/wp-json\/wp\/v2\/pages\/1143","targetHints":{"allow":["GET"]}}],"collection":[{"href":"https:\/\/fip.unsa.edu.pe\/ingmateriales\/wp-json\/wp\/v2\/pages"}],"about":[{"href":"https:\/\/fip.unsa.edu.pe\/ingmateriales\/wp-json\/wp\/v2\/types\/page"}],"author":[{"embeddable":true,"href":"https:\/\/fip.unsa.edu.pe\/ingmateriales\/wp-json\/wp\/v2\/users\/1"}],"replies":[{"embeddable":true,"href":"https:\/\/fip.unsa.edu.pe\/ingmateriales\/wp-json\/wp\/v2\/comments?post=1143"}],"version-history":[{"count":3,"href":"https:\/\/fip.unsa.edu.pe\/ingmateriales\/wp-json\/wp\/v2\/pages\/1143\/revisions"}],"predecessor-version":[{"id":1921,"href":"https:\/\/fip.unsa.edu.pe\/ingmateriales\/wp-json\/wp\/v2\/pages\/1143\/revisions\/1921"}],"wp:featuredmedia":[{"embeddable":true,"href":"https:\/\/fip.unsa.edu.pe\/ingmateriales\/wp-json\/wp\/v2\/media\/1292"}],"wp:attachment":[{"href":"https:\/\/fip.unsa.edu.pe\/ingmateriales\/wp-json\/wp\/v2\/media?parent=1143"}],"curies":[{"name":"wp","href":"https:\/\/api.w.org\/{rel}","templated":true}]}}