{"id":1149,"date":"2017-07-13T14:10:48","date_gmt":"2017-07-13T14:10:48","guid":{"rendered":"http:\/\/www2.unsa.edu.pe\/escuelas\/ingmateriales\/?page_id=1149"},"modified":"2025-07-21T14:32:18","modified_gmt":"2025-07-21T19:32:18","slug":"laboratorios","status":"publish","type":"page","link":"https:\/\/fip.unsa.edu.pe\/ingmateriales\/laboratorios\/","title":{"rendered":"Laboratorios"},"content":{"rendered":"<p>La Escuela de Ingenier\u00eda de Materiales dispone actualmente de infraestructura para el desarrollo de sus actividades curriculares: salones de clase, oficina de secretar\u00eda, oficina de la direcci\u00f3n, sala de profesores, cubiles para profesores, sala de c\u00f3mputo, auditorio y una sala de para reuniones de profesores. Se ubica en el Pabell\u00f3n o Edifico de Ingenier\u00eda de Materiales en el \u00e1rea de Ingenier\u00edas. Las aulas utilizadas para el funcionamiento de los laboratorios para Pre-grado est\u00e1n ubicadas en el edificio Antonio Raimondi, de manera temporal.<\/p>\n<p><em>Se cuenta con los siguientes laboratorios:<\/em><\/p>\n<ol>\n<li><strong>Laboratorio Cer\u00e1micos<\/strong><\/li>\n<li><strong>Laboratorio Ciencia Materiales (<\/strong><a href=\"https:\/\/fip.unsa.edu.pe\/ingmateriales\/laboratorio-ciencia-materiales-2025\/\">Click para m\u00e1s informes<\/a><strong>)<\/strong><\/li>\n<li><strong>Laboratorio De Ensayo De Materiales<\/strong><\/li>\n<li><strong>Laboratorio De Termodin\u00e1mica Y Fen\u00f3menos De Transferencia<\/strong><\/li>\n<li><strong>Laboratorio De Dise\u00f1o Y An\u00e1lisis De Materiales<\/strong><\/li>\n<li><strong>Laboratorio De Microscop\u00eda Y Transformaci\u00f3n De Fases<\/strong><\/li>\n<li><strong>Laboratorio De Corrosi\u00f3n y Superficies<\/strong><\/li>\n<li><strong>Laboratorio Caracterizaci\u00f3n De Materiales<\/strong><\/li>\n<li><strong>Laboratorio De S\u00edntesis De Materiales<\/strong><\/li>\n<li><strong>Laboratorio De Pol\u00edmeros<\/strong><\/li>\n<li><strong>Laboratorio De Compuestos<\/strong><\/li>\n<li><strong>Laboratorio De Nanomateriales<\/strong><\/li>\n<li><strong>Centro De Computo<\/strong><\/li>\n<\/ol>\n<p>Protocolo de Seguridad Aplicado:\u00a0<a href=\"https:\/\/fip.unsa.edu.pe\/ingmateriales\/wp-content\/uploads\/sites\/8\/2019\/07\/PROTOCOLO-DE-SEGURIDAD-07.pdf\" target=\"_blank\" rel=\"noopener\">PROTOCOLO DE SEGURIDAD <\/a><\/p>\n","protected":false},"excerpt":{"rendered":"<p>La Escuela de Ingenier\u00eda de Materiales dispone actualmente de infraestructura para el desarrollo de sus actividades curriculares: salones de clase, oficina de secretar\u00eda, oficina de la direcci\u00f3n, sala de profesores, cubiles para profesores, sala de c\u00f3mputo, auditorio y una sala de para reuniones de profesores. Se ubica en el Pabell\u00f3n o Edifico de Ingenier\u00eda de [&hellip;]<\/p>\n","protected":false},"author":1,"featured_media":1278,"parent":0,"menu_order":0,"comment_status":"closed","ping_status":"closed","template":"","meta":{"_acf_changed":false,"footnotes":""},"class_list":["post-1149","page","type-page","status-publish","has-post-thumbnail","hentry"],"acf":[],"_links":{"self":[{"href":"https:\/\/fip.unsa.edu.pe\/ingmateriales\/wp-json\/wp\/v2\/pages\/1149","targetHints":{"allow":["GET"]}}],"collection":[{"href":"https:\/\/fip.unsa.edu.pe\/ingmateriales\/wp-json\/wp\/v2\/pages"}],"about":[{"href":"https:\/\/fip.unsa.edu.pe\/ingmateriales\/wp-json\/wp\/v2\/types\/page"}],"author":[{"embeddable":true,"href":"https:\/\/fip.unsa.edu.pe\/ingmateriales\/wp-json\/wp\/v2\/users\/1"}],"replies":[{"embeddable":true,"href":"https:\/\/fip.unsa.edu.pe\/ingmateriales\/wp-json\/wp\/v2\/comments?post=1149"}],"version-history":[{"count":14,"href":"https:\/\/fip.unsa.edu.pe\/ingmateriales\/wp-json\/wp\/v2\/pages\/1149\/revisions"}],"predecessor-version":[{"id":2314,"href":"https:\/\/fip.unsa.edu.pe\/ingmateriales\/wp-json\/wp\/v2\/pages\/1149\/revisions\/2314"}],"wp:featuredmedia":[{"embeddable":true,"href":"https:\/\/fip.unsa.edu.pe\/ingmateriales\/wp-json\/wp\/v2\/media\/1278"}],"wp:attachment":[{"href":"https:\/\/fip.unsa.edu.pe\/ingmateriales\/wp-json\/wp\/v2\/media?parent=1149"}],"curies":[{"name":"wp","href":"https:\/\/api.w.org\/{rel}","templated":true}]}}