{"id":1358,"date":"2017-09-11T20:16:51","date_gmt":"2017-09-11T20:16:51","guid":{"rendered":"http:\/\/www2.unsa.edu.pe\/escuelas\/ingmateriales\/?page_id=1358"},"modified":"2018-04-06T10:24:45","modified_gmt":"2018-04-06T15:24:45","slug":"preguntas-frecuentes-2","status":"publish","type":"page","link":"https:\/\/fip.unsa.edu.pe\/ingmateriales\/preguntas-frecuentes-2\/","title":{"rendered":"Preguntas Frecuentes"},"content":{"rendered":"<h4>\u00bfQu\u00e9 funci\u00f3n o funciones realizan los Tutores Acad\u00e9micos?<\/h4>\n<p>La funci\u00f3n fundamental del \u00a0Tutor es que los alumnos alcancen los objetivos establecidos para la unidad formativa de la que es responsable, desde la selecci\u00f3n de los contenidos y las actividades, la elecci\u00f3n de un determinado modelo de interacci\u00f3n para el trabajo en grupo y, por supuesto, el programa adecuado de evaluaci\u00f3n.<\/p>\n<h4>\u00bfQu\u00e9 representa la Figura del Defensor del Estudiante?<\/h4>\n<p>La Defensor\u00eda Universitaria contribuye a formar una conciencia de derechos y de respeto a las normas que garantizan la igualdad y la justicia para toda la Comunidad Universitaria. Si bien se rige por el Estatuto de la Universidad, los reglamentos y dem\u00e1s normas internas que le sean aplicables, es un \u00f3rgano aut\u00f3nomo en el ejercicio de sus funciones e independiente de los \u00f3rganos de gobierno de la Universidad.Est\u00e1 encargada de velar por el respeto de los derechos de todos los miembros de la comunidad universitaria (alumnos, administrativos y docentes) frente a actos u omisiones de las autoridades o funcionarios de la Universidad que los vulneren; as\u00ed como de proponer acciones, normas y pol\u00edticas que permitan mejorar el respeto y defensa de los derechos de las personas en los diferentes servicios que la instituci\u00f3n brinda a estudiantes, administrativos y profesores.La Defensor\u00eda Universitaria garantiza la confidencialidad a los miembros de la comunidad universitaria que soliciten su intervenci\u00f3n.<\/p>\n<h4>\u00bfEs necesario llevar primero todas las asignatura obligatorias y luego las asignaturas electivas?<\/h4>\n<p>No. Es conveniente que el estudiante establezca un equilibrio entre las asignaturas obligatorias y electivas de cada nivel.<br \/>\nSi se desea una Carta de Presentaci\u00f3n para una empresa y\/o Instituciones<\/p>\n<h4>\u00bfQu\u00e9 se debe hacer?<\/h4>\n<p>El interesado acercarse a Mesa de Partes de la Escuela (en el Pabell\u00f3n de Ingenier\u00eda de Materiales, primer piso) y llenar la solicitud adecuada. La carta se entrega un d\u00eda h\u00e1bil despu\u00e9s de haber solicitado el tr\u00e1mite.<\/p>\n<h4>\u00bfExiste el Ingreso Directo para Deportistas Calificados?<\/h4>\n<p>Los postulantes que sean deportistas calificados de alto nivel por la respectiva federaci\u00f3n deportiva nacional con la aprobaci\u00f3n del Instituto Peruano del Deporte (IPD) y que sean considerados aptos para iniciar estudios universitarios deben someterse a evaluaci\u00f3n especial en las fechas se\u00f1aladas por la Universidad. Pueden acogerse a dicha evaluaci\u00f3n, por \u00fanica vez, los deportistas que hayan culminado los estudios secundarios el a\u00f1o inmediato anterior a su postulaci\u00f3n. Los resultados de dicha evaluaci\u00f3n son inapelables.Las inscripciones se llevan a cabo seg\u00fan el calendario establecido.<\/p>\n<h4>\u00bfQuiero continuar mis Estudios en otra Universidad, qu\u00e9 Tr\u00e1mites tengo que seguir?<\/h4>\n<p>Pueden postular a Traslados Externos, los estudiantes de cualquier Universidad del Per\u00fa o del extranjero\u00a0La postulaci\u00f3n a Traslados Externos solo es procedente para la misma Escuela o Carrera Profesional que se sigue en la Universidad de origen. \u00a0Los postulantes deben adjuntar a su expediente: el certificado de estudios que acredite haber aprobado dos per\u00edodos lectivos semestrales completos o uno anual o 36 cr\u00e9ditos y la constancia de matr\u00edcula vigente del a\u00f1o acad\u00e9mico inmediato anterior de la Universidad de origen; ambos documentos deber\u00e1n estar emitidos y refrendados por el Vicerrectorado Acad\u00e9mico, Secretario General o Secretario de Servicios Acad\u00e9micos, adem\u00e1s de los requisitos fijados en el REGLAMENTO.<\/p>\n<h4>\u00bfLa inscripci\u00f3n al examen de admisi\u00f3n es personal?<\/h4>\n<p>Corresponde a un acto p\u00fablico, con plenas capacidades de ejercicio, por lo que se considera como postulante al Proceso Ordinario, a toda persona que acredite su inscripci\u00f3n con el Carn\u00e9 de Postulante; previa identificaci\u00f3n. \u00a0Pueden postular al Proceso Ordinario quienes hayan aprobado estudios completos de Educaci\u00f3n Secundaria en el Per\u00fa. \u00a0El postulante se inscribe a la Escuela Profesional de su preferencia como opci\u00f3n \u00fanica, siendo su participaci\u00f3n en forma personal\u00edsima; salvo las excepciones de ley.<\/p>\n<h4>\u00bfQu\u00e9 tramites puedo realizar en la escuela de Ing. de Materiales?<\/h4>\n<ul>\n<li>Matricula semestral<\/li>\n<li>Matricula en curso de verano<\/li>\n<li>Rematricula<\/li>\n<li>Solicitar examen de jurado<\/li>\n<li>Solicitar examen de suficiencia<\/li>\n<li>Solicitar examen de rezagados<\/li>\n<li>Solicitar examen de nivelaci\u00f3n<\/li>\n<li>Solicitar un tutor<\/li>\n<li>Solicitar cartas de presentaci\u00f3n para realizar pr\u00e1cticas<\/li>\n<li>Solicitar informe para constancia de egresado<\/li>\n<li>Solicitar certificados de estudios de egresados anteriores a la nueva ley universitaria.<\/li>\n<\/ul>\n<h4>\u00bfC\u00f3mo es el procedimiento para dichos tr\u00e1mites?<\/h4>\n<p>El procedimiento consiste en presentar una solicitud y recibo de pago seg\u00fan TUPA-UNSA (obtenido en caja UNSA de 8am a 13pm) si fuera el caso en secretaria de la escuela, dicho documento debe tener respuesta de conformidad con la ley de procedimiento administrativo.<\/p>\n","protected":false},"excerpt":{"rendered":"<p>\u00bfQu\u00e9 funci\u00f3n o funciones realizan los Tutores Acad\u00e9micos? La funci\u00f3n fundamental del \u00a0Tutor es que los alumnos alcancen los objetivos establecidos para la unidad formativa de la que es responsable, desde la selecci\u00f3n de los contenidos y las actividades, la elecci\u00f3n de un determinado modelo de interacci\u00f3n para el trabajo en grupo y, por supuesto, [&hellip;]<\/p>\n","protected":false},"author":1,"featured_media":1270,"parent":0,"menu_order":0,"comment_status":"closed","ping_status":"closed","template":"","meta":{"_acf_changed":false,"footnotes":""},"class_list":["post-1358","page","type-page","status-publish","has-post-thumbnail","hentry"],"acf":[],"_links":{"self":[{"href":"https:\/\/fip.unsa.edu.pe\/ingmateriales\/wp-json\/wp\/v2\/pages\/1358","targetHints":{"allow":["GET"]}}],"collection":[{"href":"https:\/\/fip.unsa.edu.pe\/ingmateriales\/wp-json\/wp\/v2\/pages"}],"about":[{"href":"https:\/\/fip.unsa.edu.pe\/ingmateriales\/wp-json\/wp\/v2\/types\/page"}],"author":[{"embeddable":true,"href":"https:\/\/fip.unsa.edu.pe\/ingmateriales\/wp-json\/wp\/v2\/users\/1"}],"replies":[{"embeddable":true,"href":"https:\/\/fip.unsa.edu.pe\/ingmateriales\/wp-json\/wp\/v2\/comments?post=1358"}],"version-history":[{"count":1,"href":"https:\/\/fip.unsa.edu.pe\/ingmateriales\/wp-json\/wp\/v2\/pages\/1358\/revisions"}],"predecessor-version":[{"id":1560,"href":"https:\/\/fip.unsa.edu.pe\/ingmateriales\/wp-json\/wp\/v2\/pages\/1358\/revisions\/1560"}],"wp:featuredmedia":[{"embeddable":true,"href":"https:\/\/fip.unsa.edu.pe\/ingmateriales\/wp-json\/wp\/v2\/media\/1270"}],"wp:attachment":[{"href":"https:\/\/fip.unsa.edu.pe\/ingmateriales\/wp-json\/wp\/v2\/media?parent=1358"}],"curies":[{"name":"wp","href":"https:\/\/api.w.org\/{rel}","templated":true}]}}