{"id":1666,"date":"2018-07-04T09:49:21","date_gmt":"2018-07-04T14:49:21","guid":{"rendered":"https:\/\/fip.unsa.edu.pe\/ingmateriales\/?page_id=1666"},"modified":"2018-07-04T09:49:21","modified_gmt":"2018-07-04T14:49:21","slug":"competencias-de-la-carrera","status":"publish","type":"page","link":"https:\/\/fip.unsa.edu.pe\/ingmateriales\/competencias-de-la-carrera\/","title":{"rendered":"Competencias de la Carrera"},"content":{"rendered":"<h4><strong>Competencias Generales<\/strong><\/h4>\n<p>Desarrolladas en los estudiantes, en base a una matriz que articula competencias y problemas<\/p>\n<ul>\n<li>Relaciona la ciencia de los materiales con la estructura, propiedades, procesado y aplicaciones de todas las clases de materiales, que incluyen a los metales, cer\u00e1micos, pol\u00edmeros, compuestos y nuevos materiales.<\/li>\n<li>Aplica la tecnolog\u00eda de los materiales para poder intervenir en los procesos de producci\u00f3n, transformaci\u00f3n, procesado, control, mantenimiento, reciclado y almacenamiento de cualquier tipo de materiales.<\/li>\n<li>Conoce el comportamiento mec\u00e1nico, electr\u00f3nico, t\u00e9rmico, \u00f3ptico, magn\u00e9tico, qu\u00edmico y biol\u00f3gico de los materiales y sabe aplicarlo al dise\u00f1o, c\u00e1lculo y modelamiento de elementos, componentes y equipos.<\/li>\n<li>Aplica los procedimientos para la evaluaci\u00f3n de la seguridad, durabilidad y vida en servicio de los materiales.<\/li>\n<li>Desarrolla capacidades para innovar, desarrollar y producir nuevos materiales, y fabricar, por m\u00e9todos alternativos, materiales convencionales necesarios para ser m\u00e1s competitivos o para resolver problemas sociales y ambientales.<\/li>\n<li>Investiga la s\u00edntesis de materiales mejorados en respuesta a desaf\u00edos en las \u00e1reas de energ\u00eda, medio ambiente, medicina, miner\u00eda, construcci\u00f3n, agricultura y fabricaci\u00f3n.<\/li>\n<\/ul>\n<h4><strong>Competencias Espec\u00edficas<\/strong><\/h4>\n<p>Desarrolladas en los estudiantes en base a una matriz que articula competencias y problemas<\/p>\n<ul>\n<li>Conoce y comprende los fundamentos cient\u00edficos de los materiales y sus interrelaciones entre la estructura y sus propiedades,<\/li>\n<li>Aplica las herramientas necesarias (te\u00f3ricas, num\u00e9ricas, experimentales) para resolver los problemas que ir\u00e1n surgiendo en las asignaturas de especialidad de materiales.<\/li>\n<li>Utiliza la tecnolog\u00eda de los materiales para poder intervenir en los procesos de producci\u00f3n, transformaci\u00f3n, procesado, control, mantenimiento, reciclado y almacenamiento de cualquier tipo de materiales.<\/li>\n<li>Distingue el comportamiento mec\u00e1nico, electr\u00f3nico, qu\u00edmico y biol\u00f3gico de los materiales para dise\u00f1ar, calcular y modelar elementos, componentes y equipos.<\/li>\n<li>Emplea procedimientos para evaluar la seguridad, durabilidad y vida en servicio de los materiales.<\/li>\n<li>Dise\u00f1a, eval\u00faa y fabrica materiales seg\u00fan sus aplicaciones<\/li>\n<\/ul>\n<h4><strong>Competencias de Especialidad<\/strong><\/h4>\n<ul>\n<li>Dise\u00f1a, desarrolla y controla los procesos de producci\u00f3n y transformaci\u00f3n de materiales.<\/li>\n<li>Dise\u00f1a, selecciona y gestiona la utilizaci\u00f3n y durabilidad de componentes y dispositivos con materiales, con especial cuidado en el deterioro de los materiales y siendo respetuosos con el medio ambiente.<\/li>\n<li>Eval\u00faa la seguridad, durabilidad e integridad estructural de los materiales y componentes fabricados con ellos.<\/li>\n<li>Desarrolla capacidades para innovar, desarrollar y producir nuevos materiales, y fabricar por m\u00e9todos alternativos, materiales convencionales necesarios para ser m\u00e1s competitivos o para resolver problemas sociales y ambientales.<\/li>\n<li>Desarrolla capacidades para la investigaci\u00f3n cient\u00edfica.<\/li>\n<\/ul>\n","protected":false},"excerpt":{"rendered":"<p>Competencias Generales Desarrolladas en los estudiantes, en base a una matriz que articula competencias y problemas Relaciona la ciencia de los materiales con la estructura, propiedades, procesado y aplicaciones de todas las clases de materiales, que incluyen a los metales, cer\u00e1micos, pol\u00edmeros, compuestos y nuevos materiales. Aplica la tecnolog\u00eda de los materiales para poder intervenir [&hellip;]<\/p>\n","protected":false},"author":1,"featured_media":1279,"parent":0,"menu_order":0,"comment_status":"closed","ping_status":"closed","template":"","meta":{"_acf_changed":false,"footnotes":""},"class_list":["post-1666","page","type-page","status-publish","has-post-thumbnail","hentry"],"acf":[],"_links":{"self":[{"href":"https:\/\/fip.unsa.edu.pe\/ingmateriales\/wp-json\/wp\/v2\/pages\/1666","targetHints":{"allow":["GET"]}}],"collection":[{"href":"https:\/\/fip.unsa.edu.pe\/ingmateriales\/wp-json\/wp\/v2\/pages"}],"about":[{"href":"https:\/\/fip.unsa.edu.pe\/ingmateriales\/wp-json\/wp\/v2\/types\/page"}],"author":[{"embeddable":true,"href":"https:\/\/fip.unsa.edu.pe\/ingmateriales\/wp-json\/wp\/v2\/users\/1"}],"replies":[{"embeddable":true,"href":"https:\/\/fip.unsa.edu.pe\/ingmateriales\/wp-json\/wp\/v2\/comments?post=1666"}],"version-history":[{"count":1,"href":"https:\/\/fip.unsa.edu.pe\/ingmateriales\/wp-json\/wp\/v2\/pages\/1666\/revisions"}],"predecessor-version":[{"id":1667,"href":"https:\/\/fip.unsa.edu.pe\/ingmateriales\/wp-json\/wp\/v2\/pages\/1666\/revisions\/1667"}],"wp:featuredmedia":[{"embeddable":true,"href":"https:\/\/fip.unsa.edu.pe\/ingmateriales\/wp-json\/wp\/v2\/media\/1279"}],"wp:attachment":[{"href":"https:\/\/fip.unsa.edu.pe\/ingmateriales\/wp-json\/wp\/v2\/media?parent=1666"}],"curies":[{"name":"wp","href":"https:\/\/api.w.org\/{rel}","templated":true}]}}