{"id":1752,"date":"2021-06-15T20:43:36","date_gmt":"2021-06-16T01:43:36","guid":{"rendered":"https:\/\/fip.unsa.edu.pe\/ingmateriales\/?page_id=1752"},"modified":"2021-06-15T20:43:36","modified_gmt":"2021-06-16T01:43:36","slug":"comite-de-acreditacion","status":"publish","type":"page","link":"https:\/\/fip.unsa.edu.pe\/ingmateriales\/comite-de-acreditacion\/","title":{"rendered":"Comit\u00e9 de Acreditaci\u00f3n"},"content":{"rendered":"<p>El comit\u00e9 de Acreditaci\u00f3n de la Escuela Profesional de Ingenier\u00eda de Materiales est\u00e1 integrada por:<\/p>\n<ul>\n<li>Mg. Ing. Esequiel Nicol\u00e1s Collado C\u00e1rdenas &#8211; Decano de la FIP<\/li>\n<li>Mg. Ing. Jorge Esquivias Llerena \u2013 Coordinador de la Unidad de Calidad de la FIP.<\/li>\n<li>Lic. Aida C\u00e1ceres Febres \u2013 Gestora de Calidad de la FIP.<\/li>\n<li>Mg. Ing. Caroll Bejarano Rodr\u00edguez \u2013 Especialista en Calidad y Acreditaci\u00f3n de la FIP.<\/li>\n<li>Mg. Ing. Daisy Gonz\u00e1lez D\u00edaz &#8211; Directora de la Escuela Profesional de Ingenier\u00eda de Materiales y Presidenta de la Comisi\u00f3n de Calidad y Acreditaci\u00f3n de EPIMAT<\/li>\n<li>Mg. Ing. Gerardo Vera Alatrista \u2013 Docente integrante de la Comisi\u00f3n de Calidad y Acreditaci\u00f3n de EPIMAT<\/li>\n<li>Ing. Lucia Huayta Turpo \u2013 Personal Administrativo integrante de la Comisi\u00f3n de Calidad y Acreditaci\u00f3n de EPIMAT<\/li>\n<li>Srta. Marianna Gonzales Neyra \u2013 estudiante integrante de la Comisi\u00f3n de Calidad y Acreditaci\u00f3n de EPIMAT<\/li>\n<li>Ing. Sandra Calizaya \u2013 egresada integrante de la Comisi\u00f3n de Calidad y Acreditaci\u00f3n de EPIMAT<\/li>\n<\/ul>\n<p>Integrantes de la Comisi\u00f3n de Acreditaci\u00f3n \u2013 Apoyo:<\/p>\n<ul>\n<li>Mg. Ing. Rossibel Churata A\u00f1asco \u2013 docente del Departamento Acad\u00e9mico de la EPIMAT<\/li>\n<li>Mg. Ing. Karina Z\u00fa\u00f1iga Huanca \u2013 docente del Departamento Acad\u00e9mico de la EPIMAT<\/li>\n<li>Mg. Ing. Luis Antonio Lazo Alarc\u00f3n \u2013 docente del Departamento Acad\u00e9mico de la EPIMAT<\/li>\n<li>Dr. Ing. Edgar Apaza Huallpa \u2013 docente del Departamento Acad\u00e9mico de la EPIMAT<\/li>\n<li>Dr. Ing. Giancarlo S\u00e1nchez Ch\u00e1vez \u2013 docente del Departamento Acad\u00e9mico de la EPIMAT<\/li>\n<li>Dra. Ing. Roc\u00edo Mar\u00eda Tamayo \u2013 docente del Departamento Acad\u00e9mico de la EPIMAT<\/li>\n<\/ul>\n<p>&nbsp;<\/p>\n","protected":false},"excerpt":{"rendered":"<p>El comit\u00e9 de Acreditaci\u00f3n de la Escuela Profesional de Ingenier\u00eda de Materiales est\u00e1 integrada por: Mg. Ing. Esequiel Nicol\u00e1s Collado C\u00e1rdenas &#8211; Decano de la FIP Mg. Ing. Jorge Esquivias Llerena \u2013 Coordinador de la Unidad de Calidad de la FIP. Lic. Aida C\u00e1ceres Febres \u2013 Gestora de Calidad de la FIP. Mg. Ing. Caroll [&hellip;]<\/p>\n","protected":false},"author":1,"featured_media":1195,"parent":0,"menu_order":0,"comment_status":"closed","ping_status":"closed","template":"","meta":{"_acf_changed":false,"footnotes":""},"class_list":["post-1752","page","type-page","status-publish","has-post-thumbnail","hentry"],"acf":[],"_links":{"self":[{"href":"https:\/\/fip.unsa.edu.pe\/ingmateriales\/wp-json\/wp\/v2\/pages\/1752","targetHints":{"allow":["GET"]}}],"collection":[{"href":"https:\/\/fip.unsa.edu.pe\/ingmateriales\/wp-json\/wp\/v2\/pages"}],"about":[{"href":"https:\/\/fip.unsa.edu.pe\/ingmateriales\/wp-json\/wp\/v2\/types\/page"}],"author":[{"embeddable":true,"href":"https:\/\/fip.unsa.edu.pe\/ingmateriales\/wp-json\/wp\/v2\/users\/1"}],"replies":[{"embeddable":true,"href":"https:\/\/fip.unsa.edu.pe\/ingmateriales\/wp-json\/wp\/v2\/comments?post=1752"}],"version-history":[{"count":1,"href":"https:\/\/fip.unsa.edu.pe\/ingmateriales\/wp-json\/wp\/v2\/pages\/1752\/revisions"}],"predecessor-version":[{"id":1753,"href":"https:\/\/fip.unsa.edu.pe\/ingmateriales\/wp-json\/wp\/v2\/pages\/1752\/revisions\/1753"}],"wp:featuredmedia":[{"embeddable":true,"href":"https:\/\/fip.unsa.edu.pe\/ingmateriales\/wp-json\/wp\/v2\/media\/1195"}],"wp:attachment":[{"href":"https:\/\/fip.unsa.edu.pe\/ingmateriales\/wp-json\/wp\/v2\/media?parent=1752"}],"curies":[{"name":"wp","href":"https:\/\/api.w.org\/{rel}","templated":true}]}}