{"id":1993,"date":"2023-12-01T00:02:32","date_gmt":"2023-12-01T05:02:32","guid":{"rendered":"https:\/\/fip.unsa.edu.pe\/ingmateriales\/?page_id=1993"},"modified":"2023-12-01T00:33:38","modified_gmt":"2023-12-01T05:33:38","slug":"plan-de-estudios-2017","status":"publish","type":"page","link":"https:\/\/fip.unsa.edu.pe\/ingmateriales\/plan-de-estudios-2017\/","title":{"rendered":"Plan de Estudios 2017"},"content":{"rendered":"<p>Plan de Estudios 2017: <a href=\"https:\/\/fip.unsa.edu.pe\/ingmateriales\/wp-content\/uploads\/sites\/8\/2023\/12\/plan_445_2017.pdf\" target=\"_blank\" rel=\"noopener\">Aqu\u00ed<\/a><br \/>\nResoluci\u00f3n de Consejo Universitario: <a href=\"https:\/\/fip.unsa.edu.pe\/ingmateriales\/wp-content\/uploads\/sites\/8\/2023\/12\/Resolucion-de-Consejo-Universitario-N-392-2017.pdf\" target=\"_blank\" rel=\"noopener\">Aqu\u00ed<\/a><\/p>\n<p><a href=\"https:\/\/fip.unsa.edu.pe\/ingmateriales\/plan_445_2017\/\"><img loading=\"lazy\" decoding=\"async\" src=\"https:\/\/fip.unsa.edu.pe\/ingmateriales\/wp-content\/uploads\/sites\/8\/2023\/12\/plan_445_2017.jpg\" alt=\"\" width=\"840\" height=\"1353\" class=\"alignnone size-full wp-image-1997\" \/><\/a><br \/>\n<a href=\"https:\/\/fip.unsa.edu.pe\/ingmateriales\/copia-de-resolucion-de-consejo-universitario-n-392-2017\/\"><img loading=\"lazy\" decoding=\"async\" src=\"https:\/\/fip.unsa.edu.pe\/ingmateriales\/wp-content\/uploads\/sites\/8\/2023\/12\/Copia-de-Resolucion-de-Consejo-Universitario-N-392-2017.jpg\" alt=\"\" width=\"840\" height=\"1349\" class=\"alignnone size-full wp-image-2003\" \/><\/a><\/p>\n<p><a href=\"https:\/\/fip.unsa.edu.pe\/ingmateriales\/copia-de-resolucion-de-consejo-universitario-n-392-2017-2\/\"><img loading=\"lazy\" decoding=\"async\" src=\"https:\/\/fip.unsa.edu.pe\/ingmateriales\/wp-content\/uploads\/sites\/8\/2023\/12\/Copia-de-Resolucion-de-Consejo-Universitario-N-392-2017-2.jpg\" alt=\"\" width=\"840\" height=\"1367\" class=\"alignnone size-full wp-image-2002\" \/><\/a><\/p>\n<p><a href=\"https:\/\/fip.unsa.edu.pe\/ingmateriales\/copia-de-resolucion-de-consejo-universitario-n-392-2017-3\/\"><img loading=\"lazy\" decoding=\"async\" src=\"https:\/\/fip.unsa.edu.pe\/ingmateriales\/wp-content\/uploads\/sites\/8\/2023\/12\/Copia-de-Resolucion-de-Consejo-Universitario-N-392-2017-3.jpg\" alt=\"\" width=\"840\" height=\"1367\" class=\"alignnone size-full wp-image-2001\" \/><\/a><\/p>\n","protected":false},"excerpt":{"rendered":"<p>Plan de Estudios 2017: Aqu\u00ed Resoluci\u00f3n de Consejo Universitario: Aqu\u00ed<\/p>\n","protected":false},"author":8,"featured_media":0,"parent":0,"menu_order":0,"comment_status":"closed","ping_status":"closed","template":"","meta":{"_acf_changed":false,"footnotes":""},"class_list":["post-1993","page","type-page","status-publish","hentry"],"acf":[],"_links":{"self":[{"href":"https:\/\/fip.unsa.edu.pe\/ingmateriales\/wp-json\/wp\/v2\/pages\/1993","targetHints":{"allow":["GET"]}}],"collection":[{"href":"https:\/\/fip.unsa.edu.pe\/ingmateriales\/wp-json\/wp\/v2\/pages"}],"about":[{"href":"https:\/\/fip.unsa.edu.pe\/ingmateriales\/wp-json\/wp\/v2\/types\/page"}],"author":[{"embeddable":true,"href":"https:\/\/fip.unsa.edu.pe\/ingmateriales\/wp-json\/wp\/v2\/users\/8"}],"replies":[{"embeddable":true,"href":"https:\/\/fip.unsa.edu.pe\/ingmateriales\/wp-json\/wp\/v2\/comments?post=1993"}],"version-history":[{"count":8,"href":"https:\/\/fip.unsa.edu.pe\/ingmateriales\/wp-json\/wp\/v2\/pages\/1993\/revisions"}],"predecessor-version":[{"id":2019,"href":"https:\/\/fip.unsa.edu.pe\/ingmateriales\/wp-json\/wp\/v2\/pages\/1993\/revisions\/2019"}],"wp:attachment":[{"href":"https:\/\/fip.unsa.edu.pe\/ingmateriales\/wp-json\/wp\/v2\/media?parent=1993"}],"curies":[{"name":"wp","href":"https:\/\/api.w.org\/{rel}","templated":true}]}}