{"id":2024,"date":"2023-12-01T00:43:37","date_gmt":"2023-12-01T05:43:37","guid":{"rendered":"https:\/\/fip.unsa.edu.pe\/ingmateriales\/?page_id=2024"},"modified":"2023-12-01T01:05:45","modified_gmt":"2023-12-01T06:05:45","slug":"material-bibliografico","status":"publish","type":"page","link":"https:\/\/fip.unsa.edu.pe\/ingmateriales\/material-bibliografico\/","title":{"rendered":"Material Bibliogr\u00e1fico"},"content":{"rendered":"<p>Para poder visualizar la RELACION DE MATERIAL BIBLIOGRAFICO LIBROS (Base de Datos): <a href=\"https:\/\/fip.unsa.edu.pe\/ingmateriales\/wp-content\/uploads\/sites\/8\/2023\/12\/RELACION-DE-MATERIAL-BIBLIOGRAFICO-LIBROS-MATERIALES.pdf\" target=\"_blank\" rel=\"noopener\">Aqu\u00ed<\/a><br \/>\nPara poder visualizar la RELACION DE MATERIAL BIBLIOGRAFICO LIBROS (Impresi\u00f3n): <a href=\"https:\/\/fip.unsa.edu.pe\/ingmateriales\/wp-content\/uploads\/sites\/8\/2023\/12\/RELACION-DE-MATERIAL-BIBLIOGRAFICO-LIBROS-MATERIALES-2.pdf\" target=\"_blank\" rel=\"noopener\">Aqu\u00ed<\/a><\/p>\n","protected":false},"excerpt":{"rendered":"<p>Para poder visualizar la RELACION DE MATERIAL BIBLIOGRAFICO LIBROS (Base de Datos): Aqu\u00ed Para poder visualizar la RELACION DE MATERIAL BIBLIOGRAFICO LIBROS (Impresi\u00f3n): Aqu\u00ed<\/p>\n","protected":false},"author":8,"featured_media":0,"parent":0,"menu_order":0,"comment_status":"closed","ping_status":"closed","template":"","meta":{"_acf_changed":false,"footnotes":""},"class_list":["post-2024","page","type-page","status-publish","hentry"],"acf":[],"_links":{"self":[{"href":"https:\/\/fip.unsa.edu.pe\/ingmateriales\/wp-json\/wp\/v2\/pages\/2024","targetHints":{"allow":["GET"]}}],"collection":[{"href":"https:\/\/fip.unsa.edu.pe\/ingmateriales\/wp-json\/wp\/v2\/pages"}],"about":[{"href":"https:\/\/fip.unsa.edu.pe\/ingmateriales\/wp-json\/wp\/v2\/types\/page"}],"author":[{"embeddable":true,"href":"https:\/\/fip.unsa.edu.pe\/ingmateriales\/wp-json\/wp\/v2\/users\/8"}],"replies":[{"embeddable":true,"href":"https:\/\/fip.unsa.edu.pe\/ingmateriales\/wp-json\/wp\/v2\/comments?post=2024"}],"version-history":[{"count":7,"href":"https:\/\/fip.unsa.edu.pe\/ingmateriales\/wp-json\/wp\/v2\/pages\/2024\/revisions"}],"predecessor-version":[{"id":2038,"href":"https:\/\/fip.unsa.edu.pe\/ingmateriales\/wp-json\/wp\/v2\/pages\/2024\/revisions\/2038"}],"wp:attachment":[{"href":"https:\/\/fip.unsa.edu.pe\/ingmateriales\/wp-json\/wp\/v2\/media?parent=2024"}],"curies":[{"name":"wp","href":"https:\/\/api.w.org\/{rel}","templated":true}]}}