{"id":2141,"date":"2025-07-14T17:47:22","date_gmt":"2025-07-14T22:47:22","guid":{"rendered":"https:\/\/fip.unsa.edu.pe\/ingmateriales\/?page_id=2141"},"modified":"2025-07-14T17:49:49","modified_gmt":"2025-07-14T22:49:49","slug":"comite-de-calidad","status":"publish","type":"page","link":"https:\/\/fip.unsa.edu.pe\/ingmateriales\/comite-de-calidad\/","title":{"rendered":"Comit\u00e9 de Calidad"},"content":{"rendered":"<p>Integrantes:<br \/>\nIng. Rossibel Dileydi Churata A\u00f1asco (Presidente)<br \/>\nIng. Karina Z\u00fa\u00f1iga Huanca (Integrante)<br \/>\nIng. Roc\u00edo Mar\u00eda Tamayo Calder\u00f3n (Integrante)<br \/>\nLic. Soledad Regina Astete Choquehuanca (Integrante)<br \/>\nIng. Joselyn Angelica Agramonte Rodrigo (Integrante)<br \/>\nIng. Sonia del Carmen Andia Huaracha (Integrante)<br \/>\nIng. Johana Melissa Escuza Tejada (Integrante)<\/p>\n","protected":false},"excerpt":{"rendered":"<p>Integrantes: Ing. Rossibel Dileydi Churata A\u00f1asco (Presidente) Ing. Karina Z\u00fa\u00f1iga Huanca (Integrante) Ing. Roc\u00edo Mar\u00eda Tamayo Calder\u00f3n (Integrante) Lic. Soledad Regina Astete Choquehuanca (Integrante) Ing. Joselyn Angelica Agramonte Rodrigo (Integrante) Ing. Sonia del Carmen Andia Huaracha (Integrante) Ing. Johana Melissa Escuza Tejada (Integrante)<\/p>\n","protected":false},"author":8,"featured_media":0,"parent":0,"menu_order":0,"comment_status":"closed","ping_status":"closed","template":"","meta":{"_acf_changed":false,"footnotes":""},"class_list":["post-2141","page","type-page","status-publish","hentry"],"acf":[],"_links":{"self":[{"href":"https:\/\/fip.unsa.edu.pe\/ingmateriales\/wp-json\/wp\/v2\/pages\/2141","targetHints":{"allow":["GET"]}}],"collection":[{"href":"https:\/\/fip.unsa.edu.pe\/ingmateriales\/wp-json\/wp\/v2\/pages"}],"about":[{"href":"https:\/\/fip.unsa.edu.pe\/ingmateriales\/wp-json\/wp\/v2\/types\/page"}],"author":[{"embeddable":true,"href":"https:\/\/fip.unsa.edu.pe\/ingmateriales\/wp-json\/wp\/v2\/users\/8"}],"replies":[{"embeddable":true,"href":"https:\/\/fip.unsa.edu.pe\/ingmateriales\/wp-json\/wp\/v2\/comments?post=2141"}],"version-history":[{"count":2,"href":"https:\/\/fip.unsa.edu.pe\/ingmateriales\/wp-json\/wp\/v2\/pages\/2141\/revisions"}],"predecessor-version":[{"id":2145,"href":"https:\/\/fip.unsa.edu.pe\/ingmateriales\/wp-json\/wp\/v2\/pages\/2141\/revisions\/2145"}],"wp:attachment":[{"href":"https:\/\/fip.unsa.edu.pe\/ingmateriales\/wp-json\/wp\/v2\/media?parent=2141"}],"curies":[{"name":"wp","href":"https:\/\/api.w.org\/{rel}","templated":true}]}}