{"id":2146,"date":"2025-07-14T17:51:07","date_gmt":"2025-07-14T22:51:07","guid":{"rendered":"https:\/\/fip.unsa.edu.pe\/ingmateriales\/?page_id=2146"},"modified":"2025-07-14T17:51:37","modified_gmt":"2025-07-14T22:51:37","slug":"comision-de-calidad-y-mejora-continua","status":"publish","type":"page","link":"https:\/\/fip.unsa.edu.pe\/ingmateriales\/comision-de-calidad-y-mejora-continua\/","title":{"rendered":"Comisi\u00f3n de Calidad y Mejora Continua"},"content":{"rendered":"<p>Integrantes:<br \/>\nIng. Rossibel Dileydi Churata A\u00f1asco (Presidente)<br \/>\nIng. Karina Z\u00fa\u00f1iga Huanca (Integrante)<br \/>\nIng. Edgar Apaza Huallpa (Integrante)<br \/>\nIng. Giancarlo Franko S\u00e1nchez Ch\u00e1vez (Integrante)<br \/>\nIng. Roc\u00edo Mar\u00eda Tamayo Calder\u00f3n (Integrante)<\/p>\n","protected":false},"excerpt":{"rendered":"<p>Integrantes: Ing. Rossibel Dileydi Churata A\u00f1asco (Presidente) Ing. Karina Z\u00fa\u00f1iga Huanca (Integrante) Ing. Edgar Apaza Huallpa (Integrante) Ing. Giancarlo Franko S\u00e1nchez Ch\u00e1vez (Integrante) Ing. Roc\u00edo Mar\u00eda Tamayo Calder\u00f3n (Integrante)<\/p>\n","protected":false},"author":8,"featured_media":0,"parent":0,"menu_order":0,"comment_status":"closed","ping_status":"closed","template":"","meta":{"_acf_changed":false,"footnotes":""},"class_list":["post-2146","page","type-page","status-publish","hentry"],"acf":[],"_links":{"self":[{"href":"https:\/\/fip.unsa.edu.pe\/ingmateriales\/wp-json\/wp\/v2\/pages\/2146","targetHints":{"allow":["GET"]}}],"collection":[{"href":"https:\/\/fip.unsa.edu.pe\/ingmateriales\/wp-json\/wp\/v2\/pages"}],"about":[{"href":"https:\/\/fip.unsa.edu.pe\/ingmateriales\/wp-json\/wp\/v2\/types\/page"}],"author":[{"embeddable":true,"href":"https:\/\/fip.unsa.edu.pe\/ingmateriales\/wp-json\/wp\/v2\/users\/8"}],"replies":[{"embeddable":true,"href":"https:\/\/fip.unsa.edu.pe\/ingmateriales\/wp-json\/wp\/v2\/comments?post=2146"}],"version-history":[{"count":2,"href":"https:\/\/fip.unsa.edu.pe\/ingmateriales\/wp-json\/wp\/v2\/pages\/2146\/revisions"}],"predecessor-version":[{"id":2150,"href":"https:\/\/fip.unsa.edu.pe\/ingmateriales\/wp-json\/wp\/v2\/pages\/2146\/revisions\/2150"}],"wp:attachment":[{"href":"https:\/\/fip.unsa.edu.pe\/ingmateriales\/wp-json\/wp\/v2\/media?parent=2146"}],"curies":[{"name":"wp","href":"https:\/\/api.w.org\/{rel}","templated":true}]}}