{"id":2164,"date":"2025-07-17T09:10:26","date_gmt":"2025-07-17T14:10:26","guid":{"rendered":"https:\/\/fip.unsa.edu.pe\/ingmateriales\/?page_id=2164"},"modified":"2025-07-21T15:09:42","modified_gmt":"2025-07-21T20:09:42","slug":"laboratorio-ciencia-materiales-2025","status":"publish","type":"page","link":"https:\/\/fip.unsa.edu.pe\/ingmateriales\/laboratorio-ciencia-materiales-2025\/","title":{"rendered":"Laboratorio Ciencia Materiales"},"content":{"rendered":"<p data-start=\"0\" data-end=\"662\">El laboratorio de Ciencia de Materiales realiza diversas actividades clave como an\u00e1lisis microestructural mediante microscop\u00eda, ensayos mec\u00e1nicos (tracci\u00f3n, dureza, impacto, fatiga), tratamientos t\u00e9rmicos, caracterizaci\u00f3n t\u00e9rmica (DSC, TGA), difracci\u00f3n de rayos X, ensayos de corrosi\u00f3n, pruebas el\u00e9ctricas y magn\u00e9ticas, procesamiento de materiales, y simulaciones computacionales. Estas actividades permiten solucionar problemas como fallas en componentes industriales, desarrollo y validaci\u00f3n de nuevos materiales, optimizaci\u00f3n de procesos productivos, evaluaci\u00f3n comparativa de materiales, control de calidad y estudio de la durabilidad frente a la corrosi\u00f3n.<\/p>\n<p data-start=\"793\" data-end=\"1180\">Adem\u00e1s del equipo docente interno, el laboratorio cuenta con <strong data-start=\"854\" data-end=\"905\">profesores colaboradores de otras universidades<\/strong>, quienes participan como <strong data-start=\"931\" data-end=\"975\">mentores asociados, asesores acad\u00e9micos entre otros<\/strong>, fortaleciendo la investigaci\u00f3n y la formaci\u00f3n interdisciplinaria. Tambi\u00e9n se mantiene una vinculaci\u00f3n activa con expertos externos que brindan <strong data-start=\"1120\" data-end=\"1150\">apoyo t\u00e9cnico y cient\u00edfico<\/strong> en proyectos de innovaci\u00f3n.<\/p>\n<p data-start=\"1186\" data-end=\"1397\">De esta manera, el laboratorio ofrece servicios de I+D, an\u00e1lisis certificado, formaci\u00f3n pr\u00e1ctica y colaboraci\u00f3n interinstitucional, siendo un espacio clave para el desarrollo acad\u00e9mico, tecnol\u00f3gico e industrial.<\/p>\n<p><font size=\"4\"><strong>EQUIPO HUMANO <\/strong>(Encargados)<\/font><br \/>\nPhD. Juan Carlos Negr\u00f3n L\u00f3pez (jnegron@unsa.edu.pe).<br \/>\nPhD. Elmer Antonio Mamani Calcina (emamanical@unsa.edu.pe).<br \/>\nPhD. Edgar Apaza Huallpa (eapazahu@unsa.edu.pe).<br \/>\nMSc. Diego Jorge Mauricio Paredes Linares (dparedesl@unsa.edu.pe).<\/p>\n<p><font size=\"4\"><strong>MENTORES \/ ASESORES ASOCIADOS <\/strong><\/font><br \/>\nPhD. H\u00e9lio Goldenstein (Universidade de S\u00e3o Paulo (USP) &#8211; Brasil) &#8211; Especialista de Transformaci\u00f3n de Fases.<br \/>\nPhD. Fernando Jos\u00e9 Gomes Landgraf (Universidade de S\u00e3o Paulo (USP) &#8211; Brasil) &#8211; Especialista en Materiales Magn\u00e9ticos y Arqueometalurgia.<br \/>\nPhD. Cesar Roberto de Farias Azevedo (Universidade de S\u00e3o Paulo (USP) &#8211; Brasil) &#8211; Especialista en Fractura de Materiales.<br \/>\nPhD. Mohammad Masoumi (Universidade Federal do ABC &#8211; Brasil) &#8211; Especialista en Propiedades Mec\u00e1nicas de Materiales.<br \/>\nPhD. Julio Cap\u00f3-S\u00e1nchez (Universidad de Oriente &#8211; Cuba) &#8211; F\u00edsico experimental enfocado a ensayos de materiales.<br \/>\nPhD. Dairo Hern\u00e1n Mesa Grajales (Universidad Tecnol\u00f3gica de Pereira &#8211; Colombia) &#8211; Especialista en Tribologia.<\/p>\n<p><strong>AUXILIAR DE LABORATORIO <\/strong><br \/>\nIng. Omar Junior Samata Puma (osamata@unsa.edu.pe).<\/p>\n<h3><strong>Equipamiento y software<\/strong><\/h3>\n<p><font size=\"4\"><strong>1. EQUIPOS <\/strong><\/font><\/p>\n<p><em><strong>Nuevos<\/strong><\/em><\/p>\n<p><strong>Bruker D8 ADVANCE<\/strong><br \/>\nDifract\u00f3metro de rayos X, utilizado para el an\u00e1lisis de la estructura cristalina de materiales.<\/p>\n<p><a href=\"https:\/\/fip.unsa.edu.pe\/ingmateriales\/advanced8\/\"><img loading=\"lazy\" decoding=\"async\" class=\"wp-image-2233 aligncenter\" src=\"https:\/\/fip.unsa.edu.pe\/ingmateriales\/wp-content\/uploads\/sites\/8\/2025\/07\/advanced8.jpeg\" alt=\"\" width=\"598\" height=\"433\" srcset=\"https:\/\/fip.unsa.edu.pe\/ingmateriales\/wp-content\/uploads\/sites\/8\/2025\/07\/advanced8.jpeg 1179w, https:\/\/fip.unsa.edu.pe\/ingmateriales\/wp-content\/uploads\/sites\/8\/2025\/07\/advanced8-768x556.jpeg 768w\" sizes=\"auto, (max-width: 598px) 100vw, 598px\" \/><\/a><\/p>\n<p>&nbsp;<\/p>\n<p><strong>Bruker S8 TIGER<\/strong><br \/>\nEspectr\u00f3metro de fluorescencia de rayos X (XRF), utilizado para la caracterizaci\u00f3n elemental de materiales.<\/p>\n<p><a href=\"https:\/\/fip.unsa.edu.pe\/ingmateriales\/tigers8\/\"><img loading=\"lazy\" decoding=\"async\" class=\"wp-image-2234 aligncenter\" src=\"https:\/\/fip.unsa.edu.pe\/ingmateriales\/wp-content\/uploads\/sites\/8\/2025\/07\/tigers8.jpeg\" alt=\"\" width=\"417\" height=\"474\" srcset=\"https:\/\/fip.unsa.edu.pe\/ingmateriales\/wp-content\/uploads\/sites\/8\/2025\/07\/tigers8.jpeg 1280w, https:\/\/fip.unsa.edu.pe\/ingmateriales\/wp-content\/uploads\/sites\/8\/2025\/07\/tigers8-768x874.jpeg 768w\" sizes=\"auto, (max-width: 417px) 100vw, 417px\" \/><\/a><\/p>\n<p><strong>Dimension Icon<\/strong><br \/>\nMicroscopio de fuerza at\u00f3mica (AFM), utilizado para obtener im\u00e1genes y mediciones de alta resoluci\u00f3n de superficies a nivel nanom\u00e9trico.<\/p>\n<p><a href=\"https:\/\/fip.unsa.edu.pe\/ingmateriales\/icon\/\"><img loading=\"lazy\" decoding=\"async\" class=\"alignnone wp-image-2235\" src=\"https:\/\/fip.unsa.edu.pe\/ingmateriales\/wp-content\/uploads\/sites\/8\/2025\/07\/icon.jpeg\" alt=\"\" width=\"520\" height=\"520\" \/><\/a><\/p>\n<p><strong>Equipo universal Instron<\/strong><br \/>\nEs una m\u00e1quina utilizada para realizar pruebas mec\u00e1nicas en materiales, someti\u00e9ndolos a fuerzas de tracci\u00f3n, compresi\u00f3n, flexi\u00f3n, entre otras. Estas m\u00e1quinas son empleadas en diversas industrias para evaluar las propiedades de los materiales, garantizando su calidad y desempe\u00f1o.<\/p>\n<p><a href=\"https:\/\/fip.unsa.edu.pe\/ingmateriales\/traccion1\/\"><img loading=\"lazy\" decoding=\"async\" class=\"alignnone wp-image-2243\" src=\"https:\/\/fip.unsa.edu.pe\/ingmateriales\/wp-content\/uploads\/sites\/8\/2025\/07\/traccion1.jpeg\" alt=\"\" width=\"488\" height=\"651\" srcset=\"https:\/\/fip.unsa.edu.pe\/ingmateriales\/wp-content\/uploads\/sites\/8\/2025\/07\/traccion1.jpeg 1200w, https:\/\/fip.unsa.edu.pe\/ingmateriales\/wp-content\/uploads\/sites\/8\/2025\/07\/traccion1-768x1024.jpeg 768w, https:\/\/fip.unsa.edu.pe\/ingmateriales\/wp-content\/uploads\/sites\/8\/2025\/07\/traccion1-1152x1536.jpeg 1152w\" sizes=\"auto, (max-width: 488px) 100vw, 488px\" \/><\/a><\/p>\n<p>&nbsp;<\/p>\n<p><em><strong>Pr\u00f3ximos a llegar (setiembre 2025)<\/strong><\/em><\/p>\n<p><strong>Microscopio Electr\u00f3nico de Barrido JEOL SEM IT 510 (con m\u00f3dulo de deformaci\u00f3n)<\/strong><br \/>\nEl <strong data-start=\"107\" data-end=\"126\">JEOL SEM IT 510<\/strong> es un microscopio de alta resoluci\u00f3n que permite analizar la morfolog\u00eda, composici\u00f3n y estructura de materiales a nivel nanom\u00e9trico. Adem\u00e1s, su <strong data-start=\"271\" data-end=\"296\">m\u00f3dulo de deformaci\u00f3n<\/strong> permite realizar pruebas mec\u00e1nicas in situ, aplicando fuerzas de tracci\u00f3n, compresi\u00f3n o torsi\u00f3n sobre las muestras mientras se observan en tiempo real. Este m\u00f3dulo es ideal para estudiar c\u00f3mo los materiales responden a la deformaci\u00f3n, incluyendo la formaci\u00f3n de grietas, fisuras y dislocaciones, proporcionando una visi\u00f3n detallada de su comportamiento mec\u00e1nico.<\/p>\n<p><font size=\"4\"><strong>2. SOFTWARES <\/strong><\/font><\/p>\n<p><font size=\"4\"><strong>Software Ansys<\/strong><\/font><br \/>\nAnsys es un software de simulaci\u00f3n de ingenier\u00eda utilizado para analizar y predecir el rendimiento de productos y sistemas antes de su construcci\u00f3n f\u00edsica. Se utiliza en diversas industrias como aeroespacial, automotriz y electr\u00f3nica, para simular fen\u00f3menos f\u00edsicos como mec\u00e1nica estructural, din\u00e1mica de fluidos, electromagnetismo, entre otros. Ansys permite a los ingenieros evaluar diferentes dise\u00f1os, optimizar el rendimiento y reducir costos y riesgos.<\/p>\n<p><font size=\"4\"><strong>PROYECTOS <\/strong><\/font><br \/>\n&#8211; Evaluaci\u00f3n de la corrosi\u00f3n, an\u00e1lisis microestructural y de composici\u00f3n de la estructura de hierro forjado del Puente Sim\u00f3n Bol\u00edvar (Puente de Fierro) construido el siglo XIX en la ciudad de Arequipa &#8211; FINALIZADO.<br \/>\n&#8211; Transformaci\u00f3n Martens\u00edtica en los aceros austeniticos por medio de la resistividad el\u00e9ctrica para evaluar sus propiedades mec\u00e1nicas &#8211; EN REALIZACI\u00d3N.<\/p>\n<p><font size=\"4\"><strong>PUBLICACIONES <\/strong><\/font><br \/>\n \t&#8211; Microstructural and mechanical characterisation of the Simon Bolivar&#8217;s iron bridge structure, 19th century, Arequipa, Peru &#8211; 2020.<br \/>\n \t&#8211; Low power and cost-optimized equipment design for the measurement of resistivity in austenitic steels &#8211; 2021.<\/p>\n<p><font size=\"4\"><strong>ESTUDIANTE DE PREGRADO<\/strong><\/font><br \/>\n&#8211; Xiomara Eliana Jurado Pucho (xjurado@unsa.edu.pe).<br \/>\n&nbsp;<br \/>\n&nbsp;<\/p>\n","protected":false},"excerpt":{"rendered":"<p>El laboratorio de Ciencia de Materiales realiza diversas actividades clave como an\u00e1lisis microestructural mediante microscop\u00eda, ensayos mec\u00e1nicos (tracci\u00f3n, dureza, impacto, fatiga), tratamientos t\u00e9rmicos, caracterizaci\u00f3n t\u00e9rmica (DSC, TGA), difracci\u00f3n de rayos X, ensayos de corrosi\u00f3n, pruebas el\u00e9ctricas y magn\u00e9ticas, procesamiento de materiales, y simulaciones computacionales. Estas actividades permiten solucionar problemas como fallas en componentes industriales, desarrollo [&hellip;]<\/p>\n","protected":false},"author":8,"featured_media":0,"parent":0,"menu_order":0,"comment_status":"closed","ping_status":"closed","template":"","meta":{"_acf_changed":false,"footnotes":""},"class_list":["post-2164","page","type-page","status-publish","hentry"],"acf":[],"_links":{"self":[{"href":"https:\/\/fip.unsa.edu.pe\/ingmateriales\/wp-json\/wp\/v2\/pages\/2164","targetHints":{"allow":["GET"]}}],"collection":[{"href":"https:\/\/fip.unsa.edu.pe\/ingmateriales\/wp-json\/wp\/v2\/pages"}],"about":[{"href":"https:\/\/fip.unsa.edu.pe\/ingmateriales\/wp-json\/wp\/v2\/types\/page"}],"author":[{"embeddable":true,"href":"https:\/\/fip.unsa.edu.pe\/ingmateriales\/wp-json\/wp\/v2\/users\/8"}],"replies":[{"embeddable":true,"href":"https:\/\/fip.unsa.edu.pe\/ingmateriales\/wp-json\/wp\/v2\/comments?post=2164"}],"version-history":[{"count":94,"href":"https:\/\/fip.unsa.edu.pe\/ingmateriales\/wp-json\/wp\/v2\/pages\/2164\/revisions"}],"predecessor-version":[{"id":2340,"href":"https:\/\/fip.unsa.edu.pe\/ingmateriales\/wp-json\/wp\/v2\/pages\/2164\/revisions\/2340"}],"wp:attachment":[{"href":"https:\/\/fip.unsa.edu.pe\/ingmateriales\/wp-json\/wp\/v2\/media?parent=2164"}],"curies":[{"name":"wp","href":"https:\/\/api.w.org\/{rel}","templated":true}]}}