{"id":1194,"date":"2017-09-13T14:19:19","date_gmt":"2017-09-13T14:19:19","guid":{"rendered":"http:\/\/www2.unsa.edu.pe\/escuelas\/ingmetalurgica\/?page_id=1194"},"modified":"2019-07-05T10:14:39","modified_gmt":"2019-07-05T15:14:39","slug":"presentacion","status":"publish","type":"page","link":"https:\/\/fip.unsa.edu.pe\/ingmetalurgica\/presentacion\/","title":{"rendered":"Presentaci\u00f3n"},"content":{"rendered":"<p>La Escuela Profesional de Ingenier\u00eda Metal\u00fargica de la Universidad Nacional de San Agust\u00edn de Arequipa, forma profesionales altamente capacitados para liderar los diferentes procesos que requiere, la extracci\u00f3n y transformaci\u00f3n de los recursos minerales, en cualquiera de sus \u00e1reas. Nuestros egresados poseen una formaci\u00f3n integral en matem\u00e1ticas, ciencias naturales y humanidades con un manejo amplio de sistemas inform\u00e1ticos.<\/p>\n<p>Su formaci\u00f3n profesional lo habr\u00e1 potencializado para tener una visi\u00f3n global que le permitan: gestionar, organizar, dirigir y optimizar los procesos productivos de purificaci\u00f3n de minerales, extracci\u00f3n de metales mediante tecnolog\u00edas limpias, con el reciclaje de todos sus desechos industriales, refinaci\u00f3n de los metales y su transformaci\u00f3n en productos terminados; cuidando de las normas ambientales y de seguridad para el trabajador.<\/p>\n","protected":false},"excerpt":{"rendered":"<p>La Escuela Profesional de Ingenier\u00eda Metal\u00fargica de la Universidad Nacional de San Agust\u00edn de Arequipa, forma profesionales altamente capacitados para liderar los diferentes procesos que requiere, la extracci\u00f3n y transformaci\u00f3n de los recursos minerales, en cualquiera de sus \u00e1reas. Nuestros egresados poseen una formaci\u00f3n integral en matem\u00e1ticas, ciencias naturales y humanidades con un manejo amplio [&hellip;]<\/p>\n","protected":false},"author":1,"featured_media":1546,"parent":0,"menu_order":0,"comment_status":"closed","ping_status":"closed","template":"","meta":{"_acf_changed":false,"footnotes":""},"class_list":["post-1194","page","type-page","status-publish","has-post-thumbnail","hentry"],"acf":[],"_links":{"self":[{"href":"https:\/\/fip.unsa.edu.pe\/ingmetalurgica\/wp-json\/wp\/v2\/pages\/1194","targetHints":{"allow":["GET"]}}],"collection":[{"href":"https:\/\/fip.unsa.edu.pe\/ingmetalurgica\/wp-json\/wp\/v2\/pages"}],"about":[{"href":"https:\/\/fip.unsa.edu.pe\/ingmetalurgica\/wp-json\/wp\/v2\/types\/page"}],"author":[{"embeddable":true,"href":"https:\/\/fip.unsa.edu.pe\/ingmetalurgica\/wp-json\/wp\/v2\/users\/1"}],"replies":[{"embeddable":true,"href":"https:\/\/fip.unsa.edu.pe\/ingmetalurgica\/wp-json\/wp\/v2\/comments?post=1194"}],"version-history":[{"count":4,"href":"https:\/\/fip.unsa.edu.pe\/ingmetalurgica\/wp-json\/wp\/v2\/pages\/1194\/revisions"}],"predecessor-version":[{"id":1649,"href":"https:\/\/fip.unsa.edu.pe\/ingmetalurgica\/wp-json\/wp\/v2\/pages\/1194\/revisions\/1649"}],"wp:featuredmedia":[{"embeddable":true,"href":"https:\/\/fip.unsa.edu.pe\/ingmetalurgica\/wp-json\/wp\/v2\/media\/1546"}],"wp:attachment":[{"href":"https:\/\/fip.unsa.edu.pe\/ingmetalurgica\/wp-json\/wp\/v2\/media?parent=1194"}],"curies":[{"name":"wp","href":"https:\/\/api.w.org\/{rel}","templated":true}]}}