{"id":1211,"date":"2017-09-13T14:37:22","date_gmt":"2017-09-13T14:37:22","guid":{"rendered":"http:\/\/www2.unsa.edu.pe\/escuelas\/ingmetalurgica\/?page_id=1211"},"modified":"2019-01-28T11:29:45","modified_gmt":"2019-01-28T16:29:45","slug":"perfil-del-egresado","status":"publish","type":"page","link":"https:\/\/fip.unsa.edu.pe\/ingmetalurgica\/perfil-del-egresado\/","title":{"rendered":"Perfil del Egresado"},"content":{"rendered":"<ol>\n<li>Tiene y desempe\u00f1a su profesi\u00f3n con valores y principios\n<ul>\n<li>Consenso<\/li>\n<li>Pluralismo<\/li>\n<li>Libertad<\/li>\n<li>Meritocracia<\/li>\n<li>Trabajo en equipo<\/li>\n<\/ul>\n<\/li>\n<li>Tiene formaci\u00f3n en cultura general, como:\n<ul>\n<li>Filosof\u00eda<\/li>\n<li>Realidad nacional<\/li>\n<li>Ciudadan\u00eda e interculturalidad<\/li>\n<li>Ecolog\u00eda y medio ambiente<\/li>\n<li>\u00c9tica general y profesional<\/li>\n<li>Entre otros<\/li>\n<\/ul>\n<\/li>\n<li>Tiene formaci\u00f3n s\u00f3lida, te\u00f3rica y experimental en las ciencias b\u00e1sicas y fundamentos de la Ingenier\u00eda Metal\u00fargica; matem\u00e1ticas, f\u00edsica, qu\u00edmica, biolog\u00eda, f\u00edsico-qu\u00edmica, fen\u00f3menos de transferencia de masas, calor, cantidad de movimiento, cin\u00e9tica, las leyes del comportamiento mec\u00e1nico de los metales y aleaciones antes lo esfuerzos que recibe, as\u00ed otros comportamientos de metales y aleaciones como: deformaciones, dislocaciones, tensi\u00f3n, formaci\u00f3n de eut\u00e9cticos, diagramas de enfriamiento, etc.<\/li>\n<li>Hace proyectos, dise\u00f1a reactores y equipos metal\u00fargicos, dise\u00f1o de procesos. Dise\u00f1o de plantas, los construye, pone en marcha, opera, controla, optimiza los procesos de producci\u00f3n de concentrados de minerales, extracci\u00f3n, transformaci\u00f3n y refinaci\u00f3n de los metales en materiales de ingenier\u00eda, incluso manufacturando en productos finales como reactores y equipos industriales minero &#8211; metal\u00fargicos de agricultura de construcci\u00f3n, accesorios de carros, motocicletas, etc.<\/li>\n<li>Hace investigaci\u00f3n \u2013 desarrollo \u2013 innovaci\u00f3n (I+D+I) en metal\u00fargica extractiva y transformativa, as\u00ed promueve la utilizaci\u00f3n de los metales en nuevos materiales de ingenier\u00eda.<\/li>\n<li>Es un emprendedor para crear sus propias empresas de producci\u00f3n y\/o de servicios en metal\u00fargica extractiva, transformativa.<\/li>\n<li>Es capaz de interactuar con otras ingenier\u00edas, Ejemplos: con ingenier\u00eda electr\u00f3nica en materiales electr\u00f3nicos con Ing. Mec\u00e1nica en metalurgia f\u00edsica. Con Ing. Alimentaria en fabricaci\u00f3n de equipos de industrias alimentarias entre otros, etc.<\/li>\n<\/ol>\n","protected":false},"excerpt":{"rendered":"<p>Tiene y desempe\u00f1a su profesi\u00f3n con valores y principios Consenso Pluralismo Libertad Meritocracia Trabajo en equipo Tiene formaci\u00f3n en cultura general, como: Filosof\u00eda Realidad nacional Ciudadan\u00eda e interculturalidad Ecolog\u00eda y medio ambiente \u00c9tica general y profesional Entre otros Tiene formaci\u00f3n s\u00f3lida, te\u00f3rica y experimental en las ciencias b\u00e1sicas y fundamentos de la Ingenier\u00eda Metal\u00fargica; matem\u00e1ticas, [&hellip;]<\/p>\n","protected":false},"author":1,"featured_media":1293,"parent":0,"menu_order":0,"comment_status":"closed","ping_status":"closed","template":"","meta":{"_acf_changed":false,"footnotes":""},"class_list":["post-1211","page","type-page","status-publish","has-post-thumbnail","hentry"],"acf":[],"_links":{"self":[{"href":"https:\/\/fip.unsa.edu.pe\/ingmetalurgica\/wp-json\/wp\/v2\/pages\/1211","targetHints":{"allow":["GET"]}}],"collection":[{"href":"https:\/\/fip.unsa.edu.pe\/ingmetalurgica\/wp-json\/wp\/v2\/pages"}],"about":[{"href":"https:\/\/fip.unsa.edu.pe\/ingmetalurgica\/wp-json\/wp\/v2\/types\/page"}],"author":[{"embeddable":true,"href":"https:\/\/fip.unsa.edu.pe\/ingmetalurgica\/wp-json\/wp\/v2\/users\/1"}],"replies":[{"embeddable":true,"href":"https:\/\/fip.unsa.edu.pe\/ingmetalurgica\/wp-json\/wp\/v2\/comments?post=1211"}],"version-history":[{"count":5,"href":"https:\/\/fip.unsa.edu.pe\/ingmetalurgica\/wp-json\/wp\/v2\/pages\/1211\/revisions"}],"predecessor-version":[{"id":1543,"href":"https:\/\/fip.unsa.edu.pe\/ingmetalurgica\/wp-json\/wp\/v2\/pages\/1211\/revisions\/1543"}],"wp:featuredmedia":[{"embeddable":true,"href":"https:\/\/fip.unsa.edu.pe\/ingmetalurgica\/wp-json\/wp\/v2\/media\/1293"}],"wp:attachment":[{"href":"https:\/\/fip.unsa.edu.pe\/ingmetalurgica\/wp-json\/wp\/v2\/media?parent=1211"}],"curies":[{"name":"wp","href":"https:\/\/api.w.org\/{rel}","templated":true}]}}