{"id":1213,"date":"2017-09-13T14:43:19","date_gmt":"2017-09-13T14:43:19","guid":{"rendered":"http:\/\/www2.unsa.edu.pe\/escuelas\/ingmetalurgica\/?page_id=1213"},"modified":"2019-07-09T10:53:41","modified_gmt":"2019-07-09T15:53:41","slug":"laboratorios","status":"publish","type":"page","link":"https:\/\/fip.unsa.edu.pe\/ingmetalurgica\/laboratorios\/","title":{"rendered":"Laboratorios"},"content":{"rendered":"<p>La distribuci\u00f3n de laboratorios del Pabell\u00f3n Antonio Raimondi de la Escuela Profesional de Ingenier\u00eda Metal\u00fargica que se detalla a continuaci\u00f3n:<\/p>\n<table class=\"table table-bordered\">\n<tbody>\n<tr>\n<th width=\"10%\">C\u00d3DIGO<\/th>\n<th width=\"30%\">DENOMINACI\u00d3N<\/th>\n<th width=\"60%\">PRINCIPALES EQUIPOS<\/th>\n<\/tr>\n<tr>\n<td>33.1-102<\/td>\n<td>Laboratorio de Control de calidad<\/td>\n<td>Maquina universal de tensi\u00f3n, dur\u00f3metro, Maquina de impacto CHARPY. Torno, fresa, esmeril, tornillos de banco, cortadoras de probetas. 03 hornos de resistencia el\u00e9ctrica, tenazas, dur\u00f3metro, mobiliario y equipos de laboratorio, bombas, man\u00f3metros, flux\u00f3metros, 05 microscopios \u00f3pticos, pulidoras, muestrario y otros equipos.<\/td>\n<\/tr>\n<tr>\n<td>16.1-119<\/td>\n<td>Laboratorio de\u00a0 soldadura y conformado de metales<\/td>\n<td>22 m\u00e1quinas diversas de soldar, de corte y otros de fabricaci\u00f3n y mantenimiento. Troqueladora, cilindradora, cizallas, dobladora hidr\u00e1ulica de tubos, prensa hidr\u00e1ulica, etc.<\/td>\n<\/tr>\n<tr>\n<td>16.1-101<\/td>\n<td>Laboratorio de fundici\u00f3n y moldeo<\/td>\n<td>Horno de cubilote, y equipos de fundici\u00f3n y moldeo, 05 microscopios \u00f3pticos, pulidoras, cortadora de probetas, computadoras, 20 computadoras, mobiliario,\u00a0 cierra circular,\u00a0 y otros, almac\u00e9n etc.<\/td>\n<\/tr>\n<tr>\n<td>33.1-204<\/td>\n<td>Laboratorio de Caracterizaci\u00f3n<\/td>\n<td>05 microscopios invertidos metalogr\u00e1ficos, 01 pulidora de muestras metalogr\u00e1ficas.<\/td>\n<\/tr>\n<tr>\n<td rowspan=\"5\">Rio Seco<\/td>\n<td>Laboratorio de Investigaci\u00f3n de Metalurgia Limpia del Oro<\/td>\n<td>Equipo de Absorci\u00f3n At\u00f3mica, Microscopio minera gr\u00e1fico (luz transmitida y luz polarizada), Concentrador gravim\u00e9trico Jig kelsey, Mesa vibratoria Gemini,\u00a0 autoclave, Celda de flotaci\u00f3n, Molino de discos para muestras (pulverizador), Concentrador centr\u00edfugo hidr\u00e1ulico, Concentrador centr\u00edfugo neum\u00e1tico.<\/td>\n<\/tr>\n<tr>\n<td>Laboratorio de Conminuci\u00f3n<\/td>\n<td>Chancadoras, molino de Bond, abrasimetro.<\/td>\n<\/tr>\n<tr>\n<td>Laboratorio de Concentraci\u00f3n de Minerales<\/td>\n<td>Celdas de flotaci\u00f3n, concentrador centrifugo, etc.<\/td>\n<\/tr>\n<tr>\n<td>Laboratorio de Hidroelectrometalurgia<\/td>\n<td>Celdas de electrodeposici\u00f3n, tanques de lixiviaci\u00f3n.<\/td>\n<\/tr>\n<tr>\n<td>Laboratorio de Pirometalurgia<\/td>\n<td>Hornos de resistencia.<\/td>\n<\/tr>\n<\/tbody>\n<\/table>\n<p>Protocolos de seguridad aplicados:<\/p>\n<ul>\n<li><a href=\"https:\/\/fip.unsa.edu.pe\/ingquimica\/wp-content\/uploads\/sites\/2\/2019\/07\/Protocolo-04.pdf\" target=\"_blank\" rel=\"noopener\">Protocolo 04<\/a><\/li>\n<li><a href=\"https:\/\/fip.unsa.edu.pe\/ingmetalurgica\/wp-content\/uploads\/sites\/9\/2019\/07\/PROTOCOLOS-014.pdf\">Protocolo 014<\/a><\/li>\n<\/ul>\n","protected":false},"excerpt":{"rendered":"<p>La distribuci\u00f3n de laboratorios del Pabell\u00f3n Antonio Raimondi de la Escuela Profesional de Ingenier\u00eda Metal\u00fargica que se detalla a continuaci\u00f3n: C\u00d3DIGO DENOMINACI\u00d3N PRINCIPALES EQUIPOS 33.1-102 Laboratorio de Control de calidad Maquina universal de tensi\u00f3n, dur\u00f3metro, Maquina de impacto CHARPY. Torno, fresa, esmeril, tornillos de banco, cortadoras de probetas. 03 hornos de resistencia el\u00e9ctrica, tenazas, dur\u00f3metro, [&hellip;]<\/p>\n","protected":false},"author":1,"featured_media":0,"parent":0,"menu_order":0,"comment_status":"closed","ping_status":"closed","template":"","meta":{"_acf_changed":false,"footnotes":""},"class_list":["post-1213","page","type-page","status-publish","hentry"],"acf":[],"_links":{"self":[{"href":"https:\/\/fip.unsa.edu.pe\/ingmetalurgica\/wp-json\/wp\/v2\/pages\/1213","targetHints":{"allow":["GET"]}}],"collection":[{"href":"https:\/\/fip.unsa.edu.pe\/ingmetalurgica\/wp-json\/wp\/v2\/pages"}],"about":[{"href":"https:\/\/fip.unsa.edu.pe\/ingmetalurgica\/wp-json\/wp\/v2\/types\/page"}],"author":[{"embeddable":true,"href":"https:\/\/fip.unsa.edu.pe\/ingmetalurgica\/wp-json\/wp\/v2\/users\/1"}],"replies":[{"embeddable":true,"href":"https:\/\/fip.unsa.edu.pe\/ingmetalurgica\/wp-json\/wp\/v2\/comments?post=1213"}],"version-history":[{"count":8,"href":"https:\/\/fip.unsa.edu.pe\/ingmetalurgica\/wp-json\/wp\/v2\/pages\/1213\/revisions"}],"predecessor-version":[{"id":1663,"href":"https:\/\/fip.unsa.edu.pe\/ingmetalurgica\/wp-json\/wp\/v2\/pages\/1213\/revisions\/1663"}],"wp:attachment":[{"href":"https:\/\/fip.unsa.edu.pe\/ingmetalurgica\/wp-json\/wp\/v2\/media?parent=1213"}],"curies":[{"name":"wp","href":"https:\/\/api.w.org\/{rel}","templated":true}]}}