{"id":1286,"date":"2017-10-19T13:26:35","date_gmt":"2017-10-19T13:26:35","guid":{"rendered":"http:\/\/www2.unsa.edu.pe\/fip\/ingmetalurgica\/?page_id=1286"},"modified":"2019-07-05T10:15:18","modified_gmt":"2019-07-05T15:15:18","slug":"vision-y-mision","status":"publish","type":"page","link":"https:\/\/fip.unsa.edu.pe\/ingmetalurgica\/vision-y-mision\/","title":{"rendered":"Misi\u00f3n"},"content":{"rendered":"<div class=\"cua-gri\"><img loading=\"lazy\" decoding=\"async\" class=\"hidden-xs alignnone size-medium wp-image-1363\" src=\"https:\/\/fip.unsa.edu.pe\/ingmetalurgica\/wp-content\/uploads\/sites\/9\/2017\/10\/metalurgica_unsa_02-360x203.jpg\" alt=\"\" width=\"360\" height=\"203\" \/><\/p>\n<h4>Misi\u00f3n<\/h4>\n<p>Ser una escuela profesional que forma profesionales l\u00edderes y creativos; que sean reconocidos por sus m\u00e9ritos y comprometidos con el bienestar de la sociedad, con mentalidad innovadora e investigaci\u00f3n, respetando nuestros recursos naturales y solucionar las necesidades de la poblaci\u00f3n a nivel nacional e internacional.<\/div>\n","protected":false},"excerpt":{"rendered":"","protected":false},"author":1,"featured_media":0,"parent":0,"menu_order":0,"comment_status":"closed","ping_status":"closed","template":"","meta":{"_acf_changed":false,"footnotes":""},"class_list":["post-1286","page","type-page","status-publish","hentry"],"acf":[],"_links":{"self":[{"href":"https:\/\/fip.unsa.edu.pe\/ingmetalurgica\/wp-json\/wp\/v2\/pages\/1286","targetHints":{"allow":["GET"]}}],"collection":[{"href":"https:\/\/fip.unsa.edu.pe\/ingmetalurgica\/wp-json\/wp\/v2\/pages"}],"about":[{"href":"https:\/\/fip.unsa.edu.pe\/ingmetalurgica\/wp-json\/wp\/v2\/types\/page"}],"author":[{"embeddable":true,"href":"https:\/\/fip.unsa.edu.pe\/ingmetalurgica\/wp-json\/wp\/v2\/users\/1"}],"replies":[{"embeddable":true,"href":"https:\/\/fip.unsa.edu.pe\/ingmetalurgica\/wp-json\/wp\/v2\/comments?post=1286"}],"version-history":[{"count":11,"href":"https:\/\/fip.unsa.edu.pe\/ingmetalurgica\/wp-json\/wp\/v2\/pages\/1286\/revisions"}],"predecessor-version":[{"id":1651,"href":"https:\/\/fip.unsa.edu.pe\/ingmetalurgica\/wp-json\/wp\/v2\/pages\/1286\/revisions\/1651"}],"wp:attachment":[{"href":"https:\/\/fip.unsa.edu.pe\/ingmetalurgica\/wp-json\/wp\/v2\/media?parent=1286"}],"curies":[{"name":"wp","href":"https:\/\/api.w.org\/{rel}","templated":true}]}}