{"id":1301,"date":"2017-10-19T13:45:52","date_gmt":"2017-10-19T13:45:52","guid":{"rendered":"http:\/\/www2.unsa.edu.pe\/fip\/ingmetalurgica\/?page_id=1301"},"modified":"2026-02-04T16:31:27","modified_gmt":"2026-02-04T21:31:27","slug":"comite-de-calidad","status":"publish","type":"page","link":"https:\/\/fip.unsa.edu.pe\/ingmetalurgica\/comite-de-calidad\/","title":{"rendered":"Comit\u00e9 de Calidad"},"content":{"rendered":"<table class=\"table table-striped\">\n<tbody>\n<tr>\n<th>Apellidos y Nombres<\/th>\n<th>Cargo<\/th>\n<\/tr>\n<\/tbody>\n<tbody>\n<tr>\n<td>Dr. Nemesio Edgar Veliz Llayqui<\/td>\n<td>PRESIDENTE<\/td>\n<\/tr>\n<tr>\n<td>Dr. Vicente Hermo Rudy Vilca Amesquita<\/td>\n<td>INTEGRANTE<\/td>\n<\/tr>\n<tr>\n<td>Dr. El\u00edas David Esquicha Larico<\/td>\n<td>INTEGRANTE<\/td>\n<\/tr>\n<tr>\n<td>Mg. Percy Enrique D\u00e1valos Huisa<\/td>\n<td>INTEGRANTE<\/td>\n<\/tr>\n<tr>\n<td>Dr. Pedro Pablo N\u00fa\u00f1ez Ram\u00edrez<\/td>\n<td>INTEGRANTE<\/td>\n<\/tr>\n<tr>\n<td>Dr. Jerson Edwin Alvarado Quintanilla<\/td>\n<td>INTEGRANTE<\/td>\n<\/tr>\n<tr>\n<td><\/td>\n<td><\/td>\n<\/tr>\n<\/tbody>\n<\/table>\n","protected":false},"excerpt":{"rendered":"<p>Apellidos y Nombres Cargo Dr. Nemesio Edgar Veliz Llayqui PRESIDENTE Dr. Vicente Hermo Rudy Vilca Amesquita INTEGRANTE Dr. El\u00edas David Esquicha Larico INTEGRANTE Mg. Percy Enrique D\u00e1valos Huisa INTEGRANTE Dr. Pedro Pablo N\u00fa\u00f1ez Ram\u00edrez INTEGRANTE Dr. Jerson Edwin Alvarado Quintanilla INTEGRANTE<\/p>\n","protected":false},"author":1,"featured_media":0,"parent":0,"menu_order":0,"comment_status":"closed","ping_status":"closed","template":"","meta":{"_acf_changed":false,"footnotes":""},"class_list":["post-1301","page","type-page","status-publish","hentry"],"acf":[],"_links":{"self":[{"href":"https:\/\/fip.unsa.edu.pe\/ingmetalurgica\/wp-json\/wp\/v2\/pages\/1301","targetHints":{"allow":["GET"]}}],"collection":[{"href":"https:\/\/fip.unsa.edu.pe\/ingmetalurgica\/wp-json\/wp\/v2\/pages"}],"about":[{"href":"https:\/\/fip.unsa.edu.pe\/ingmetalurgica\/wp-json\/wp\/v2\/types\/page"}],"author":[{"embeddable":true,"href":"https:\/\/fip.unsa.edu.pe\/ingmetalurgica\/wp-json\/wp\/v2\/users\/1"}],"replies":[{"embeddable":true,"href":"https:\/\/fip.unsa.edu.pe\/ingmetalurgica\/wp-json\/wp\/v2\/comments?post=1301"}],"version-history":[{"count":14,"href":"https:\/\/fip.unsa.edu.pe\/ingmetalurgica\/wp-json\/wp\/v2\/pages\/1301\/revisions"}],"predecessor-version":[{"id":1740,"href":"https:\/\/fip.unsa.edu.pe\/ingmetalurgica\/wp-json\/wp\/v2\/pages\/1301\/revisions\/1740"}],"wp:attachment":[{"href":"https:\/\/fip.unsa.edu.pe\/ingmetalurgica\/wp-json\/wp\/v2\/media?parent=1301"}],"curies":[{"name":"wp","href":"https:\/\/api.w.org\/{rel}","templated":true}]}}