{"id":1324,"date":"2017-10-19T14:10:23","date_gmt":"2017-10-19T14:10:23","guid":{"rendered":"http:\/\/www2.unsa.edu.pe\/fip\/ingmetalurgica\/?page_id=1324"},"modified":"2019-07-05T10:16:10","modified_gmt":"2019-07-05T15:16:10","slug":"campo-ocupacional","status":"publish","type":"page","link":"https:\/\/fip.unsa.edu.pe\/ingmetalurgica\/campo-ocupacional\/","title":{"rendered":"Campo Ocupacional"},"content":{"rendered":"<p>La principal fuente de empleo del egresado de Ingenier\u00eda Metal\u00fargica la encuentra en la industria minero-metal\u00fargica, en el \u00e1rea de plantas de beneficio y extracci\u00f3n de materiales, plantas de preparaci\u00f3n mec\u00e1nica de minerales, plantas concentradoras, plantas metal\u00fargicas, instituciones de investigaci\u00f3n, en Centros de Educaci\u00f3n Superior, como docente en disciplinas afines a su perfil, y en el sector acerero y de refinaci\u00f3n. Una parte de los egresados se incorpora al \u00e1rea de servicios, en bufetes de ingenier\u00eda y de consultor\u00eda, en empresas dedicadas a brindar servicios t\u00e9cnicos especializados.<\/p>\n<p>El Ingeniero Metalurgista tendr\u00e1 tambi\u00e9n como funciones principales:<\/p>\n<ul>\n<li>Ejecutar las tareas b\u00e1sicas para la obtenci\u00f3n de los principales metales, aleaciones, producciones de piezas y materiales necesarios para la econom\u00eda.<\/li>\n<li>Determinar y seleccionar la materia prima, combustible, reactivos y otros materiales fundamentales para los procesos metal\u00fargicos.<\/li>\n<li>Interpretar y diagnosticar los problemas m\u00e1s generales de las operaciones b\u00e1sicas de los procesos metal\u00fargicos.<\/li>\n<li>Ejecutar las principales t\u00e9cnicas de muestreo y participaci\u00f3n en los an\u00e1lisis y ensayos en la producci\u00f3n metal\u00fargica, as\u00ed como, aplicar los principios b\u00e1sicos sobre el mantenimiento de equipamiento y las instalaciones.<\/li>\n<\/ul>\n<p>El Ingeniero Metalurgista crea, dise\u00f1a y dirige los procesos que llevan a la construcci\u00f3n de herramientas y maquinarias.<\/p>\n","protected":false},"excerpt":{"rendered":"<p>La principal fuente de empleo del egresado de Ingenier\u00eda Metal\u00fargica la encuentra en la industria minero-metal\u00fargica, en el \u00e1rea de plantas de beneficio y extracci\u00f3n de materiales, plantas de preparaci\u00f3n mec\u00e1nica de minerales, plantas concentradoras, plantas metal\u00fargicas, instituciones de investigaci\u00f3n, en Centros de Educaci\u00f3n Superior, como docente en disciplinas afines a su perfil, y en [&hellip;]<\/p>\n","protected":false},"author":1,"featured_media":0,"parent":0,"menu_order":0,"comment_status":"closed","ping_status":"closed","template":"","meta":{"_acf_changed":false,"footnotes":""},"class_list":["post-1324","page","type-page","status-publish","hentry"],"acf":[],"_links":{"self":[{"href":"https:\/\/fip.unsa.edu.pe\/ingmetalurgica\/wp-json\/wp\/v2\/pages\/1324","targetHints":{"allow":["GET"]}}],"collection":[{"href":"https:\/\/fip.unsa.edu.pe\/ingmetalurgica\/wp-json\/wp\/v2\/pages"}],"about":[{"href":"https:\/\/fip.unsa.edu.pe\/ingmetalurgica\/wp-json\/wp\/v2\/types\/page"}],"author":[{"embeddable":true,"href":"https:\/\/fip.unsa.edu.pe\/ingmetalurgica\/wp-json\/wp\/v2\/users\/1"}],"replies":[{"embeddable":true,"href":"https:\/\/fip.unsa.edu.pe\/ingmetalurgica\/wp-json\/wp\/v2\/comments?post=1324"}],"version-history":[{"count":4,"href":"https:\/\/fip.unsa.edu.pe\/ingmetalurgica\/wp-json\/wp\/v2\/pages\/1324\/revisions"}],"predecessor-version":[{"id":1652,"href":"https:\/\/fip.unsa.edu.pe\/ingmetalurgica\/wp-json\/wp\/v2\/pages\/1324\/revisions\/1652"}],"wp:attachment":[{"href":"https:\/\/fip.unsa.edu.pe\/ingmetalurgica\/wp-json\/wp\/v2\/media?parent=1324"}],"curies":[{"name":"wp","href":"https:\/\/api.w.org\/{rel}","templated":true}]}}