{"id":1416,"date":"2018-03-16T14:01:03","date_gmt":"2018-03-16T19:01:03","guid":{"rendered":"https:\/\/fip.unsa.edu.pe\/ingmetalurgica\/?page_id=1416"},"modified":"2026-02-04T16:54:44","modified_gmt":"2026-02-04T21:54:44","slug":"objetivos-educacionales","status":"publish","type":"page","link":"https:\/\/fip.unsa.edu.pe\/ingmetalurgica\/objetivos-educacionales\/","title":{"rendered":"Objetivos Educacionales"},"content":{"rendered":"<p>Se espera que los egresados del programa de Ingenier\u00eda Metal\u00fargica de la UNSA, tres a\u00f1os despu\u00e9s de la graduaci\u00f3n, sean capaces de:<\/p>\n<p style=\"padding-left: 40px\"><strong>O.E.1.<\/strong> Evaluar, gestionar, colaborar e investigar en la optimizaci\u00f3n de procesos metal\u00fargicos, enfoc\u00e1ndose en el an\u00e1lisis, control y mejora continua, as\u00ed como en la planificaci\u00f3n y supervisi\u00f3n de operaciones contribuyendo al desarrollo sostenible, la soluci\u00f3n de necesidades sociales y respetando los recursos naturales.<\/p>\n<p style=\"padding-left: 40px\"><strong>O.E.2.<\/strong> Desarrollar y participar en la direcci\u00f3n y toma de decisiones en proyectos de innovaci\u00f3n y expansi\u00f3n en empresas metal\u00fargicas, participando en centros de investigaci\u00f3n y consultor\u00edas para el desarrollo de tecnolog\u00edas metal\u00fargicas de alto rendimiento y amigables con el medio ambiente.<\/p>\n<p style=\"padding-left: 40px\"><strong>O.E.3.<\/strong> Investigar y optimizar procesos en empresas de la industria metal\u00fargica para mejorar la disponibilidad y confiabilidad, contribuyendo tambi\u00e9n a la capacitaci\u00f3n y certificaci\u00f3n t\u00e9cnica, fiscalizaciones y al control metal\u00fargico seg\u00fan normativas vigentes.<\/p>\n<p style=\"padding-left: 40px\"><strong>O.E.4.<\/strong> Desarrollar y Fomentar una pr\u00e1ctica de \u00e9tica profesional y responsabilidad social, comprometida con el cuidado del medio ambiente y la seguridad, promoviendo principios s\u00f3lidos y valores en el \u00e1mbito minero-metal\u00fargico.<\/p>\n","protected":false},"excerpt":{"rendered":"<p>Se espera que los egresados del programa de Ingenier\u00eda Metal\u00fargica de la UNSA, tres a\u00f1os despu\u00e9s de la graduaci\u00f3n, sean capaces de: O.E.1. Evaluar, gestionar, colaborar e investigar en la optimizaci\u00f3n de procesos metal\u00fargicos, enfoc\u00e1ndose en el an\u00e1lisis, control y mejora continua, as\u00ed como en la planificaci\u00f3n y supervisi\u00f3n de operaciones contribuyendo al desarrollo sostenible, [&hellip;]<\/p>\n","protected":false},"author":1,"featured_media":1744,"parent":0,"menu_order":0,"comment_status":"closed","ping_status":"closed","template":"","meta":{"_acf_changed":false,"footnotes":""},"class_list":["post-1416","page","type-page","status-publish","has-post-thumbnail","hentry"],"acf":[],"_links":{"self":[{"href":"https:\/\/fip.unsa.edu.pe\/ingmetalurgica\/wp-json\/wp\/v2\/pages\/1416","targetHints":{"allow":["GET"]}}],"collection":[{"href":"https:\/\/fip.unsa.edu.pe\/ingmetalurgica\/wp-json\/wp\/v2\/pages"}],"about":[{"href":"https:\/\/fip.unsa.edu.pe\/ingmetalurgica\/wp-json\/wp\/v2\/types\/page"}],"author":[{"embeddable":true,"href":"https:\/\/fip.unsa.edu.pe\/ingmetalurgica\/wp-json\/wp\/v2\/users\/1"}],"replies":[{"embeddable":true,"href":"https:\/\/fip.unsa.edu.pe\/ingmetalurgica\/wp-json\/wp\/v2\/comments?post=1416"}],"version-history":[{"count":11,"href":"https:\/\/fip.unsa.edu.pe\/ingmetalurgica\/wp-json\/wp\/v2\/pages\/1416\/revisions"}],"predecessor-version":[{"id":1709,"href":"https:\/\/fip.unsa.edu.pe\/ingmetalurgica\/wp-json\/wp\/v2\/pages\/1416\/revisions\/1709"}],"wp:featuredmedia":[{"embeddable":true,"href":"https:\/\/fip.unsa.edu.pe\/ingmetalurgica\/wp-json\/wp\/v2\/media\/1744"}],"wp:attachment":[{"href":"https:\/\/fip.unsa.edu.pe\/ingmetalurgica\/wp-json\/wp\/v2\/media?parent=1416"}],"curies":[{"name":"wp","href":"https:\/\/api.w.org\/{rel}","templated":true}]}}