{"id":1528,"date":"2018-07-04T11:00:13","date_gmt":"2018-07-04T16:00:13","guid":{"rendered":"https:\/\/fip.unsa.edu.pe\/ingmetalurgica\/?page_id=1528"},"modified":"2018-07-04T11:00:13","modified_gmt":"2018-07-04T16:00:13","slug":"competencias-de-la-carrera","status":"publish","type":"page","link":"https:\/\/fip.unsa.edu.pe\/ingmetalurgica\/competencias-de-la-carrera\/","title":{"rendered":"Competencias de la Carrera"},"content":{"rendered":"<h4><strong>Competencias Generales<\/strong><\/h4>\n<ul>\n<li>Act\u00faa con valores<\/li>\n<li>Reflexiona cr\u00edticamente sobre diferentes planteamientos<\/li>\n<li>Se explica los problemas, sociales, econ\u00f3micos, pol\u00edticos, etc. M\u00e1s relevantes del Per\u00fa.<\/li>\n<li>Interact\u00faa con otras personas y en diferentes contextos, comunic\u00e1ndose integralmente en su lengua y una lengua internacional, de preferencia en ingl\u00e9s.<\/li>\n<li>Identifica las emociones propias y las dem\u00e1s para establecer relaciones humanas armoniosas<\/li>\n<li>Integra las tecnolog\u00edas de informaci\u00f3n, a su vida diaria y a sus estudios<\/li>\n<li>Utiliza diferentes t\u00e9cnicas de estudio<\/li>\n<li>Identifica los principios b\u00e1sicos de las ciencias f\u00edsicas, qu\u00edmicas, biol\u00f3gicas, etc.<\/li>\n<\/ul>\n<h4><strong>Competencias espec\u00edficas y de especialidad<\/strong><\/h4>\n<h4><strong>Competencias espec\u00edficas<\/strong><\/h4>\n<ul>\n<li>Aplica bien, profundamente, te\u00f3rica y experimentalmente los principios de las ciencias f\u00edsicas, qu\u00edmicas, biol\u00f3gicas, f\u00edsico-qu\u00edmicas, etc.<\/li>\n<li>Utiliza la ciencia, indicadas arriba complementadas con la experiencia si fuera necesario, para crear tecnolog\u00edas o explicar las tecnolog\u00edas existentes.<\/li>\n<li>Cuantifica los fen\u00f3menos f\u00edsicos, qu\u00edmicos, f\u00edsico-qu\u00edmicos, biol\u00f3gicos, etc., los procesos y operaciones de metal\u00fargica extractiva, transformativa, incluso las investigaciones matem\u00e1tica y\/o estad\u00edsticamente.<\/li>\n<li>Identifica los fen\u00f3menos de transferencia y transporte de masa, energ\u00eda y cantidad de movimientos, la velocidad (cin\u00e9tica) de estas transferencias o transporte, los cambios de energ\u00eda que acompa\u00f1an a estas transferencias en los procesos y operaciones de metal\u00fargica extractiva y transformativa.<\/li>\n<li>Establece el comportamiento de las propiedades mec\u00e1nicas, f\u00edsicas en general, qu\u00edmicas, diagramas de equilibrio de fases, transformaciones etc. De los metales y aleaciones.<\/li>\n<\/ul>\n<h4><strong>Competencias de especialidad<\/strong><\/h4>\n<ul>\n<li>Caracteriza minerales y metales<\/li>\n<li>Hace proyectos metal\u00fargicos extractivos o transformativos<\/li>\n<li>Realiza estudios metal\u00fargicos de pre factibilidad en planta pilotos, complementadas con uso de software o simuladores<\/li>\n<li>Dise\u00f1a, dibuja y construye equipos y reactores metal\u00fargicos<\/li>\n<li>Dise\u00f1a, comisiona, pone en marcha plantas metal\u00fargicas<\/li>\n<li>Organiza, dirige, opera, controla, optimiza los procesos productivos para extraer metales de los minerales mediante tecnolog\u00edas limpias<\/li>\n<li>Administra, hace gesti\u00f3n y\/o gerencia plantas metal\u00fargicas<\/li>\n<li>Investiga procesos y operaciones o m\u00e9todos de metalurgia transformativa, as\u00ed como investiga la utilizaci\u00f3n de los metales en el desarrollo de nuevos materiales de ingenier\u00eda ampliando sus aplicaciones<\/li>\n<li>Gestiona la informaci\u00f3n de manera cr\u00edtica, creativa y con iniciativa en el emprendimiento de sus propias empresas de producci\u00f3n y\/o servicios y\/o investigaci\u00f3n metal\u00fargicas<\/li>\n<\/ul>\n","protected":false},"excerpt":{"rendered":"<p>Competencias Generales Act\u00faa con valores Reflexiona cr\u00edticamente sobre diferentes planteamientos Se explica los problemas, sociales, econ\u00f3micos, pol\u00edticos, etc. M\u00e1s relevantes del Per\u00fa. Interact\u00faa con otras personas y en diferentes contextos, comunic\u00e1ndose integralmente en su lengua y una lengua internacional, de preferencia en ingl\u00e9s. Identifica las emociones propias y las dem\u00e1s para establecer relaciones humanas armoniosas [&hellip;]<\/p>\n","protected":false},"author":1,"featured_media":1274,"parent":0,"menu_order":0,"comment_status":"closed","ping_status":"closed","template":"","meta":{"_acf_changed":false,"footnotes":""},"class_list":["post-1528","page","type-page","status-publish","has-post-thumbnail","hentry"],"acf":[],"_links":{"self":[{"href":"https:\/\/fip.unsa.edu.pe\/ingmetalurgica\/wp-json\/wp\/v2\/pages\/1528","targetHints":{"allow":["GET"]}}],"collection":[{"href":"https:\/\/fip.unsa.edu.pe\/ingmetalurgica\/wp-json\/wp\/v2\/pages"}],"about":[{"href":"https:\/\/fip.unsa.edu.pe\/ingmetalurgica\/wp-json\/wp\/v2\/types\/page"}],"author":[{"embeddable":true,"href":"https:\/\/fip.unsa.edu.pe\/ingmetalurgica\/wp-json\/wp\/v2\/users\/1"}],"replies":[{"embeddable":true,"href":"https:\/\/fip.unsa.edu.pe\/ingmetalurgica\/wp-json\/wp\/v2\/comments?post=1528"}],"version-history":[{"count":1,"href":"https:\/\/fip.unsa.edu.pe\/ingmetalurgica\/wp-json\/wp\/v2\/pages\/1528\/revisions"}],"predecessor-version":[{"id":1529,"href":"https:\/\/fip.unsa.edu.pe\/ingmetalurgica\/wp-json\/wp\/v2\/pages\/1528\/revisions\/1529"}],"wp:featuredmedia":[{"embeddable":true,"href":"https:\/\/fip.unsa.edu.pe\/ingmetalurgica\/wp-json\/wp\/v2\/media\/1274"}],"wp:attachment":[{"href":"https:\/\/fip.unsa.edu.pe\/ingmetalurgica\/wp-json\/wp\/v2\/media?parent=1528"}],"curies":[{"name":"wp","href":"https:\/\/api.w.org\/{rel}","templated":true}]}}