{"id":10,"date":"2017-06-09T13:41:41","date_gmt":"2017-06-09T13:41:41","guid":{"rendered":"http:\/\/www2.unsa.edu.pe\/fip\/ingquimica\/?page_id=10"},"modified":"2025-07-22T16:29:28","modified_gmt":"2025-07-22T21:29:28","slug":"presentacion","status":"publish","type":"page","link":"https:\/\/fip.unsa.edu.pe\/ingquimica\/presentacion\/","title":{"rendered":"Presentaci\u00f3n de la Escuela"},"content":{"rendered":"<p>La Escuela Profesional de Ingenier\u00eda Qu\u00edmica es una unidad acad\u00e9mica que forma parte de la Universidad Nacional de San Agust\u00edn, forma parte de la Facultad de Ingenier\u00eda de Procesos desde 1984.<\/p>\n<p>Se cre\u00f3 el 24 de noviembre de 1961 y se implement\u00f3 como la segunda escuela de ingenier\u00eda en la historia de nuestra instituci\u00f3n y desde entonces ha venido cumpliendo con su misi\u00f3n de formar profesionales que desempe\u00f1an una labor clave en el sector productivo industrial \u2013 empresarial contribuyendo con el desarrollo de nuestro pa\u00eds y con el bienestar de la sociedad.<\/p>\n<p>Nuestros egresados poseen una clara orientaci\u00f3n profesional, supervisan la construcci\u00f3n y operaci\u00f3n de plantas a gran escala, coordinan la actividad de equipos interdisciplinarios de trabajo, involucrados en el funcionamiento de la planta, gestionan tareas propias del \u00e1rea de investigaci\u00f3n y desarrollo, dirige procesos productivos, aceptando y comport\u00e1ndose de acuerdo con los principios \u00e9ticos que norman la pr\u00e1ctica de su profesi\u00f3n, respetando valores y regulaciones sociales que garanticen su bienestar como persona y ser social.<\/p>\n","protected":false},"excerpt":{"rendered":"<p>La Escuela Profesional de Ingenier\u00eda Qu\u00edmica es una unidad acad\u00e9mica que forma parte de la Universidad Nacional de San Agust\u00edn, forma parte de la Facultad de Ingenier\u00eda de Procesos desde 1984. Se cre\u00f3 el 24 de noviembre de 1961 y se implement\u00f3 como la segunda escuela de ingenier\u00eda en la historia de nuestra instituci\u00f3n y [&hellip;]<\/p>\n","protected":false},"author":1,"featured_media":1831,"parent":0,"menu_order":0,"comment_status":"closed","ping_status":"closed","template":"page-imagen.php","meta":{"_acf_changed":false,"footnotes":""},"class_list":["post-10","page","type-page","status-publish","has-post-thumbnail","hentry"],"acf":[],"_links":{"self":[{"href":"https:\/\/fip.unsa.edu.pe\/ingquimica\/wp-json\/wp\/v2\/pages\/10","targetHints":{"allow":["GET"]}}],"collection":[{"href":"https:\/\/fip.unsa.edu.pe\/ingquimica\/wp-json\/wp\/v2\/pages"}],"about":[{"href":"https:\/\/fip.unsa.edu.pe\/ingquimica\/wp-json\/wp\/v2\/types\/page"}],"author":[{"embeddable":true,"href":"https:\/\/fip.unsa.edu.pe\/ingquimica\/wp-json\/wp\/v2\/users\/1"}],"replies":[{"embeddable":true,"href":"https:\/\/fip.unsa.edu.pe\/ingquimica\/wp-json\/wp\/v2\/comments?post=10"}],"version-history":[{"count":21,"href":"https:\/\/fip.unsa.edu.pe\/ingquimica\/wp-json\/wp\/v2\/pages\/10\/revisions"}],"predecessor-version":[{"id":1663,"href":"https:\/\/fip.unsa.edu.pe\/ingquimica\/wp-json\/wp\/v2\/pages\/10\/revisions\/1663"}],"wp:featuredmedia":[{"embeddable":true,"href":"https:\/\/fip.unsa.edu.pe\/ingquimica\/wp-json\/wp\/v2\/media\/1831"}],"wp:attachment":[{"href":"https:\/\/fip.unsa.edu.pe\/ingquimica\/wp-json\/wp\/v2\/media?parent=10"}],"curies":[{"name":"wp","href":"https:\/\/api.w.org\/{rel}","templated":true}]}}