{"id":130,"date":"2017-06-16T13:44:04","date_gmt":"2017-06-16T13:44:04","guid":{"rendered":"http:\/\/www2.unsa.edu.pe\/fip\/ingquimica\/?page_id=130"},"modified":"2018-07-04T10:08:56","modified_gmt":"2018-07-04T15:08:56","slug":"objetivos-generales","status":"publish","type":"page","link":"https:\/\/fip.unsa.edu.pe\/ingquimica\/objetivos-generales\/","title":{"rendered":"Objetivos Generales"},"content":{"rendered":"<p><strong>Objetivos Acad\u00e9micos<\/strong><\/p>\n<ul>\n<li>Formar Ingenieros Qu\u00edmicos no solo como profesionales sino como personas con principios humanistas, competentes para desempe\u00f1arse en el \u00e1mbito laboral con suma responsabilidad, aceptando y asumiendo la pr\u00e1ctica de la profesi\u00f3n dentro de un marco de \u00e9tica y respeto de compromisos, valores y normas sociales que garanticen su bienestar como persona y ser social, as\u00ed como el bienestar de la comunidad.<\/li>\n<li>Dotar al estudiante -futuro profesional- de las competencias id\u00f3neas que le permitan ser eficiente, innovador y emprendedor, y adem\u00e1s un ciudadano que ponga sus conocimientos al servicio del cuidado del medio ambiente en un contexto del cambio clim\u00e1tico que reclama el uso de energ\u00eda renovable, del consumo responsable del agua, evitando la depredaci\u00f3n de los recursos naturales como materia prima.<\/li>\n<\/ul>\n","protected":false},"excerpt":{"rendered":"<p>Objetivos Acad\u00e9micos Formar Ingenieros Qu\u00edmicos no solo como profesionales sino como personas con principios humanistas, competentes para desempe\u00f1arse en el \u00e1mbito laboral con suma responsabilidad, aceptando y asumiendo la pr\u00e1ctica de la profesi\u00f3n dentro de un marco de \u00e9tica y respeto de compromisos, valores y normas sociales que garanticen su bienestar como persona y ser [&hellip;]<\/p>\n","protected":false},"author":1,"featured_media":1078,"parent":0,"menu_order":0,"comment_status":"closed","ping_status":"closed","template":"","meta":{"_acf_changed":false,"footnotes":""},"class_list":["post-130","page","type-page","status-publish","has-post-thumbnail","hentry"],"acf":[],"_links":{"self":[{"href":"https:\/\/fip.unsa.edu.pe\/ingquimica\/wp-json\/wp\/v2\/pages\/130","targetHints":{"allow":["GET"]}}],"collection":[{"href":"https:\/\/fip.unsa.edu.pe\/ingquimica\/wp-json\/wp\/v2\/pages"}],"about":[{"href":"https:\/\/fip.unsa.edu.pe\/ingquimica\/wp-json\/wp\/v2\/types\/page"}],"author":[{"embeddable":true,"href":"https:\/\/fip.unsa.edu.pe\/ingquimica\/wp-json\/wp\/v2\/users\/1"}],"replies":[{"embeddable":true,"href":"https:\/\/fip.unsa.edu.pe\/ingquimica\/wp-json\/wp\/v2\/comments?post=130"}],"version-history":[{"count":6,"href":"https:\/\/fip.unsa.edu.pe\/ingquimica\/wp-json\/wp\/v2\/pages\/130\/revisions"}],"predecessor-version":[{"id":1666,"href":"https:\/\/fip.unsa.edu.pe\/ingquimica\/wp-json\/wp\/v2\/pages\/130\/revisions\/1666"}],"wp:featuredmedia":[{"embeddable":true,"href":"https:\/\/fip.unsa.edu.pe\/ingquimica\/wp-json\/wp\/v2\/media\/1078"}],"wp:attachment":[{"href":"https:\/\/fip.unsa.edu.pe\/ingquimica\/wp-json\/wp\/v2\/media?parent=130"}],"curies":[{"name":"wp","href":"https:\/\/api.w.org\/{rel}","templated":true}]}}