{"id":1605,"date":"2018-05-24T16:26:43","date_gmt":"2018-05-24T21:26:43","guid":{"rendered":"https:\/\/fip.unsa.edu.pe\/ingquimica\/?page_id=1605"},"modified":"2021-07-22T17:21:03","modified_gmt":"2021-07-22T22:21:03","slug":"objetivos-educacionales","status":"publish","type":"page","link":"https:\/\/fip.unsa.edu.pe\/ingquimica\/objetivos-educacionales\/","title":{"rendered":"Objetivos Educacionales"},"content":{"rendered":"<p>Se espera que los egresados del Programa de Ingenier\u00eda Qu\u00edmica de la UNSA, tres a\u00f1os despu\u00e9s de la graduaci\u00f3n, sean capaces de:<\/p>\n<ol>\n<li>Gestionar los recursos naturales, maquinaria, equipo y desarrollo humano en procesos productivos, respetando la normatividad, los principios \u00e9ticos, de equidad, seguridad y justicia, que regula el ejercicio profesional.<\/li>\n<li>Desarrollar investigaci\u00f3n combinando la pr\u00e1ctica de la ciencia y la ingenier\u00eda, para generar nuevos conocimientos y tecnolog\u00eda, orient\u00e1ndolos hacia la mejora continua, al desarrollo e innovaci\u00f3n de procesos productivos, que contribuyan al uso razonable de recursos, al desarrollo industrial de manera sostenible, rentable y al dise\u00f1o e instalaci\u00f3n de plantas de producci\u00f3n o procesamiento, al monitoreo y optimizaci\u00f3n de operaciones y procesos involucrados, sin comprometer el medio ambiente.<\/li>\n<li>Dise\u00f1ar y construir sistemas de control, aplicando procesos de modelamiento y simulaci\u00f3n, mediante el empleo de herramientas de software, orientados al an\u00e1lisis, soluci\u00f3n de problemas y optimizaci\u00f3n; que contribuyan con el funcionamiento seguro y eficiente de sistemas complejos de producci\u00f3n.<\/li>\n<li>Gestionar los riesgos, asociados con el desarrollo de procesos productivos, que permitan la formulaci\u00f3n de proyectos de mejora continua, asesoramiento y consultor\u00eda; orientada a la sostenibilidad y conservaci\u00f3n del medio ambiente.<\/li>\n<li>Participar en proyectos de dise\u00f1o, construcci\u00f3n de equipos, plantas de procesamientos, estudios de factibilidad, teniendo en consideraci\u00f3n los est\u00e1ndares internacionales y nacionales, y las restricciones de la normativa vigente; utilizando tecnolog\u00eda avanzada y disponible.<\/li>\n<\/ol>\n","protected":false},"excerpt":{"rendered":"<p>Se espera que los egresados del Programa de Ingenier\u00eda Qu\u00edmica de la UNSA, tres a\u00f1os despu\u00e9s de la graduaci\u00f3n, sean capaces de: Gestionar los recursos naturales, maquinaria, equipo y desarrollo humano en procesos productivos, respetando la normatividad, los principios \u00e9ticos, de equidad, seguridad y justicia, que regula el ejercicio profesional. Desarrollar investigaci\u00f3n combinando la pr\u00e1ctica [&hellip;]<\/p>\n","protected":false},"author":1,"featured_media":1060,"parent":0,"menu_order":0,"comment_status":"closed","ping_status":"closed","template":"","meta":{"_acf_changed":false,"footnotes":""},"class_list":["post-1605","page","type-page","status-publish","has-post-thumbnail","hentry"],"acf":[],"_links":{"self":[{"href":"https:\/\/fip.unsa.edu.pe\/ingquimica\/wp-json\/wp\/v2\/pages\/1605","targetHints":{"allow":["GET"]}}],"collection":[{"href":"https:\/\/fip.unsa.edu.pe\/ingquimica\/wp-json\/wp\/v2\/pages"}],"about":[{"href":"https:\/\/fip.unsa.edu.pe\/ingquimica\/wp-json\/wp\/v2\/types\/page"}],"author":[{"embeddable":true,"href":"https:\/\/fip.unsa.edu.pe\/ingquimica\/wp-json\/wp\/v2\/users\/1"}],"replies":[{"embeddable":true,"href":"https:\/\/fip.unsa.edu.pe\/ingquimica\/wp-json\/wp\/v2\/comments?post=1605"}],"version-history":[{"count":5,"href":"https:\/\/fip.unsa.edu.pe\/ingquimica\/wp-json\/wp\/v2\/pages\/1605\/revisions"}],"predecessor-version":[{"id":1802,"href":"https:\/\/fip.unsa.edu.pe\/ingquimica\/wp-json\/wp\/v2\/pages\/1605\/revisions\/1802"}],"wp:featuredmedia":[{"embeddable":true,"href":"https:\/\/fip.unsa.edu.pe\/ingquimica\/wp-json\/wp\/v2\/media\/1060"}],"wp:attachment":[{"href":"https:\/\/fip.unsa.edu.pe\/ingquimica\/wp-json\/wp\/v2\/media?parent=1605"}],"curies":[{"name":"wp","href":"https:\/\/api.w.org\/{rel}","templated":true}]}}