{"id":167,"date":"2017-06-19T16:35:15","date_gmt":"2017-06-19T16:35:15","guid":{"rendered":"http:\/\/www2.unsa.edu.pe\/fip\/ingquimica\/?page_id=167"},"modified":"2025-07-22T16:35:50","modified_gmt":"2025-07-22T21:35:50","slug":"personal-administrativo","status":"publish","type":"page","link":"https:\/\/fip.unsa.edu.pe\/ingquimica\/personal-administrativo\/","title":{"rendered":"Personal Administrativo"},"content":{"rendered":"<p>Personal Administrativo que presta servicio a la Escuela Profesional:<\/p>\n<table class=\"table table-striped\" cellspacing=\"0\" cellpadding=\"0\">\n<tbody>\n<tr>\n<td>Secretar\u00eda Administrativa<\/td>\n<td>Lic. Maribel Cabrera Calle<\/td>\n<\/tr>\n<tr>\n<td>Bibliohemeroteca<\/td>\n<td>Robert Santiago Flores Uturunco<\/td>\n<\/tr>\n<tr>\n<td>Centro de C\u00f3mputo<\/td>\n<td>Daythia Chauca Florian<\/td>\n<\/tr>\n<tr>\n<td>Conserjer\u00eda y limpieza<\/td>\n<td>Pascual Huanayque Sonco<\/td>\n<\/tr>\n<\/tbody>\n<\/table>\n","protected":false},"excerpt":{"rendered":"<p>Personal Administrativo que presta servicio a la Escuela Profesional: Secretar\u00eda Administrativa Lic. Maribel Cabrera Calle Bibliohemeroteca Robert Santiago Flores Uturunco Centro de C\u00f3mputo Daythia Chauca Florian Conserjer\u00eda y limpieza Pascual Huanayque Sonco<\/p>\n","protected":false},"author":1,"featured_media":1114,"parent":0,"menu_order":0,"comment_status":"closed","ping_status":"closed","template":"","meta":{"_acf_changed":false,"footnotes":""},"class_list":["post-167","page","type-page","status-publish","has-post-thumbnail","hentry"],"acf":[],"_links":{"self":[{"href":"https:\/\/fip.unsa.edu.pe\/ingquimica\/wp-json\/wp\/v2\/pages\/167","targetHints":{"allow":["GET"]}}],"collection":[{"href":"https:\/\/fip.unsa.edu.pe\/ingquimica\/wp-json\/wp\/v2\/pages"}],"about":[{"href":"https:\/\/fip.unsa.edu.pe\/ingquimica\/wp-json\/wp\/v2\/types\/page"}],"author":[{"embeddable":true,"href":"https:\/\/fip.unsa.edu.pe\/ingquimica\/wp-json\/wp\/v2\/users\/1"}],"replies":[{"embeddable":true,"href":"https:\/\/fip.unsa.edu.pe\/ingquimica\/wp-json\/wp\/v2\/comments?post=167"}],"version-history":[{"count":9,"href":"https:\/\/fip.unsa.edu.pe\/ingquimica\/wp-json\/wp\/v2\/pages\/167\/revisions"}],"predecessor-version":[{"id":1836,"href":"https:\/\/fip.unsa.edu.pe\/ingquimica\/wp-json\/wp\/v2\/pages\/167\/revisions\/1836"}],"wp:featuredmedia":[{"embeddable":true,"href":"https:\/\/fip.unsa.edu.pe\/ingquimica\/wp-json\/wp\/v2\/media\/1114"}],"wp:attachment":[{"href":"https:\/\/fip.unsa.edu.pe\/ingquimica\/wp-json\/wp\/v2\/media?parent=167"}],"curies":[{"name":"wp","href":"https:\/\/api.w.org\/{rel}","templated":true}]}}