{"id":174,"date":"2017-06-19T16:47:06","date_gmt":"2017-06-19T16:47:06","guid":{"rendered":"http:\/\/www2.unsa.edu.pe\/fip\/ingquimica\/?page_id=174"},"modified":"2018-07-04T10:04:23","modified_gmt":"2018-07-04T15:04:23","slug":"competencias-de-la-carrera","status":"publish","type":"page","link":"https:\/\/fip.unsa.edu.pe\/ingquimica\/competencias-de-la-carrera\/","title":{"rendered":"Competencias de la Carrera"},"content":{"rendered":"<h4><strong>Competencias Generales<\/strong><\/h4>\n<ul>\n<li>Interact\u00faa con otras personas y en diferentes contextos, comunic\u00e1ndose apropiadamente, en su lengua materna y en otras lenguas.<\/li>\n<li>Resuelve diferentes tipos de problemas relacionados con la pr\u00e1ctica profesional y social, en lo que hace praxis de agudo razonamiento l\u00f3gico.<\/li>\n<li>Usa t\u00e9cnicas de estudio que le permiten lograr aprendizajes de manera individual y colectiva, en funci\u00f3n de las estrategias de aprendizaje y de acuerdo a los diferentes contextos.<\/li>\n<li>Gestiona la informaci\u00f3n proveniente de diferentes fuentes, para utilizarla de manera cr\u00edtica, creativa y con iniciativa para el emprendimiento de proyectos personales y sociales.<\/li>\n<li>Reflexiona cr\u00edticamente sobre diferentes planteamientos y perspectivas relacionados con problemas personales, profesionales y colectivos de su entorno, as\u00ed como sobre las alternativas de soluci\u00f3n.<\/li>\n<li>Reconoce la importancia del empleo de la investigaci\u00f3n cient\u00edfica y tecnol\u00f3gica para afrontar problemas inherentes a su pr\u00e1ctica profesional.<\/li>\n<li>Identifica los principios b\u00e1sicos de las ciencias naturales y sociales para una comprensi\u00f3n integral de la realidad mundial, nacional y local.<\/li>\n<li>Act\u00faa con \u00e9tica en su comportamiento, dentro y fuera de la universidad, a fin de fortalecer la pr\u00e1ctica de los valores y transformar la sociedad.<\/li>\n<li>Explica los problemas sociales m\u00e1s relevantes del pa\u00eds desde los aspectos econ\u00f3mico, pol\u00edtico y cultural, con el fin de comprometerse a contribuir en su soluci\u00f3n.<\/li>\n<li>Valora el sistema de gobierno democr\u00e1tico como medio para el an\u00e1lisis y desarrollo de la universidad y la comunidad, cumpliendo los deberes y defendiendo los derechos ciudadanos, generales y espec\u00edficos del estudiante universitario peruano, dentro del marco de la ley.<\/li>\n<li>Reconoce la libertad de expresi\u00f3n y comprende el significado de diversidad cultural, interculturalidad y tolerancia, en funci\u00f3n del bienestar personal y social.<\/li>\n<li>Respeta el pensamiento y diversidad cultural presente en la universidad y en la regi\u00f3n, contribuyendo al desarrollo de una sociedad intercultural.<\/li>\n<li>Asume el compromiso de respetar y conservar el medio ambiente, a fin de vivir en una relaci\u00f3n armoniosa con la naturaleza.<\/li>\n<li>Identifica las emociones propias y las de los dem\u00e1s para establecer relaciones humanas armoniosas para gestionar conflictos que permitan el fortalecimiento de la sociedad en general y de su comunidad en particular.<\/li>\n<li>Prioriza el bien com\u00fan sobre el inter\u00e9s particular, personal o de grupo.<\/li>\n<\/ul>\n<h4><strong>Competencias Espec\u00edficas y de Especialidad<\/strong><\/h4>\n<ul>\n<li>Planifica sistemas de modelamiento y simulaci\u00f3n, as\u00ed como tecnolog\u00edas propias de la ingenier\u00eda qu\u00edmica para dise\u00f1ar, construir, operar, controlar y administrar plantas industriales donde se desarrolla procesos productivos que involucran la transformaci\u00f3n f\u00edsica, qu\u00edmica y\/o bioqu\u00edmica de materias primas para obtener productos y\/o servicios.<\/li>\n<li>Desarrolla tecnolog\u00edas asociadas con industria petroqu\u00edmica y gas natural, metal\u00fargica, no met\u00e1lica, pol\u00edmeros, agroindustria y alimentos, biotecnolog\u00eda, textil y de curtiembre; a partir de los principios b\u00e1sicos de matem\u00e1tica, f\u00edsica, qu\u00edmica inorg\u00e1nica y org\u00e1nica, fisicoqu\u00edmica, termodin\u00e1mica, balance de materia y energ\u00eda, operaciones unitarias, y procesos unitarios, ingenier\u00eda de las reacciones qu\u00edmicas para atender con \u00e9xito el quehacer del ingeniero qu\u00edmico.<\/li>\n<li>Administra con criterio, t\u00e9cnicas y procedimientos de an\u00e1lisis instrumental para la caracterizaci\u00f3n fisicoqu\u00edmica del material a procesar, el monitoreo del proceso y el control de calidad del producto obtenido, garantizando la satisfacci\u00f3n del consumidor.<\/li>\n<li>Desarrolla tecnolog\u00edas asociadas con bio-procesos industriales a partir de principios y fundamentos de qu\u00edmica org\u00e1nica y bioqu\u00edmica para resolver problemas b\u00e1sicos de la profesi\u00f3n.<\/li>\n<li>Aplica con pertinencia los principios b\u00e1sicos de ciencia, ingenier\u00eda y tecnolog\u00eda, para identificar, analizar y resolver los problemas t\u00edpicos de la profesi\u00f3n de forma innovadora y creativa.<\/li>\n<li>Incorpora principios b\u00e1sicos de organizaci\u00f3n y planificaci\u00f3n para gestionar la viabilidad econ\u00f3mica de los procesos productivos propios de la ingenier\u00eda qu\u00edmica, garantizando el control y calidad de los productos<\/li>\n<li>Gestiona la protecci\u00f3n del medio ambiente, incorporando procesos complementarios para minimizar emisiones y\/o reducir residuos, aplicando con pertinencia la legislaci\u00f3n ambiental.<\/li>\n<li>Planifica las actividades de los equipos de trabajo teniendo en consideraci\u00f3n la normativa vigente sobre seguridad e higiene industrial y salud ocupacional para garantizar la integridad del personal que opera en la planta.<\/li>\n<li>Selecciona las operaciones y procesos unitarios apropiados, empleando t\u00e9cnicas de simulaci\u00f3n de procesos, para implementar procesos de producci\u00f3n, teniendo en cuenta las propiedades fisicoqu\u00edmicas del material a procesar, los insumos a utilizar y los productos a obtener.<\/li>\n<li>Ejecuta proyectos de investigaci\u00f3n orientados al desarrollo de nuevos procesos y productos en diferentes \u00e1reas de la ingenier\u00eda qu\u00edmica, para contribuir con el avance responsable del sector productivo, teniendo en cuenta el uso razonable de recursos naturales, agua y energ\u00eda no renovable y el empleo de m\u00e9todos, instrumentos y herramientas de investigaci\u00f3n que recomienda los avances cient\u00edficos y tecnol\u00f3gicos.<\/li>\n<li>Analiza la factibilidad de utilizar los resultados de proyectos de investigaci\u00f3n para aplicarlos como transferencia de tecnolog\u00eda, atendiendo la necesidad de la empresa del sector industrial en desarrollar nuevos procesos productivos.<\/li>\n<li>Supervisa t\u00e9cnicamente las tareas de implementaci\u00f3n, organizaci\u00f3n, direcci\u00f3n y control de nuevos procesos de producci\u00f3n y\/o la mejora de los ya existentes, teniendo en cuenta las necesidades del mercado.<\/li>\n<li>Eval\u00faa el uso eficiente y razonable de los recursos naturales, agua y energ\u00eda, para evitar la depredaci\u00f3n de la naturaleza, empleando tecnolog\u00edas innovadoras.<\/li>\n<li>Aplica los principios axiol\u00f3gicos, de \u00e9tica general y profesional, de ciudadan\u00eda e interculturalidad, en el desarrollo de actividades programadas para garantizar la formaci\u00f3n del egresado como persona y ser social.<\/li>\n<\/ul>\n","protected":false},"excerpt":{"rendered":"<p>Competencias Generales Interact\u00faa con otras personas y en diferentes contextos, comunic\u00e1ndose apropiadamente, en su lengua materna y en otras lenguas. Resuelve diferentes tipos de problemas relacionados con la pr\u00e1ctica profesional y social, en lo que hace praxis de agudo razonamiento l\u00f3gico. Usa t\u00e9cnicas de estudio que le permiten lograr aprendizajes de manera individual y colectiva, [&hellip;]<\/p>\n","protected":false},"author":1,"featured_media":1072,"parent":0,"menu_order":0,"comment_status":"closed","ping_status":"closed","template":"","meta":{"_acf_changed":false,"footnotes":""},"class_list":["post-174","page","type-page","status-publish","has-post-thumbnail","hentry"],"acf":[],"_links":{"self":[{"href":"https:\/\/fip.unsa.edu.pe\/ingquimica\/wp-json\/wp\/v2\/pages\/174","targetHints":{"allow":["GET"]}}],"collection":[{"href":"https:\/\/fip.unsa.edu.pe\/ingquimica\/wp-json\/wp\/v2\/pages"}],"about":[{"href":"https:\/\/fip.unsa.edu.pe\/ingquimica\/wp-json\/wp\/v2\/types\/page"}],"author":[{"embeddable":true,"href":"https:\/\/fip.unsa.edu.pe\/ingquimica\/wp-json\/wp\/v2\/users\/1"}],"replies":[{"embeddable":true,"href":"https:\/\/fip.unsa.edu.pe\/ingquimica\/wp-json\/wp\/v2\/comments?post=174"}],"version-history":[{"count":5,"href":"https:\/\/fip.unsa.edu.pe\/ingquimica\/wp-json\/wp\/v2\/pages\/174\/revisions"}],"predecessor-version":[{"id":1658,"href":"https:\/\/fip.unsa.edu.pe\/ingquimica\/wp-json\/wp\/v2\/pages\/174\/revisions\/1658"}],"wp:featuredmedia":[{"embeddable":true,"href":"https:\/\/fip.unsa.edu.pe\/ingquimica\/wp-json\/wp\/v2\/media\/1072"}],"wp:attachment":[{"href":"https:\/\/fip.unsa.edu.pe\/ingquimica\/wp-json\/wp\/v2\/media?parent=174"}],"curies":[{"name":"wp","href":"https:\/\/api.w.org\/{rel}","templated":true}]}}