{"id":176,"date":"2017-06-19T16:47:30","date_gmt":"2017-06-19T16:47:30","guid":{"rendered":"http:\/\/www2.unsa.edu.pe\/fip\/ingquimica\/?page_id=176"},"modified":"2019-07-05T10:19:41","modified_gmt":"2019-07-05T15:19:41","slug":"campo-ocupacional","status":"publish","type":"page","link":"https:\/\/fip.unsa.edu.pe\/ingquimica\/campo-ocupacional\/","title":{"rendered":"Campo Ocupacional"},"content":{"rendered":"<p>El egresado de Ingenier\u00eda Qu\u00edmica puede ejercer su profesi\u00f3n en diferentes empresas de la industria qu\u00edmica local, regional y nacional, como en:<\/p>\n<ul>\n<li>Agroindustria y alimentos, industria metal\u00fargica, industria cervecera y de bebidas gasificadas, industria no met\u00e1lica (cemento, ladrillo), industria del pl\u00e1stico, industria de las fibras y tejidos, industria del papel, industria de las pinturas y barnices, industria de explosivos, industria de curtidur\u00eda.<\/li>\n<li>Empresas de ingenier\u00eda, servicios y consultor\u00eda; en centros de investigaci\u00f3n, desarrollo tecnol\u00f3gico e innovaci\u00f3n.<\/li>\n<li>\u00c1reas de comercializaci\u00f3n, estudios de mercado, tratamiento de residuos y en la implementaci\u00f3n de empresas propias dedicadas al dise\u00f1o de proyectos para instalaciones relacionadas con procesos qu\u00edmicos, o desarrollando consultor\u00eda medioambiental y de higiene y seguridad industrial.<\/li>\n<\/ul>\n","protected":false},"excerpt":{"rendered":"<p>El egresado de Ingenier\u00eda Qu\u00edmica puede ejercer su profesi\u00f3n en diferentes empresas de la industria qu\u00edmica local, regional y nacional, como en: Agroindustria y alimentos, industria metal\u00fargica, industria cervecera y de bebidas gasificadas, industria no met\u00e1lica (cemento, ladrillo), industria del pl\u00e1stico, industria de las fibras y tejidos, industria del papel, industria de las pinturas y [&hellip;]<\/p>\n","protected":false},"author":1,"featured_media":1070,"parent":0,"menu_order":0,"comment_status":"closed","ping_status":"closed","template":"","meta":{"_acf_changed":false,"footnotes":""},"class_list":["post-176","page","type-page","status-publish","has-post-thumbnail","hentry"],"acf":[],"_links":{"self":[{"href":"https:\/\/fip.unsa.edu.pe\/ingquimica\/wp-json\/wp\/v2\/pages\/176","targetHints":{"allow":["GET"]}}],"collection":[{"href":"https:\/\/fip.unsa.edu.pe\/ingquimica\/wp-json\/wp\/v2\/pages"}],"about":[{"href":"https:\/\/fip.unsa.edu.pe\/ingquimica\/wp-json\/wp\/v2\/types\/page"}],"author":[{"embeddable":true,"href":"https:\/\/fip.unsa.edu.pe\/ingquimica\/wp-json\/wp\/v2\/users\/1"}],"replies":[{"embeddable":true,"href":"https:\/\/fip.unsa.edu.pe\/ingquimica\/wp-json\/wp\/v2\/comments?post=176"}],"version-history":[{"count":6,"href":"https:\/\/fip.unsa.edu.pe\/ingquimica\/wp-json\/wp\/v2\/pages\/176\/revisions"}],"predecessor-version":[{"id":1467,"href":"https:\/\/fip.unsa.edu.pe\/ingquimica\/wp-json\/wp\/v2\/pages\/176\/revisions\/1467"}],"wp:featuredmedia":[{"embeddable":true,"href":"https:\/\/fip.unsa.edu.pe\/ingquimica\/wp-json\/wp\/v2\/media\/1070"}],"wp:attachment":[{"href":"https:\/\/fip.unsa.edu.pe\/ingquimica\/wp-json\/wp\/v2\/media?parent=176"}],"curies":[{"name":"wp","href":"https:\/\/api.w.org\/{rel}","templated":true}]}}