{"id":197,"date":"2017-06-19T19:55:07","date_gmt":"2017-06-19T19:55:07","guid":{"rendered":"http:\/\/www2.unsa.edu.pe\/fip\/ingquimica\/?page_id=197"},"modified":"2018-07-04T10:02:11","modified_gmt":"2018-07-04T15:02:11","slug":"perfil-del-egresado","status":"publish","type":"page","link":"https:\/\/fip.unsa.edu.pe\/ingquimica\/perfil-del-egresado\/","title":{"rendered":"Perfil del Egresado"},"content":{"rendered":"<p>El agustino, egresado de la Escuela Profesional de Ingenier\u00eda Qu\u00edmica debe ser un ingeniero con formaci\u00f3n integral s\u00f3lida, con capacidad y actitud cr\u00edtica, dotado de esp\u00edritu solidario y de una profunda sensibilidad social; constituy\u00e9ndose en un agente de transformaci\u00f3n, que contribuya al desarrollo de nuestro pa\u00eds con bienestar para la sociedad. Preparado como un Profesional con capacidad para aplicar los fundamentos b\u00e1sicos de ciencia, ingenier\u00eda y tecnolog\u00eda, que sirven de\u00a0 estructuraci\u00f3n de la ingenier\u00eda qu\u00edmica, en el dise\u00f1o, construcci\u00f3n, operaci\u00f3n, control y administraci\u00f3n de plantas industriales donde se opere la transformaci\u00f3n f\u00edsica, qu\u00edmica y\/o bioqu\u00edmica de materias primas para la obtenci\u00f3n de productos y servicios \u00fatiles, que la sociedad requiere; utilizando razonablemente como suministro agua y energ\u00eda y respetando la normativa de seguridad e higiene industrial, de salud ocupacional y legislaci\u00f3n vigente para la protecci\u00f3n del medio ambiente, todo de manera econ\u00f3mica y encaminada al desarrollo sostenible, con responsabilidad social.<\/p>\n<p>Un ingeniero qu\u00edmico que:<\/p>\n<ol>\n<li>Supervisa la construcci\u00f3n y operaci\u00f3n de plantas a gran escala, para convertir la s\u00edntesis de laboratorio en un proceso industrial, con capacidad de producir un material, en cantidad industrial que satisfaga las necesidades del mercado, a partir de materia primas de origen animal, vegetal o mineral, y subproductos de otros procesos, respetando la normatividad, legislaci\u00f3n y regulaciones sociales pertinentes.<\/li>\n<li>Coordina la actividad de equipos interdisciplinarios de trabajo, involucrados en el funcionamiento de la planta, para mantener el proceso productivo en operaci\u00f3n con m\u00e1xima eficiencia y\/o ejecutar las modificaciones seg\u00fan sean necesarias, teniendo en consideraci\u00f3n normas de seguridad, salud ocupacional y de medio ambiente.<\/li>\n<li>Gestiona tareas propias del \u00e1rea de investigaci\u00f3n desarrollo e innovaci\u00f3n para desarrollar nuevos procesos y productos y\/o modificar los ya existentes para hacerlos m\u00e1s eficientes, garantizando el desarrollo sostenible de nuestra sociedad y la protecci\u00f3n del medio ambiente.<\/li>\n<li>Supervisa la asistencia t\u00e9cnica de: estudios de factibilidad, producci\u00f3n de bienes, innovaci\u00f3n y desarrollo de procesos y de transferencia tecnol\u00f3gica, requerida por empresas del sector industrial, con responsabilidad y honestidad<\/li>\n<li>Dirige procesos productivos, aceptando y procediendo de acuerdo a los principios \u00e9ticos que norma la pr\u00e1ctica de su profesi\u00f3n, respetando valores y regulaciones sociales que garanticen su bienestar como persona y ser social.<\/li>\n<\/ol>\n","protected":false},"excerpt":{"rendered":"<p>El agustino, egresado de la Escuela Profesional de Ingenier\u00eda Qu\u00edmica debe ser un ingeniero con formaci\u00f3n integral s\u00f3lida, con capacidad y actitud cr\u00edtica, dotado de esp\u00edritu solidario y de una profunda sensibilidad social; constituy\u00e9ndose en un agente de transformaci\u00f3n, que contribuya al desarrollo de nuestro pa\u00eds con bienestar para la sociedad. Preparado como un Profesional [&hellip;]<\/p>\n","protected":false},"author":1,"featured_media":1038,"parent":0,"menu_order":0,"comment_status":"closed","ping_status":"closed","template":"","meta":{"_acf_changed":false,"footnotes":""},"class_list":["post-197","page","type-page","status-publish","has-post-thumbnail","hentry"],"acf":[],"_links":{"self":[{"href":"https:\/\/fip.unsa.edu.pe\/ingquimica\/wp-json\/wp\/v2\/pages\/197","targetHints":{"allow":["GET"]}}],"collection":[{"href":"https:\/\/fip.unsa.edu.pe\/ingquimica\/wp-json\/wp\/v2\/pages"}],"about":[{"href":"https:\/\/fip.unsa.edu.pe\/ingquimica\/wp-json\/wp\/v2\/types\/page"}],"author":[{"embeddable":true,"href":"https:\/\/fip.unsa.edu.pe\/ingquimica\/wp-json\/wp\/v2\/users\/1"}],"replies":[{"embeddable":true,"href":"https:\/\/fip.unsa.edu.pe\/ingquimica\/wp-json\/wp\/v2\/comments?post=197"}],"version-history":[{"count":6,"href":"https:\/\/fip.unsa.edu.pe\/ingquimica\/wp-json\/wp\/v2\/pages\/197\/revisions"}],"predecessor-version":[{"id":1657,"href":"https:\/\/fip.unsa.edu.pe\/ingquimica\/wp-json\/wp\/v2\/pages\/197\/revisions\/1657"}],"wp:featuredmedia":[{"embeddable":true,"href":"https:\/\/fip.unsa.edu.pe\/ingquimica\/wp-json\/wp\/v2\/media\/1038"}],"wp:attachment":[{"href":"https:\/\/fip.unsa.edu.pe\/ingquimica\/wp-json\/wp\/v2\/media?parent=197"}],"curies":[{"name":"wp","href":"https:\/\/api.w.org\/{rel}","templated":true}]}}