{"id":23,"date":"2017-06-09T14:26:09","date_gmt":"2017-06-09T14:26:09","guid":{"rendered":"http:\/\/www2.unsa.edu.pe\/fip\/ingquimica\/?page_id=23"},"modified":"2018-05-22T11:36:55","modified_gmt":"2018-05-22T16:36:55","slug":"resena-historica","status":"publish","type":"page","link":"https:\/\/fip.unsa.edu.pe\/ingquimica\/resena-historica\/","title":{"rendered":"Rese\u00f1a Hist\u00f3rica"},"content":{"rendered":"<p>Los or\u00edgenes de la Escuela Profesional de Ingenier\u00eda Qu\u00edmica se remontan a mayo de 1958, fecha en la cual sucede la transformaci\u00f3n de la secci\u00f3n de Qu\u00edmica Anal\u00edtica, perteneciente a la Facultad de Ciencia, en la Escuela Instituto de Qu\u00edmica Industrial. Esto llev\u00f3 a que el 24 de noviembre de 1961 en sesi\u00f3n del Consejo de Facultad de Ciencias se cree la carrera de Ingenier\u00eda Qu\u00edmica con su respectivo plan de estudios.<\/p>\n<div class=\"mceTemp\"><span style=\"line-height: 1.5;\">Cabe resaltar que en esta \u00e9poca era requisito el cursar seis a\u00f1os de estudio para obtener el t\u00edtulo profesional. Y es as\u00ed que en el a\u00f1o de 1969, bajo Ley Universitaria 17437, cambia sustancialmente la estructura de la Universidad Peruana, que acorta a cinco los a\u00f1os requeridos para estudiar la carrera de Ingenier\u00eda Qu\u00edmica; dos a\u00f1os de estudios generales y tres a\u00f1os de estudios de especializaci\u00f3n.<\/span><\/div>\n<p>En el a\u00f1o de 1970, el plan de estudio de la Escuela Profesional de Ingenier\u00eda Qu\u00edmica es reajustado, considerando en su nueva curr\u00edcula \u00e1reas menores de Ingenier\u00eda Metal\u00fargica e Ingenier\u00eda Industrial.<\/p>\n<p>La d\u00e9cada de los setenta fue un a\u00f1o marcado por la turbulencia vivida por la comunidad universitaria agustina. Asimismo, el a\u00f1o de 1977 la carrera de Ingenier\u00eda Qu\u00edmica es ubicada en el Programa Acad\u00e9mico de Matem\u00e1ticas, Ciencias F\u00edsicas e Ingenier\u00edas; pero al a\u00f1o siguiente, la CONUP restablece la Direcci\u00f3n del Programa Acad\u00e9mico de Qu\u00edmica, donde es incluida la carrera de Ingenier\u00eda Qu\u00edmica.<\/p>\n<p>Con la promulgaci\u00f3n de la Ley 23733 en el a\u00f1o 1984 se restablece el sistema facultativo en la universidad peruana, cre\u00e1ndose as\u00ed la Facultad de Ingenier\u00eda de Procesos, la cual estuvo conformada en sus inicios por las escuelas profesionales de Ingenier\u00eda Qu\u00edmica e Ingenier\u00eda Metal\u00fargica. A partir de esta fecha transcurren diez periodos de gesti\u00f3n en la Escuela Profesional de Ingenier\u00eda Qu\u00edmica hasta la promulgaci\u00f3n de la actual Ley universitaria 30220.<\/p>\n<p>En la actualidad la Escuela Profesional de Ingenier\u00eda Qu\u00edmica posee m\u00e1s de mil estudiantes matriculados, quienes vienen recibiendo su formaci\u00f3n acad\u00e9mica y profesional de veintis\u00e9is docentes adscritos al Departamento de Ingenier\u00eda Qu\u00edmica y alrededor de doce docentes externos, los cuales pertenecen a los Departamentos Acad\u00e9micos de F\u00edsica, Matem\u00e1tica y Qu\u00edmica<\/p>\n","protected":false},"excerpt":{"rendered":"<p>Los or\u00edgenes de la Escuela Profesional de Ingenier\u00eda Qu\u00edmica se remontan a mayo de 1958, fecha en la cual sucede la transformaci\u00f3n de la secci\u00f3n de Qu\u00edmica Anal\u00edtica, perteneciente a la Facultad de Ciencia, en la Escuela Instituto de Qu\u00edmica Industrial. Esto llev\u00f3 a que el 24 de noviembre de 1961 en sesi\u00f3n del Consejo [&hellip;]<\/p>\n","protected":false},"author":1,"featured_media":1114,"parent":0,"menu_order":0,"comment_status":"closed","ping_status":"closed","template":"","meta":{"_acf_changed":false,"footnotes":""},"class_list":["post-23","page","type-page","status-publish","has-post-thumbnail","hentry"],"acf":[],"_links":{"self":[{"href":"https:\/\/fip.unsa.edu.pe\/ingquimica\/wp-json\/wp\/v2\/pages\/23","targetHints":{"allow":["GET"]}}],"collection":[{"href":"https:\/\/fip.unsa.edu.pe\/ingquimica\/wp-json\/wp\/v2\/pages"}],"about":[{"href":"https:\/\/fip.unsa.edu.pe\/ingquimica\/wp-json\/wp\/v2\/types\/page"}],"author":[{"embeddable":true,"href":"https:\/\/fip.unsa.edu.pe\/ingquimica\/wp-json\/wp\/v2\/users\/1"}],"replies":[{"embeddable":true,"href":"https:\/\/fip.unsa.edu.pe\/ingquimica\/wp-json\/wp\/v2\/comments?post=23"}],"version-history":[{"count":13,"href":"https:\/\/fip.unsa.edu.pe\/ingquimica\/wp-json\/wp\/v2\/pages\/23\/revisions"}],"predecessor-version":[{"id":1601,"href":"https:\/\/fip.unsa.edu.pe\/ingquimica\/wp-json\/wp\/v2\/pages\/23\/revisions\/1601"}],"wp:featuredmedia":[{"embeddable":true,"href":"https:\/\/fip.unsa.edu.pe\/ingquimica\/wp-json\/wp\/v2\/media\/1114"}],"wp:attachment":[{"href":"https:\/\/fip.unsa.edu.pe\/ingquimica\/wp-json\/wp\/v2\/media?parent=23"}],"curies":[{"name":"wp","href":"https:\/\/api.w.org\/{rel}","templated":true}]}}